{"id":15,"date":"2021-07-03T20:49:27","date_gmt":"2021-07-03T20:49:27","guid":{"rendered":"https:\/\/legatto.space\/?page_id=15"},"modified":"2026-04-22T23:36:52","modified_gmt":"2026-04-22T23:36:52","slug":"inicio","status":"publish","type":"page","link":"https:\/\/legatto.space\/en\/","title":{"rendered":"Home"},"content":{"rendered":"<h2>\n\t\t\tMusical Consciousness\n\t\t<\/h2>\n\t\t\t<p>New World Music Education<\/p>","protected":false},"excerpt":{"rendered":"<p>Musical Awareness New World Music Education<\/p>","protected":false},"author":1,"featured_media":1042,"parent":0,"menu_order":0,"comment_status":"closed","ping_status":"closed","template":"","meta":{"footnotes":""},"class_list":["post-15","page","type-page","status-publish","has-post-thumbnail","hentry"],"yoast_head":"<!-- This site is optimized with the Yoast SEO plugin v27.5 - https:\/\/yoast.com\/product\/yoast-seo-wordpress\/ -->\n<title>Legatto - Escuela de M\u00fasica en M\u00e9xico - P\u00e1gina de Inicio<\/title>\n<meta name=\"description\" content=\"Legatto es una escuela de m\u00fasica y geometr\u00eda sagrada. Nuestra propuesta educativa se basa en la industria musical del nuevo mundo.\" \/>\n<meta name=\"robots\" content=\"index, follow, max-snippet:-1, max-image-preview:large, max-video-preview:-1\" \/>\n<link rel=\"canonical\" href=\"https:\/\/legatto.space\/en\/\" \/>\n<meta property=\"og:locale\" content=\"en_US\" \/>\n<meta property=\"og:type\" content=\"article\" \/>\n<meta property=\"og:title\" content=\"Legatto - Escuela de M\u00fasica en M\u00e9xico - P\u00e1gina de Inicio\" \/>\n<meta property=\"og:description\" content=\"Legatto es una escuela de m\u00fasica y geometr\u00eda sagrada. Nuestra propuesta educativa se basa en la industria musical del nuevo mundo.\" \/>\n<meta property=\"og:url\" content=\"https:\/\/legatto.space\/en\/\" \/>\n<meta property=\"og:site_name\" content=\"Legatto\" \/>\n<meta property=\"article:modified_time\" content=\"2026-04-22T23:36:52+00:00\" \/>\n<meta property=\"og:image\" content=\"https:\/\/legatto.space\/wp-content\/uploads\/2022\/08\/Legatto-Cover-2.jpg\" \/>\n\t<meta property=\"og:image:width\" content=\"1920\" \/>\n\t<meta property=\"og:image:height\" content=\"1280\" \/>\n\t<meta property=\"og:image:type\" content=\"image\/jpeg\" \/>\n<meta name=\"twitter:card\" content=\"summary_large_image\" \/>\n<meta name=\"twitter:label1\" content=\"Est. reading time\" \/>\n\t<meta name=\"twitter:data1\" content=\"1 minute\" \/>\n<script type=\"application\/ld+json\" class=\"yoast-schema-graph\">{\"@context\":\"https:\\\/\\\/schema.org\",\"@graph\":[{\"@type\":\"WebPage\",\"@id\":\"https:\\\/\\\/legatto.space\\\/\",\"url\":\"https:\\\/\\\/legatto.space\\\/\",\"name\":\"Legatto - Escuela de M\u00fasica en M\u00e9xico - P\u00e1gina de Inicio\",\"isPartOf\":{\"@id\":\"https:\\\/\\\/legatto.space\\\/#website\"},\"primaryImageOfPage\":{\"@id\":\"https:\\\/\\\/legatto.space\\\/#primaryimage\"},\"image\":{\"@id\":\"https:\\\/\\\/legatto.space\\\/#primaryimage\"},\"thumbnailUrl\":\"https:\\\/\\\/legatto.space\\\/wp-content\\\/uploads\\\/2022\\\/08\\\/Legatto-Cover-2.jpg\",\"datePublished\":\"2021-07-03T20:49:27+00:00\",\"dateModified\":\"2026-04-22T23:36:52+00:00\",\"description\":\"Legatto es una escuela de m\u00fasica y geometr\u00eda sagrada. Nuestra propuesta educativa se basa en la industria musical del nuevo mundo.\",\"breadcrumb\":{\"@id\":\"https:\\\/\\\/legatto.space\\\/#breadcrumb\"},\"inLanguage\":\"en-US\",\"potentialAction\":[{\"@type\":\"ReadAction\",\"target\":[\"https:\\\/\\\/legatto.space\\\/\"]}]},{\"@type\":\"ImageObject\",\"inLanguage\":\"en-US\",\"@id\":\"https:\\\/\\\/legatto.space\\\/#primaryimage\",\"url\":\"https:\\\/\\\/legatto.space\\\/wp-content\\\/uploads\\\/2022\\\/08\\\/Legatto-Cover-2.jpg\",\"contentUrl\":\"https:\\\/\\\/legatto.space\\\/wp-content\\\/uploads\\\/2022\\\/08\\\/Legatto-Cover-2.jpg\",\"width\":1920,\"height\":1280},{\"@type\":\"BreadcrumbList\",\"@id\":\"https:\\\/\\\/legatto.space\\\/#breadcrumb\",\"itemListElement\":[{\"@type\":\"ListItem\",\"position\":1,\"name\":\"Portada\",\"item\":\"https:\\\/\\\/legatto.space\\\/\"},{\"@type\":\"ListItem\",\"position\":2,\"name\":\"Inicio\"}]},{\"@type\":\"WebSite\",\"@id\":\"https:\\\/\\\/legatto.space\\\/#website\",\"url\":\"https:\\\/\\\/legatto.space\\\/\",\"name\":\"Legatto\",\"description\":\"Consciencia Musical\",\"publisher\":{\"@id\":\"https:\\\/\\\/legatto.space\\\/#organization\"},\"potentialAction\":[{\"@type\":\"SearchAction\",\"target\":{\"@type\":\"EntryPoint\",\"urlTemplate\":\"https:\\\/\\\/legatto.space\\\/?s={search_term_string}\"},\"query-input\":{\"@type\":\"PropertyValueSpecification\",\"valueRequired\":true,\"valueName\":\"search_term_string\"}}],\"inLanguage\":\"en-US\"},{\"@type\":\"Organization\",\"@id\":\"https:\\\/\\\/legatto.space\\\/#organization\",\"name\":\"Legatto Institute\",\"url\":\"https:\\\/\\\/legatto.space\\\/\",\"logo\":{\"@type\":\"ImageObject\",\"inLanguage\":\"en-US\",\"@id\":\"https:\\\/\\\/legatto.space\\\/#\\\/schema\\\/logo\\\/image\\\/\",\"url\":\"https:\\\/\\\/legatto.space\\\/wp-content\\\/uploads\\\/2021\\\/07\\\/Legatto-Logo-Final.png\",\"contentUrl\":\"https:\\\/\\\/legatto.space\\\/wp-content\\\/uploads\\\/2021\\\/07\\\/Legatto-Logo-Final.png\",\"width\":1424,\"height\":508,\"caption\":\"Legatto Institute\"},\"image\":{\"@id\":\"https:\\\/\\\/legatto.space\\\/#\\\/schema\\\/logo\\\/image\\\/\"}}]}<\/script>\n<!-- \/ Yoast SEO plugin. -->","yoast_head_json":{"title":"Legatto - Music School in Mexico - Home Page","description":"Legatto is a school of music and sacred geometry. Our educational approach is based on the New World music industry.","robots":{"index":"index","follow":"follow","max-snippet":"max-snippet:-1","max-image-preview":"max-image-preview:large","max-video-preview":"max-video-preview:-1"},"canonical":"https:\/\/legatto.space\/en\/","og_locale":"en_US","og_type":"article","og_title":"Legatto - Escuela de M\u00fasica en M\u00e9xico - P\u00e1gina de Inicio","og_description":"Legatto es una escuela de m\u00fasica y geometr\u00eda sagrada. Nuestra propuesta educativa se basa en la industria musical del nuevo mundo.","og_url":"https:\/\/legatto.space\/en\/","og_site_name":"Legatto","article_modified_time":"2026-04-22T23:36:52+00:00","og_image":[{"width":1920,"height":1280,"url":"https:\/\/legatto.space\/wp-content\/uploads\/2022\/08\/Legatto-Cover-2.jpg","type":"image\/jpeg"}],"twitter_card":"summary_large_image","twitter_misc":{"Est. reading time":"1 minute"},"schema":{"@context":"https:\/\/schema.org","@graph":[{"@type":"WebPage","@id":"https:\/\/legatto.space\/","url":"https:\/\/legatto.space\/","name":"Legatto - Music School in Mexico - Home Page","isPartOf":{"@id":"https:\/\/legatto.space\/#website"},"primaryImageOfPage":{"@id":"https:\/\/legatto.space\/#primaryimage"},"image":{"@id":"https:\/\/legatto.space\/#primaryimage"},"thumbnailUrl":"https:\/\/legatto.space\/wp-content\/uploads\/2022\/08\/Legatto-Cover-2.jpg","datePublished":"2021-07-03T20:49:27+00:00","dateModified":"2026-04-22T23:36:52+00:00","description":"Legatto is a school of music and sacred geometry. Our educational approach is based on the New World music industry.","breadcrumb":{"@id":"https:\/\/legatto.space\/#breadcrumb"},"inLanguage":"en-US","potentialAction":[{"@type":"ReadAction","target":["https:\/\/legatto.space\/"]}]},{"@type":"ImageObject","inLanguage":"en-US","@id":"https:\/\/legatto.space\/#primaryimage","url":"https:\/\/legatto.space\/wp-content\/uploads\/2022\/08\/Legatto-Cover-2.jpg","contentUrl":"https:\/\/legatto.space\/wp-content\/uploads\/2022\/08\/Legatto-Cover-2.jpg","width":1920,"height":1280},{"@type":"BreadcrumbList","@id":"https:\/\/legatto.space\/#breadcrumb","itemListElement":[{"@type":"ListItem","position":1,"name":"Portada","item":"https:\/\/legatto.space\/"},{"@type":"ListItem","position":2,"name":"Inicio"}]},{"@type":"WebSite","@id":"https:\/\/legatto.space\/#website","url":"https:\/\/legatto.space\/","name":"Legatto","description":"Musical Consciousness","publisher":{"@id":"https:\/\/legatto.space\/#organization"},"potentialAction":[{"@type":"SearchAction","target":{"@type":"EntryPoint","urlTemplate":"https:\/\/legatto.space\/?s={search_term_string}"},"query-input":{"@type":"PropertyValueSpecification","valueRequired":true,"valueName":"search_term_string"}}],"inLanguage":"en-US"},{"@type":"Organization","@id":"https:\/\/legatto.space\/#organization","name":"Legatto Institute","url":"https:\/\/legatto.space\/","logo":{"@type":"ImageObject","inLanguage":"en-US","@id":"https:\/\/legatto.space\/#\/schema\/logo\/image\/","url":"https:\/\/legatto.space\/wp-content\/uploads\/2021\/07\/Legatto-Logo-Final.png","contentUrl":"https:\/\/legatto.space\/wp-content\/uploads\/2021\/07\/Legatto-Logo-Final.png","width":1424,"height":508,"caption":"Legatto Institute"},"image":{"@id":"https:\/\/legatto.space\/#\/schema\/logo\/image\/"}}]}},"jetpack_sharing_enabled":true,"_links":{"self":[{"href":"https:\/\/legatto.space\/en\/wp-json\/wp\/v2\/pages\/15","targetHints":{"allow":["GET"]}}],"collection":[{"href":"https:\/\/legatto.space\/en\/wp-json\/wp\/v2\/pages"}],"about":[{"href":"https:\/\/legatto.space\/en\/wp-json\/wp\/v2\/types\/page"}],"author":[{"embeddable":true,"href":"https:\/\/legatto.space\/en\/wp-json\/wp\/v2\/users\/1"}],"replies":[{"embeddable":true,"href":"https:\/\/legatto.space\/en\/wp-json\/wp\/v2\/comments?post=15"}],"version-history":[{"count":11,"href":"https:\/\/legatto.space\/en\/wp-json\/wp\/v2\/pages\/15\/revisions"}],"predecessor-version":[{"id":1910,"href":"https:\/\/legatto.space\/en\/wp-json\/wp\/v2\/pages\/15\/revisions\/1910"}],"wp:featuredmedia":[{"embeddable":true,"href":"https:\/\/legatto.space\/en\/wp-json\/wp\/v2\/media\/1042"}],"wp:attachment":[{"href":"https:\/\/legatto.space\/en\/wp-json\/wp\/v2\/media?parent=15"}],"curies":[{"name":"wp","href":"https:\/\/api.w.org\/{rel}","templated":true}]}}