{"id":1701,"date":"2025-12-30T00:33:33","date_gmt":"2025-12-30T00:33:33","guid":{"rendered":"https:\/\/legatto.space\/?page_id=1701"},"modified":"2026-02-05T23:54:46","modified_gmt":"2026-02-05T23:54:46","slug":"scale-studio","status":"publish","type":"page","link":"https:\/\/legatto.space\/en\/scale-studio\/","title":{"rendered":"Scale Studio"},"content":{"rendered":"<iframe \n    src=\"https:\/\/legatto.space\/wp-content\/uploads\/APPS\/Scale-Studio.html\" \n    title=\"Compass &amp; Ruler\">\n<\/iframe>\n\t<h1 data-path-to-node=\"2\">User Guide: Scale Studio<\/h1>\n<b data-path-to-node=\"3\" data-index-in-node=\"0\">Scale Studio<\/b> It is an educational and interactive tool designed to explore musical scales, from the most common to the most exotic. It not only functions as a visual dictionary, but also <b data-path-to-node=\"3\" data-index-in-node=\"198\">allows you to connect your own MIDI keyboard<\/b> to play and listen to the scales in real time using the web&#039;s audio engine.\n<h3 data-path-to-node=\"4\">1. What is this tool used for?<\/h3>\nThis application resolves theoretical doubts and enhances instrumental practice:\n<ul data-path-to-node=\"6\">\n<li>\n<b data-path-to-node=\"6,0,0\" data-index-in-node=\"0\">Dictionary of Scales:<\/b> Visualiza al instante qu\u00e9 notas tiene la escala &#8220;Mixolidia b6&#8221;, la &#8220;Hirajoshi&#8221; o cualquier modo griego.\n<\/li>\n<li>\n<b data-path-to-node=\"6,1,0\" data-index-in-node=\"0\">Practice with Real MIDI:<\/b> Connect your physical keyboard to practice fingering exotic scales without the need to install complex software (DAWs).\n<\/li>\n<li>\n<b data-path-to-node=\"6,2,0\" data-index-in-node=\"0\">Auditory Training:<\/b> Familiarize yourself with the sound of harmonic systems from other cultures (such as the Arabic Double Harmonica) by playing them yourself.\n<\/li>\n<\/ul>\n<hr data-path-to-node=\"7\" \/>\n<h3 data-path-to-node=\"8\">2. How to use the application (Step by step)<\/h3>\nThe interface is intuitive and controlled from the side panel, automatically integrating with your hardware.\n<h4 data-path-to-node=\"10\"><b data-path-to-node=\"10\" data-index-in-node=\"0\">Step 1: Connect your MIDI Controller (New)<\/b><\/h4>\nBefore you begin (or at any time), connect your keyboard or MIDI controller to your computer via USB.\n<ul data-path-to-node=\"12\">\n<li>\nThe application will automatically detect MIDI input (thanks to WebMIDI technology).\n<\/li>\n<li>\n<b data-path-to-node=\"12,1,0\" data-index-in-node=\"0\">Try it!<\/b> Touch a key on your physical piano; you will see the corresponding key light up on the screen and play through the web.\n<\/li>\n<\/ul>\n<h4 data-path-to-node=\"13\"><b data-path-to-node=\"13\" data-index-in-node=\"0\">Step 2: Define the Key (Root Note)<\/b><\/h4>\nIn the section <b data-path-to-node=\"14\" data-index-in-node=\"14\">&#8220;Root Note&#8221;<\/b>, Select the root (tonic) note. If you change the tonic, your MIDI keyboard will still respond, but the display will show you the new, correct notes for that key.\n<h4 data-path-to-node=\"15\"><b data-path-to-node=\"15\" data-index-in-node=\"0\">Step 3: Choose the Scale System<\/b><\/h4>\nSelect the family of scales you wish to study:\n<ul data-path-to-node=\"17\">\n<li>\n<b data-path-to-node=\"17,0,0\" data-index-in-node=\"0\">Greek Modes:<\/b> Ionic, Doric, Aeolian, etc.\n<\/li>\n<li>\n<b data-path-to-node=\"17,1,0\" data-index-in-node=\"0\">Melodic and Harmonic Minor:<\/b> With all its complex modes (e.g. <i data-path-to-node=\"17,1,0\" data-index-in-node=\"62\">Lydian Dominant<\/i>).\n<\/li>\n<li>\n<b data-path-to-node=\"17,2,0\" data-index-in-node=\"0\">Scales of the World:<\/b> <i data-path-to-node=\"17,2,0\" data-index-in-node=\"19\">Double Harmonica<\/i> (Arab), <i data-path-to-node=\"17,2,0\" data-index-in-node=\"43\">Hirajoshi<\/i> (Japanese), <i data-path-to-node=\"17,2,0\" data-index-in-node=\"65\">Whole Tone<\/i>.\n<\/li>\n<li>\n<b data-path-to-node=\"17,3,0\" data-index-in-node=\"0\">Pentatonic:<\/b> Greater, Lesser, Egyptian, etc.\n<\/li>\n<\/ul>\n<h4 data-path-to-node=\"18\"><b data-path-to-node=\"18\" data-index-in-node=\"0\">Step 4: Visualize and Touch<\/b><\/h4>\nPress <b data-path-to-node=\"19\" data-index-in-node=\"9\">&#8220;Show Scale&#8221;<\/b>.\n<ul data-path-to-node=\"20\">\n<li>\n<b data-path-to-node=\"20,0,0\" data-index-in-node=\"0\">Visual Guide:<\/b> On the screen, only the keys that belong to the scale will light up.\n<\/li>\n<li>\n<b data-path-to-node=\"20,1,0\" data-index-in-node=\"0\">Interpretation:<\/b> Use your MIDI controller to play. The tool will serve as a visual guide: if you play a note that <b data-path-to-node=\"20,1,0\" data-index-in-node=\"116\">No<\/b> If it lights up on the screen, you&#039;ll know you&#039;ve gone off the selected scale.\n<\/li>\n<\/ul>\n<h4 data-path-to-node=\"21\"><b data-path-to-node=\"21\" data-index-in-node=\"0\">Step 5: Customize the Sound<\/b><\/h4>\nAdjust the experience in the bottom panel:\n<ul data-path-to-node=\"23\">\n<li>\n<b data-path-to-node=\"23,0,0\" data-index-in-node=\"0\">Instrument:<\/b> Switch the sound between Piano, Organ, Strings or Synthesizer to get inspired.\n<\/li>\n<li>\n<b data-path-to-node=\"23,1,0\" data-index-in-node=\"0\">Topic and Range:<\/b> Adjust the visual theme (Light\/Dark) and the visible octave range.\n<\/li>\n<\/ul>\n<hr data-path-to-node=\"24\" \/>\n<h3 data-path-to-node=\"25\">3. Practical Use Cases<\/h3>\n<ol start=\"1\" data-path-to-node=\"26\">\n<li>\n<b data-path-to-node=\"26,0,0\" data-index-in-node=\"0\">Improvisation Practice:<\/b> Select a complex scale (e.g. <i data-path-to-node=\"26,0,0\" data-index-in-node=\"63\">Phrygian Dominant<\/i>). Toca con tu teclado MIDI mientras miras la pantalla; las luces te guiar\u00e1n para saber qu\u00e9 teclas son &#8220;v\u00e1lidas&#8221;, ayud\u00e1ndote a memorizar la estructura interv\u00e1lica en tus dedos.\n<\/li>\n<li>\n<b data-path-to-node=\"26,1,0\" data-index-in-node=\"0\">Rapid Composition:<\/b> Looking for a melody with a Japanese feel? Choose the scale <i data-path-to-node=\"26,1,0\" data-index-in-node=\"74\">Hirajoshi<\/i>, Connect your controller and start playing freely. With immediate visual and auditory feedback, you&#039;ll find ideas faster than looking up notes in a book.\n<\/li>\n<\/ol>","protected":false},"excerpt":{"rendered":"<p>Gu\u00eda del Usuario: Scale Studio Scale Studio es una herramienta educativa e interactiva dise\u00f1ada para explorar escalas musicales, desde las m\u00e1s comunes hasta las m\u00e1s ex\u00f3ticas. No solo funciona como un diccionario visual, sino que permite conectar tu propio teclado MIDI para tocar y escuchar las escalas en tiempo real usando el motor de audio&hellip;<\/p>","protected":false},"author":1,"featured_media":0,"parent":0,"menu_order":0,"comment_status":"closed","ping_status":"closed","template":"","meta":{"footnotes":""},"class_list":["post-1701","page","type-page","status-publish","hentry"],"yoast_head":"<!-- This site is optimized with the Yoast SEO plugin v27.5 - https:\/\/yoast.com\/product\/yoast-seo-wordpress\/ -->\n<title>Scale Studio - Legatto<\/title>\n<meta name=\"description\" content=\"Herramienta online gratuita para visualizar escalas musicales, con teclado virtual y selector de instrumentos.\" \/>\n<meta name=\"robots\" content=\"index, follow, max-snippet:-1, max-image-preview:large, max-video-preview:-1\" \/>\n<link rel=\"canonical\" href=\"https:\/\/legatto.space\/en\/scale-studio\/\" \/>\n<meta property=\"og:locale\" content=\"en_US\" \/>\n<meta property=\"og:type\" content=\"article\" \/>\n<meta property=\"og:title\" content=\"Scale Studio - Legatto\" \/>\n<meta property=\"og:description\" content=\"Herramienta online gratuita para visualizar escalas musicales, con teclado virtual y selector de instrumentos.\" \/>\n<meta property=\"og:url\" content=\"https:\/\/legatto.space\/en\/scale-studio\/\" \/>\n<meta property=\"og:site_name\" content=\"Legatto\" \/>\n<meta property=\"article:modified_time\" content=\"2026-02-05T23:54:46+00:00\" \/>\n<meta name=\"twitter:card\" content=\"summary_large_image\" \/>\n<meta name=\"twitter:label1\" content=\"Est. reading time\" \/>\n\t<meta name=\"twitter:data1\" content=\"1 minute\" \/>\n<script type=\"application\/ld+json\" class=\"yoast-schema-graph\">{\"@context\":\"https:\\\/\\\/schema.org\",\"@graph\":[{\"@type\":\"WebPage\",\"@id\":\"https:\\\/\\\/legatto.space\\\/scale-studio\\\/\",\"url\":\"https:\\\/\\\/legatto.space\\\/scale-studio\\\/\",\"name\":\"Scale Studio - Legatto\",\"isPartOf\":{\"@id\":\"https:\\\/\\\/legatto.space\\\/#website\"},\"datePublished\":\"2025-12-30T00:33:33+00:00\",\"dateModified\":\"2026-02-05T23:54:46+00:00\",\"description\":\"Herramienta online gratuita para visualizar escalas musicales, con teclado virtual y selector de instrumentos.\",\"breadcrumb\":{\"@id\":\"https:\\\/\\\/legatto.space\\\/scale-studio\\\/#breadcrumb\"},\"inLanguage\":\"en-US\",\"potentialAction\":[{\"@type\":\"ReadAction\",\"target\":[\"https:\\\/\\\/legatto.space\\\/scale-studio\\\/\"]}]},{\"@type\":\"BreadcrumbList\",\"@id\":\"https:\\\/\\\/legatto.space\\\/scale-studio\\\/#breadcrumb\",\"itemListElement\":[{\"@type\":\"ListItem\",\"position\":1,\"name\":\"Portada\",\"item\":\"https:\\\/\\\/legatto.space\\\/\"},{\"@type\":\"ListItem\",\"position\":2,\"name\":\"Scale Studio\"}]},{\"@type\":\"WebSite\",\"@id\":\"https:\\\/\\\/legatto.space\\\/#website\",\"url\":\"https:\\\/\\\/legatto.space\\\/\",\"name\":\"Legatto\",\"description\":\"Consciencia Musical\",\"publisher\":{\"@id\":\"https:\\\/\\\/legatto.space\\\/#organization\"},\"potentialAction\":[{\"@type\":\"SearchAction\",\"target\":{\"@type\":\"EntryPoint\",\"urlTemplate\":\"https:\\\/\\\/legatto.space\\\/?s={search_term_string}\"},\"query-input\":{\"@type\":\"PropertyValueSpecification\",\"valueRequired\":true,\"valueName\":\"search_term_string\"}}],\"inLanguage\":\"en-US\"},{\"@type\":\"Organization\",\"@id\":\"https:\\\/\\\/legatto.space\\\/#organization\",\"name\":\"Legatto Institute\",\"url\":\"https:\\\/\\\/legatto.space\\\/\",\"logo\":{\"@type\":\"ImageObject\",\"inLanguage\":\"en-US\",\"@id\":\"https:\\\/\\\/legatto.space\\\/#\\\/schema\\\/logo\\\/image\\\/\",\"url\":\"https:\\\/\\\/legatto.space\\\/wp-content\\\/uploads\\\/2021\\\/07\\\/Legatto-Logo-Final.png\",\"contentUrl\":\"https:\\\/\\\/legatto.space\\\/wp-content\\\/uploads\\\/2021\\\/07\\\/Legatto-Logo-Final.png\",\"width\":1424,\"height\":508,\"caption\":\"Legatto Institute\"},\"image\":{\"@id\":\"https:\\\/\\\/legatto.space\\\/#\\\/schema\\\/logo\\\/image\\\/\"}}]}<\/script>\n<!-- \/ Yoast SEO plugin. -->","yoast_head_json":{"title":"Scale Studio - Legatto","description":"Herramienta online gratuita para visualizar escalas musicales, con teclado virtual y selector de instrumentos.","robots":{"index":"index","follow":"follow","max-snippet":"max-snippet:-1","max-image-preview":"max-image-preview:large","max-video-preview":"max-video-preview:-1"},"canonical":"https:\/\/legatto.space\/en\/scale-studio\/","og_locale":"en_US","og_type":"article","og_title":"Scale Studio - Legatto","og_description":"Herramienta online gratuita para visualizar escalas musicales, con teclado virtual y selector de instrumentos.","og_url":"https:\/\/legatto.space\/en\/scale-studio\/","og_site_name":"Legatto","article_modified_time":"2026-02-05T23:54:46+00:00","twitter_card":"summary_large_image","twitter_misc":{"Est. reading time":"1 minute"},"schema":{"@context":"https:\/\/schema.org","@graph":[{"@type":"WebPage","@id":"https:\/\/legatto.space\/scale-studio\/","url":"https:\/\/legatto.space\/scale-studio\/","name":"Scale Studio - Legatto","isPartOf":{"@id":"https:\/\/legatto.space\/#website"},"datePublished":"2025-12-30T00:33:33+00:00","dateModified":"2026-02-05T23:54:46+00:00","description":"Herramienta online gratuita para visualizar escalas musicales, con teclado virtual y selector de instrumentos.","breadcrumb":{"@id":"https:\/\/legatto.space\/scale-studio\/#breadcrumb"},"inLanguage":"en-US","potentialAction":[{"@type":"ReadAction","target":["https:\/\/legatto.space\/scale-studio\/"]}]},{"@type":"BreadcrumbList","@id":"https:\/\/legatto.space\/scale-studio\/#breadcrumb","itemListElement":[{"@type":"ListItem","position":1,"name":"Portada","item":"https:\/\/legatto.space\/"},{"@type":"ListItem","position":2,"name":"Scale Studio"}]},{"@type":"WebSite","@id":"https:\/\/legatto.space\/#website","url":"https:\/\/legatto.space\/","name":"Legatto","description":"Musical Consciousness","publisher":{"@id":"https:\/\/legatto.space\/#organization"},"potentialAction":[{"@type":"SearchAction","target":{"@type":"EntryPoint","urlTemplate":"https:\/\/legatto.space\/?s={search_term_string}"},"query-input":{"@type":"PropertyValueSpecification","valueRequired":true,"valueName":"search_term_string"}}],"inLanguage":"en-US"},{"@type":"Organization","@id":"https:\/\/legatto.space\/#organization","name":"Legatto Institute","url":"https:\/\/legatto.space\/","logo":{"@type":"ImageObject","inLanguage":"en-US","@id":"https:\/\/legatto.space\/#\/schema\/logo\/image\/","url":"https:\/\/legatto.space\/wp-content\/uploads\/2021\/07\/Legatto-Logo-Final.png","contentUrl":"https:\/\/legatto.space\/wp-content\/uploads\/2021\/07\/Legatto-Logo-Final.png","width":1424,"height":508,"caption":"Legatto Institute"},"image":{"@id":"https:\/\/legatto.space\/#\/schema\/logo\/image\/"}}]}},"jetpack_sharing_enabled":true,"_links":{"self":[{"href":"https:\/\/legatto.space\/en\/wp-json\/wp\/v2\/pages\/1701","targetHints":{"allow":["GET"]}}],"collection":[{"href":"https:\/\/legatto.space\/en\/wp-json\/wp\/v2\/pages"}],"about":[{"href":"https:\/\/legatto.space\/en\/wp-json\/wp\/v2\/types\/page"}],"author":[{"embeddable":true,"href":"https:\/\/legatto.space\/en\/wp-json\/wp\/v2\/users\/1"}],"replies":[{"embeddable":true,"href":"https:\/\/legatto.space\/en\/wp-json\/wp\/v2\/comments?post=1701"}],"version-history":[{"count":11,"href":"https:\/\/legatto.space\/en\/wp-json\/wp\/v2\/pages\/1701\/revisions"}],"predecessor-version":[{"id":1824,"href":"https:\/\/legatto.space\/en\/wp-json\/wp\/v2\/pages\/1701\/revisions\/1824"}],"wp:attachment":[{"href":"https:\/\/legatto.space\/en\/wp-json\/wp\/v2\/media?parent=1701"}],"curies":[{"name":"wp","href":"https:\/\/api.w.org\/{rel}","templated":true}]}}