{"id":1734,"date":"2026-01-04T04:58:18","date_gmt":"2026-01-04T04:58:18","guid":{"rendered":"https:\/\/legatto.space\/?page_id=1734"},"modified":"2026-02-06T00:10:30","modified_gmt":"2026-02-06T00:10:30","slug":"poly-metronome","status":"publish","type":"page","link":"https:\/\/legatto.space\/en\/poly-metronome\/","title":{"rendered":"Poly-Metronome"},"content":{"rendered":"<iframe \n    src=\"https:\/\/legatto.space\/wp-content\/uploads\/APPS\/Poly-Metronome.html\" \n    title=\"Compass &amp; Ruler\">\n<\/iframe>\n\t<h1>Poly-Metronome: Polyrhythmic Coherence Engine and Visualizer<\/h1>\n<p>Master complex rhythms with this free, interactive Poly-Rhythmic Metronome. Poly-Metronome is a professional practice tool designed for drummers, pianists, composers, and music students. Unlike standard metronomes, this app lets you overlay multiple rhythmic cycles simultaneously, helping you visualize and hear how different measures intersect.<\/p>\n<strong><br \/>\nMain features:<\/strong>\n<p>Visual polyrhythms: Observe how ratios such as 3:4, 5:4, or 7:11 interact through clear geometric visualizations.<\/p>\n<p>Multi-track control: Customize up to three independent rhythm axes (left, right and third axis).<\/p>\n<p>Customizable sounds: Choose from wood, metal, click or maraca sounds for each track and train your ear.<\/p>\n<p>Pitch control: Adjust the frequency (Hz) of each click to easily distinguish between rhythms.<\/p>\n<p>Compatible with mobile devices and computers: Fully adaptable design that works on any device, perfect for the practice room or studio.<\/p>\n<strong><br \/>\nHow to use:<\/strong>\n<p>Set your BPM: Use the master tempo slider to adjust the tempo speed.<\/p>\n<p>Choose your ratios: Define the number of pulses for the left and right axes (for example, set the left to 3 and the right to 2 for a standard 3:2 polyrhythm).<\/p>\n<p>Customize: Adjust the volume, mute specific tracks, or change the sound type according to your preferences.<\/p>\n<p>A\u00f1ade complejidad: Activa el &#8220;Tercer eje&#8221; para practicar ritmos trinarios avanzados.<\/p>\n<p>Pulsa &#8220;Reproducir&#8221;: Escucha el &#8220;1&#8221; donde se alinean todos los pulsos y comienza tu pr\u00e1ctica.<\/p>\n<strong><br \/>\nWho is this for?<\/strong>\n<p>Drummers who practice limb independence and syncopation.<\/p>\n<p>Music theory students studying complex time signatures and proportions.<\/p>\n<p>Composers who seek to generate unique rhythmic patterns and ideas.<\/p>","protected":false},"excerpt":{"rendered":"<p>Poly-Metronome: Motor y Visualizador de Coherencia Polirr\u00edtmica Domina ritmos complejos con este Metr\u00f3nomo Polirr\u00edtmico interactivo y gratuito. Poly-Metronome es una herramienta de pr\u00e1ctica profesional dise\u00f1ada para bateristas, pianistas, compositores y estudiantes de m\u00fasica. A diferencia de los metr\u00f3nomos est\u00e1ndar, esta app te permite superponer m\u00faltiples ciclos r\u00edtmicos simult\u00e1neamente, ayud\u00e1ndote a visualizar y escuchar c\u00f3mo se&hellip;<\/p>","protected":false},"author":1,"featured_media":68,"parent":0,"menu_order":0,"comment_status":"closed","ping_status":"closed","template":"","meta":{"footnotes":""},"class_list":["post-1734","page","type-page","status-publish","has-post-thumbnail","hentry"],"yoast_head":"<!-- This site is optimized with the Yoast SEO plugin v27.5 - https:\/\/yoast.com\/product\/yoast-seo-wordpress\/ -->\n<title>Poly-Metronome - Legatto<\/title>\n<meta name=\"robots\" content=\"index, follow, max-snippet:-1, max-image-preview:large, max-video-preview:-1\" \/>\n<link rel=\"canonical\" href=\"https:\/\/legatto.space\/en\/poly-metronome\/\" \/>\n<meta property=\"og:locale\" content=\"en_US\" \/>\n<meta property=\"og:type\" content=\"article\" \/>\n<meta property=\"og:title\" content=\"Poly-Metronome - Legatto\" \/>\n<meta property=\"og:description\" content=\"Poly-Metronome: Motor y Visualizador de Coherencia Polirr\u00edtmica Domina ritmos complejos con este Metr\u00f3nomo Polirr\u00edtmico interactivo y gratuito. Poly-Metronome es una herramienta de pr\u00e1ctica profesional dise\u00f1ada para bateristas, pianistas, compositores y estudiantes de m\u00fasica. A diferencia de los metr\u00f3nomos est\u00e1ndar, esta app te permite superponer m\u00faltiples ciclos r\u00edtmicos simult\u00e1neamente, ayud\u00e1ndote a visualizar y escuchar c\u00f3mo se&hellip;\" \/>\n<meta property=\"og:url\" content=\"https:\/\/legatto.space\/en\/poly-metronome\/\" \/>\n<meta property=\"og:site_name\" content=\"Legatto\" \/>\n<meta property=\"article:modified_time\" content=\"2026-02-06T00:10:30+00:00\" \/>\n<meta property=\"og:image\" content=\"https:\/\/legatto.space\/wp-content\/uploads\/2021\/07\/Legatto-Banner-2.png\" \/>\n\t<meta property=\"og:image:width\" content=\"1921\" \/>\n\t<meta property=\"og:image:height\" content=\"1080\" \/>\n\t<meta property=\"og:image:type\" content=\"image\/png\" \/>\n<meta name=\"twitter:card\" content=\"summary_large_image\" \/>\n<script type=\"application\/ld+json\" class=\"yoast-schema-graph\">{\"@context\":\"https:\\\/\\\/schema.org\",\"@graph\":[{\"@type\":\"WebPage\",\"@id\":\"https:\\\/\\\/legatto.space\\\/poly-metronome\\\/\",\"url\":\"https:\\\/\\\/legatto.space\\\/poly-metronome\\\/\",\"name\":\"Poly-Metronome - Legatto\",\"isPartOf\":{\"@id\":\"https:\\\/\\\/legatto.space\\\/#website\"},\"primaryImageOfPage\":{\"@id\":\"https:\\\/\\\/legatto.space\\\/poly-metronome\\\/#primaryimage\"},\"image\":{\"@id\":\"https:\\\/\\\/legatto.space\\\/poly-metronome\\\/#primaryimage\"},\"thumbnailUrl\":\"https:\\\/\\\/legatto.space\\\/wp-content\\\/uploads\\\/2021\\\/07\\\/Legatto-Banner-2.png\",\"datePublished\":\"2026-01-04T04:58:18+00:00\",\"dateModified\":\"2026-02-06T00:10:30+00:00\",\"breadcrumb\":{\"@id\":\"https:\\\/\\\/legatto.space\\\/poly-metronome\\\/#breadcrumb\"},\"inLanguage\":\"en-US\",\"potentialAction\":[{\"@type\":\"ReadAction\",\"target\":[\"https:\\\/\\\/legatto.space\\\/poly-metronome\\\/\"]}]},{\"@type\":\"ImageObject\",\"inLanguage\":\"en-US\",\"@id\":\"https:\\\/\\\/legatto.space\\\/poly-metronome\\\/#primaryimage\",\"url\":\"https:\\\/\\\/legatto.space\\\/wp-content\\\/uploads\\\/2021\\\/07\\\/Legatto-Banner-2.png\",\"contentUrl\":\"https:\\\/\\\/legatto.space\\\/wp-content\\\/uploads\\\/2021\\\/07\\\/Legatto-Banner-2.png\",\"width\":1921,\"height\":1080},{\"@type\":\"BreadcrumbList\",\"@id\":\"https:\\\/\\\/legatto.space\\\/poly-metronome\\\/#breadcrumb\",\"itemListElement\":[{\"@type\":\"ListItem\",\"position\":1,\"name\":\"Portada\",\"item\":\"https:\\\/\\\/legatto.space\\\/\"},{\"@type\":\"ListItem\",\"position\":2,\"name\":\"Poly-Metronome\"}]},{\"@type\":\"WebSite\",\"@id\":\"https:\\\/\\\/legatto.space\\\/#website\",\"url\":\"https:\\\/\\\/legatto.space\\\/\",\"name\":\"Legatto\",\"description\":\"Consciencia Musical\",\"publisher\":{\"@id\":\"https:\\\/\\\/legatto.space\\\/#organization\"},\"potentialAction\":[{\"@type\":\"SearchAction\",\"target\":{\"@type\":\"EntryPoint\",\"urlTemplate\":\"https:\\\/\\\/legatto.space\\\/?s={search_term_string}\"},\"query-input\":{\"@type\":\"PropertyValueSpecification\",\"valueRequired\":true,\"valueName\":\"search_term_string\"}}],\"inLanguage\":\"en-US\"},{\"@type\":\"Organization\",\"@id\":\"https:\\\/\\\/legatto.space\\\/#organization\",\"name\":\"Legatto Institute\",\"url\":\"https:\\\/\\\/legatto.space\\\/\",\"logo\":{\"@type\":\"ImageObject\",\"inLanguage\":\"en-US\",\"@id\":\"https:\\\/\\\/legatto.space\\\/#\\\/schema\\\/logo\\\/image\\\/\",\"url\":\"https:\\\/\\\/legatto.space\\\/wp-content\\\/uploads\\\/2021\\\/07\\\/Legatto-Logo-Final.png\",\"contentUrl\":\"https:\\\/\\\/legatto.space\\\/wp-content\\\/uploads\\\/2021\\\/07\\\/Legatto-Logo-Final.png\",\"width\":1424,\"height\":508,\"caption\":\"Legatto Institute\"},\"image\":{\"@id\":\"https:\\\/\\\/legatto.space\\\/#\\\/schema\\\/logo\\\/image\\\/\"}}]}<\/script>\n<!-- \/ Yoast SEO plugin. -->","yoast_head_json":{"title":"Poly-Metronome - Legatto","robots":{"index":"index","follow":"follow","max-snippet":"max-snippet:-1","max-image-preview":"max-image-preview:large","max-video-preview":"max-video-preview:-1"},"canonical":"https:\/\/legatto.space\/en\/poly-metronome\/","og_locale":"en_US","og_type":"article","og_title":"Poly-Metronome - Legatto","og_description":"Poly-Metronome: Motor y Visualizador de Coherencia Polirr\u00edtmica Domina ritmos complejos con este Metr\u00f3nomo Polirr\u00edtmico interactivo y gratuito. Poly-Metronome es una herramienta de pr\u00e1ctica profesional dise\u00f1ada para bateristas, pianistas, compositores y estudiantes de m\u00fasica. A diferencia de los metr\u00f3nomos est\u00e1ndar, esta app te permite superponer m\u00faltiples ciclos r\u00edtmicos simult\u00e1neamente, ayud\u00e1ndote a visualizar y escuchar c\u00f3mo se&hellip;","og_url":"https:\/\/legatto.space\/en\/poly-metronome\/","og_site_name":"Legatto","article_modified_time":"2026-02-06T00:10:30+00:00","og_image":[{"width":1921,"height":1080,"url":"https:\/\/legatto.space\/wp-content\/uploads\/2021\/07\/Legatto-Banner-2.png","type":"image\/png"}],"twitter_card":"summary_large_image","schema":{"@context":"https:\/\/schema.org","@graph":[{"@type":"WebPage","@id":"https:\/\/legatto.space\/poly-metronome\/","url":"https:\/\/legatto.space\/poly-metronome\/","name":"Poly-Metronome - Legatto","isPartOf":{"@id":"https:\/\/legatto.space\/#website"},"primaryImageOfPage":{"@id":"https:\/\/legatto.space\/poly-metronome\/#primaryimage"},"image":{"@id":"https:\/\/legatto.space\/poly-metronome\/#primaryimage"},"thumbnailUrl":"https:\/\/legatto.space\/wp-content\/uploads\/2021\/07\/Legatto-Banner-2.png","datePublished":"2026-01-04T04:58:18+00:00","dateModified":"2026-02-06T00:10:30+00:00","breadcrumb":{"@id":"https:\/\/legatto.space\/poly-metronome\/#breadcrumb"},"inLanguage":"en-US","potentialAction":[{"@type":"ReadAction","target":["https:\/\/legatto.space\/poly-metronome\/"]}]},{"@type":"ImageObject","inLanguage":"en-US","@id":"https:\/\/legatto.space\/poly-metronome\/#primaryimage","url":"https:\/\/legatto.space\/wp-content\/uploads\/2021\/07\/Legatto-Banner-2.png","contentUrl":"https:\/\/legatto.space\/wp-content\/uploads\/2021\/07\/Legatto-Banner-2.png","width":1921,"height":1080},{"@type":"BreadcrumbList","@id":"https:\/\/legatto.space\/poly-metronome\/#breadcrumb","itemListElement":[{"@type":"ListItem","position":1,"name":"Portada","item":"https:\/\/legatto.space\/"},{"@type":"ListItem","position":2,"name":"Poly-Metronome"}]},{"@type":"WebSite","@id":"https:\/\/legatto.space\/#website","url":"https:\/\/legatto.space\/","name":"Legatto","description":"Musical Consciousness","publisher":{"@id":"https:\/\/legatto.space\/#organization"},"potentialAction":[{"@type":"SearchAction","target":{"@type":"EntryPoint","urlTemplate":"https:\/\/legatto.space\/?s={search_term_string}"},"query-input":{"@type":"PropertyValueSpecification","valueRequired":true,"valueName":"search_term_string"}}],"inLanguage":"en-US"},{"@type":"Organization","@id":"https:\/\/legatto.space\/#organization","name":"Legatto Institute","url":"https:\/\/legatto.space\/","logo":{"@type":"ImageObject","inLanguage":"en-US","@id":"https:\/\/legatto.space\/#\/schema\/logo\/image\/","url":"https:\/\/legatto.space\/wp-content\/uploads\/2021\/07\/Legatto-Logo-Final.png","contentUrl":"https:\/\/legatto.space\/wp-content\/uploads\/2021\/07\/Legatto-Logo-Final.png","width":1424,"height":508,"caption":"Legatto Institute"},"image":{"@id":"https:\/\/legatto.space\/#\/schema\/logo\/image\/"}}]}},"jetpack_sharing_enabled":true,"_links":{"self":[{"href":"https:\/\/legatto.space\/en\/wp-json\/wp\/v2\/pages\/1734","targetHints":{"allow":["GET"]}}],"collection":[{"href":"https:\/\/legatto.space\/en\/wp-json\/wp\/v2\/pages"}],"about":[{"href":"https:\/\/legatto.space\/en\/wp-json\/wp\/v2\/types\/page"}],"author":[{"embeddable":true,"href":"https:\/\/legatto.space\/en\/wp-json\/wp\/v2\/users\/1"}],"replies":[{"embeddable":true,"href":"https:\/\/legatto.space\/en\/wp-json\/wp\/v2\/comments?post=1734"}],"version-history":[{"count":11,"href":"https:\/\/legatto.space\/en\/wp-json\/wp\/v2\/pages\/1734\/revisions"}],"predecessor-version":[{"id":1827,"href":"https:\/\/legatto.space\/en\/wp-json\/wp\/v2\/pages\/1734\/revisions\/1827"}],"wp:featuredmedia":[{"embeddable":true,"href":"https:\/\/legatto.space\/en\/wp-json\/wp\/v2\/media\/68"}],"wp:attachment":[{"href":"https:\/\/legatto.space\/en\/wp-json\/wp\/v2\/media?parent=1734"}],"curies":[{"name":"wp","href":"https:\/\/api.w.org\/{rel}","templated":true}]}}