{"id":1770,"date":"2026-01-09T01:20:01","date_gmt":"2026-01-09T01:20:01","guid":{"rendered":"https:\/\/legatto.space\/?page_id=1770"},"modified":"2026-02-06T00:19:02","modified_gmt":"2026-02-06T00:19:02","slug":"solidos-platonicos","status":"publish","type":"page","link":"https:\/\/legatto.space\/en\/solidos-platonicos\/","title":{"rendered":"Platonic Solids Visualizer"},"content":{"rendered":"<iframe \n    src=\"https:\/\/legatto.space\/wp-content\/uploads\/APPS\/Platonic-Solids.html\" \n    title=\"Compass &amp; Ruler\">\n<\/iframe>\n\t<h3 data-path-to-node=\"4\">\u00a0Instructions<\/h3>\n<ol start=\"1\" data-path-to-node=\"5\">\n<li>\n<b data-path-to-node=\"5,0,0\" data-index-in-node=\"0\">3D Exploration:<\/b> Click and drag on the viewfinder to rotate objects. Use the mouse wheel to zoom in or out.\n<\/li>\n<li>\n<b data-path-to-node=\"5,1,0\" data-index-in-node=\"0\">Selection of Solids:<\/b> In the side panel, click on the icon of each solid (Tetrahedron, Cube, Octahedron, Dodecahedron, Icosahedron or Sphere) to show or hide it. <strong>By activating the star-shaped icon<\/strong>, <strong>the solid is highlighted<\/strong>, and <strong>You can change the color by selecting the current color.<\/strong>.\n<\/li>\n<li>\n<b data-path-to-node=\"5,2,0\" data-index-in-node=\"0\">Overlap:<\/b> You can activate multiple solids at once to visualize how they fit inside each other (nested geometry). <strong>The tetrahedron can be inverted in symmetry<\/strong>\u00a0and superimposed on two objects.\n<\/li>\n<li>\n<b data-path-to-node=\"5,3,0\" data-index-in-node=\"0\">Focus Control:<\/b> Utiliza el deslizador &#8220;Foco \/ Escala&#8221; para aumentar el tama\u00f1o del objeto seleccionado sin perder su punto central de referencia.\n<\/li>\n<\/ol>\n<p>When a solid is activated, it displays its properties:<\/p>\n<ul>\n<li><strong>F<\/strong> (Faces) = <strong>Number of Sides<\/strong>.<\/li>\n<li><strong>V<\/strong> (Vertex) = <strong>Number of Vertices<\/strong>.<\/li>\n<li><strong>AND\u00a0<\/strong>(Edges) = <strong>Number of Edges<\/strong>.<\/li>\n<\/ul>","protected":false},"excerpt":{"rendered":"<p>\u00a0Instrucciones Exploraci\u00f3n 3D: Haz clic y arrastra sobre el visor para rotar los objetos. Usa la rueda del rat\u00f3n para acercarte o alejarte. Selecci\u00f3n de S\u00f3lidos: En el panel lateral, haz clic en el icono de cada s\u00f3lido (Tetraedro, Cubo, Octaedro, Dodecaedro, Icosaedro o Esfera) para mostrarlo u ocultarlo. Al activar el \u00edcono con forma&hellip;<\/p>","protected":false},"author":1,"featured_media":0,"parent":0,"menu_order":0,"comment_status":"closed","ping_status":"closed","template":"","meta":{"footnotes":""},"class_list":["post-1770","page","type-page","status-publish","hentry"],"yoast_head":"<!-- This site is optimized with the Yoast SEO plugin v27.5 - https:\/\/yoast.com\/product\/yoast-seo-wordpress\/ -->\n<title>Visualizador de S\u00f3lidos Plat\u00f3nicos - Legatto<\/title>\n<meta name=\"description\" content=\"Herramienta online gratuita para visualizar escalas musicales, con teclado virtual y selector de instrumentos.\" \/>\n<meta name=\"robots\" content=\"index, follow, max-snippet:-1, max-image-preview:large, max-video-preview:-1\" \/>\n<link rel=\"canonical\" href=\"https:\/\/legatto.space\/en\/solidos-platonicos\/\" \/>\n<meta property=\"og:locale\" content=\"en_US\" \/>\n<meta property=\"og:type\" content=\"article\" \/>\n<meta property=\"og:title\" content=\"Visualizador de S\u00f3lidos Plat\u00f3nicos - Legatto\" \/>\n<meta property=\"og:description\" content=\"Herramienta online gratuita para visualizar escalas musicales, con teclado virtual y selector de instrumentos.\" \/>\n<meta property=\"og:url\" content=\"https:\/\/legatto.space\/en\/solidos-platonicos\/\" \/>\n<meta property=\"og:site_name\" content=\"Legatto\" \/>\n<meta property=\"article:modified_time\" content=\"2026-02-06T00:19:02+00:00\" \/>\n<meta name=\"twitter:card\" content=\"summary_large_image\" \/>\n<meta name=\"twitter:label1\" content=\"Est. reading time\" \/>\n\t<meta name=\"twitter:data1\" content=\"3 minutes\" \/>\n<script type=\"application\/ld+json\" class=\"yoast-schema-graph\">{\"@context\":\"https:\\\/\\\/schema.org\",\"@graph\":[{\"@type\":\"WebPage\",\"@id\":\"https:\\\/\\\/legatto.space\\\/solidos-platonicos\\\/\",\"url\":\"https:\\\/\\\/legatto.space\\\/solidos-platonicos\\\/\",\"name\":\"Visualizador de S\u00f3lidos Plat\u00f3nicos - Legatto\",\"isPartOf\":{\"@id\":\"https:\\\/\\\/legatto.space\\\/#website\"},\"datePublished\":\"2026-01-09T01:20:01+00:00\",\"dateModified\":\"2026-02-06T00:19:02+00:00\",\"description\":\"Herramienta online gratuita para visualizar escalas musicales, con teclado virtual y selector de instrumentos.\",\"breadcrumb\":{\"@id\":\"https:\\\/\\\/legatto.space\\\/solidos-platonicos\\\/#breadcrumb\"},\"inLanguage\":\"en-US\",\"potentialAction\":[{\"@type\":\"ReadAction\",\"target\":[\"https:\\\/\\\/legatto.space\\\/solidos-platonicos\\\/\"]}]},{\"@type\":\"BreadcrumbList\",\"@id\":\"https:\\\/\\\/legatto.space\\\/solidos-platonicos\\\/#breadcrumb\",\"itemListElement\":[{\"@type\":\"ListItem\",\"position\":1,\"name\":\"Portada\",\"item\":\"https:\\\/\\\/legatto.space\\\/\"},{\"@type\":\"ListItem\",\"position\":2,\"name\":\"Visualizador de S\u00f3lidos Plat\u00f3nicos\"}]},{\"@type\":\"WebSite\",\"@id\":\"https:\\\/\\\/legatto.space\\\/#website\",\"url\":\"https:\\\/\\\/legatto.space\\\/\",\"name\":\"Legatto\",\"description\":\"Consciencia Musical\",\"publisher\":{\"@id\":\"https:\\\/\\\/legatto.space\\\/#organization\"},\"potentialAction\":[{\"@type\":\"SearchAction\",\"target\":{\"@type\":\"EntryPoint\",\"urlTemplate\":\"https:\\\/\\\/legatto.space\\\/?s={search_term_string}\"},\"query-input\":{\"@type\":\"PropertyValueSpecification\",\"valueRequired\":true,\"valueName\":\"search_term_string\"}}],\"inLanguage\":\"en-US\"},{\"@type\":\"Organization\",\"@id\":\"https:\\\/\\\/legatto.space\\\/#organization\",\"name\":\"Legatto Institute\",\"url\":\"https:\\\/\\\/legatto.space\\\/\",\"logo\":{\"@type\":\"ImageObject\",\"inLanguage\":\"en-US\",\"@id\":\"https:\\\/\\\/legatto.space\\\/#\\\/schema\\\/logo\\\/image\\\/\",\"url\":\"https:\\\/\\\/legatto.space\\\/wp-content\\\/uploads\\\/2021\\\/07\\\/Legatto-Logo-Final.png\",\"contentUrl\":\"https:\\\/\\\/legatto.space\\\/wp-content\\\/uploads\\\/2021\\\/07\\\/Legatto-Logo-Final.png\",\"width\":1424,\"height\":508,\"caption\":\"Legatto Institute\"},\"image\":{\"@id\":\"https:\\\/\\\/legatto.space\\\/#\\\/schema\\\/logo\\\/image\\\/\"}}]}<\/script>\n<!-- \/ Yoast SEO plugin. -->","yoast_head_json":{"title":"Visualizador de S\u00f3lidos Plat\u00f3nicos - Legatto","description":"Herramienta online gratuita para visualizar escalas musicales, con teclado virtual y selector de instrumentos.","robots":{"index":"index","follow":"follow","max-snippet":"max-snippet:-1","max-image-preview":"max-image-preview:large","max-video-preview":"max-video-preview:-1"},"canonical":"https:\/\/legatto.space\/en\/solidos-platonicos\/","og_locale":"en_US","og_type":"article","og_title":"Visualizador de S\u00f3lidos Plat\u00f3nicos - Legatto","og_description":"Herramienta online gratuita para visualizar escalas musicales, con teclado virtual y selector de instrumentos.","og_url":"https:\/\/legatto.space\/en\/solidos-platonicos\/","og_site_name":"Legatto","article_modified_time":"2026-02-06T00:19:02+00:00","twitter_card":"summary_large_image","twitter_misc":{"Est. reading time":"3 minutes"},"schema":{"@context":"https:\/\/schema.org","@graph":[{"@type":"WebPage","@id":"https:\/\/legatto.space\/solidos-platonicos\/","url":"https:\/\/legatto.space\/solidos-platonicos\/","name":"Visualizador de S\u00f3lidos Plat\u00f3nicos - Legatto","isPartOf":{"@id":"https:\/\/legatto.space\/#website"},"datePublished":"2026-01-09T01:20:01+00:00","dateModified":"2026-02-06T00:19:02+00:00","description":"Herramienta online gratuita para visualizar escalas musicales, con teclado virtual y selector de instrumentos.","breadcrumb":{"@id":"https:\/\/legatto.space\/solidos-platonicos\/#breadcrumb"},"inLanguage":"en-US","potentialAction":[{"@type":"ReadAction","target":["https:\/\/legatto.space\/solidos-platonicos\/"]}]},{"@type":"BreadcrumbList","@id":"https:\/\/legatto.space\/solidos-platonicos\/#breadcrumb","itemListElement":[{"@type":"ListItem","position":1,"name":"Portada","item":"https:\/\/legatto.space\/"},{"@type":"ListItem","position":2,"name":"Visualizador de S\u00f3lidos Plat\u00f3nicos"}]},{"@type":"WebSite","@id":"https:\/\/legatto.space\/#website","url":"https:\/\/legatto.space\/","name":"Legatto","description":"Musical Consciousness","publisher":{"@id":"https:\/\/legatto.space\/#organization"},"potentialAction":[{"@type":"SearchAction","target":{"@type":"EntryPoint","urlTemplate":"https:\/\/legatto.space\/?s={search_term_string}"},"query-input":{"@type":"PropertyValueSpecification","valueRequired":true,"valueName":"search_term_string"}}],"inLanguage":"en-US"},{"@type":"Organization","@id":"https:\/\/legatto.space\/#organization","name":"Legatto Institute","url":"https:\/\/legatto.space\/","logo":{"@type":"ImageObject","inLanguage":"en-US","@id":"https:\/\/legatto.space\/#\/schema\/logo\/image\/","url":"https:\/\/legatto.space\/wp-content\/uploads\/2021\/07\/Legatto-Logo-Final.png","contentUrl":"https:\/\/legatto.space\/wp-content\/uploads\/2021\/07\/Legatto-Logo-Final.png","width":1424,"height":508,"caption":"Legatto Institute"},"image":{"@id":"https:\/\/legatto.space\/#\/schema\/logo\/image\/"}}]}},"jetpack_sharing_enabled":true,"_links":{"self":[{"href":"https:\/\/legatto.space\/en\/wp-json\/wp\/v2\/pages\/1770","targetHints":{"allow":["GET"]}}],"collection":[{"href":"https:\/\/legatto.space\/en\/wp-json\/wp\/v2\/pages"}],"about":[{"href":"https:\/\/legatto.space\/en\/wp-json\/wp\/v2\/types\/page"}],"author":[{"embeddable":true,"href":"https:\/\/legatto.space\/en\/wp-json\/wp\/v2\/users\/1"}],"replies":[{"embeddable":true,"href":"https:\/\/legatto.space\/en\/wp-json\/wp\/v2\/comments?post=1770"}],"version-history":[{"count":9,"href":"https:\/\/legatto.space\/en\/wp-json\/wp\/v2\/pages\/1770\/revisions"}],"predecessor-version":[{"id":1828,"href":"https:\/\/legatto.space\/en\/wp-json\/wp\/v2\/pages\/1770\/revisions\/1828"}],"wp:attachment":[{"href":"https:\/\/legatto.space\/en\/wp-json\/wp\/v2\/media?parent=1770"}],"curies":[{"name":"wp","href":"https:\/\/api.w.org\/{rel}","templated":true}]}}