{"id":1801,"date":"2026-01-12T18:51:46","date_gmt":"2026-01-12T18:51:46","guid":{"rendered":"https:\/\/legatto.space\/?page_id=1801"},"modified":"2026-02-06T00:50:48","modified_gmt":"2026-02-06T00:50:48","slug":"visualizador-ondas","status":"publish","type":"page","link":"https:\/\/legatto.space\/en\/visualizador-ondas\/","title":{"rendered":"Wave Display"},"content":{"rendered":"<iframe \n    src=\"https:\/\/legatto.space\/wp-content\/uploads\/APPS\/Waves.html\" \n    title=\"Compass &amp; Ruler\">\n<\/iframe>\n\t<h1 data-path-to-node=\"3\">3D Wave Visualizer<\/h1>\n<h2 data-path-to-node=\"6\">1. Introduction<\/h2>\nWelcome to <b data-path-to-node=\"7\" data-index-in-node=\"14\">Wave Display<\/b>. Esta aplicaci\u00f3n web te permite &#8220;ver lo invisible&#8221;, traduciendo frecuencias sonoras en patrones visuales din\u00e1micos. Es una herramienta pedag\u00f3gica y art\u00edstica dise\u00f1ada para comprender c\u00f3mo el sonido se propaga, rebota e interact\u00faa dentro de un espacio f\u00edsico.\n<h2 data-path-to-node=\"8\">2. General Interface<\/h2>\nUpon entering the application, you will find the main viewing area (the dark space with the mesh or particles) and a <b data-path-to-node=\"9\" data-index-in-node=\"127\">Control Panel<\/b> floating with the following sections:\n<ol start=\"1\" data-path-to-node=\"10\">\n<li>\n<b data-path-to-node=\"10,0,0\" data-index-in-node=\"0\">Dimensionality:<\/b> View mode selector.\n<\/li>\n<li>\n<b data-path-to-node=\"10,1,0\" data-index-in-node=\"0\">Simulation:<\/b> On\/Off switch.\n<\/li>\n<li>\n<b data-path-to-node=\"10,2,0\" data-index-in-node=\"0\">Echo Chamber:<\/b> Virtual physical space configuration.\n<\/li>\n<li>\n<b data-path-to-node=\"10,3,0\" data-index-in-node=\"0\">Sound Sources:<\/b> Frequency generator.\n<\/li>\n<\/ol>\n<hr data-path-to-node=\"11\" \/>\n<h2 data-path-to-node=\"12\">3. Step-by-Step Guide<\/h2>\n<h3 data-path-to-node=\"13\">A. Selecting the Dimension (Dimensionality)<\/h3>\nChoose how you want to perceive the wave:\n<ul data-path-to-node=\"15\">\n<li>\n<b data-path-to-node=\"15,0,0\" data-index-in-node=\"0\">Surface (2D):<\/b> Visualiza la onda como una membrana o superficie plana. Ideal para ver la propagaci\u00f3n simple y entender los &#8220;nodos&#8221; y &#8220;antinodos&#8221; en un plano.\n<\/li>\n<li>\n<b data-path-to-node=\"15,1,0\" data-index-in-node=\"0\">Volume (3D):<\/b> Transform the visualization into a volumetric particle cloud. This allows you to see the wave in its spherical or complex form filling space.\n<\/li>\n<\/ul>\n<h3 data-path-to-node=\"16\">B. Controlling the Simulation<\/h3>\n<ul data-path-to-node=\"17\">\n<li>\n<b data-path-to-node=\"17,0,0\" data-index-in-node=\"0\">Active:<\/b> Inicia o pausa el movimiento de las ondas. Si necesitas analizar un patr\u00f3n est\u00e1tico espec\u00edfico, desactiva esta casilla para &#8220;congelar&#8221; el tiempo.\n<\/li>\n<\/ul>\n<h3 data-path-to-node=\"18\">C. Configuring the Space (Echo Chamber)<\/h3>\nAqu\u00ed defines el tama\u00f1o de la habitaci\u00f3n donde &#8220;suena&#8221; tu frecuencia. Esto afecta c\u00f3mo las ondas rebotan (reverberaci\u00f3n).\n<ul data-path-to-node=\"20\">\n<li>\n<b data-path-to-node=\"20,0,0\" data-index-in-node=\"0\">Show:<\/b> Show or hide the camera&#039;s boundary walls.\n<\/li>\n<li>\n<b data-path-to-node=\"20,1,0\" data-index-in-node=\"0\">Sliders (X, Y, Z):<\/b>\n<ul data-path-to-node=\"20,1,1\">\n<li>\n<b data-path-to-node=\"20,1,1,0,0\" data-index-in-node=\"0\">Width (X):<\/b> Room width.\n<\/li>\n<li>\n<b data-path-to-node=\"20,1,1,1,0\" data-index-in-node=\"0\">Height (Y):<\/b> Room height.\n<\/li>\n<li>\n<b data-path-to-node=\"20,1,1,2,0\" data-index-in-node=\"0\">Depth (Z):<\/b> Room depth.\n<\/li>\n<li>\n<i data-path-to-node=\"20,1,1,3,0\" data-index-in-node=\"0\">Tip:<\/i> Changing the size while the simulation is running will allow you to see how the wave adapts or compresses in real time.\n<\/li>\n<\/ul>\n<\/li>\n<\/ul>\n<h3 data-path-to-node=\"21\">D. Adding Frequencies (Sound Sources)<\/h3>\nThe heart of the visualizer. Here you create the sound.\n<ol start=\"1\" data-path-to-node=\"23\">\n<li>\nClick the button <b data-path-to-node=\"23,0,0\" data-index-in-node=\"21\">&#8220;Add Frequency&#8221;<\/b>.\n<\/li>\n<li>\nA new control will appear for that specific source.\n<\/li>\n<li>\nAdjust the parameters (frequency, amplitude\/volume) to see how the geometric pattern changes in the visualization.\n<\/li>\n<li>\nExperiment! Add multiple frequencies to observe <b data-path-to-node=\"23,3,0\" data-index-in-node=\"57\">interference patterns<\/b> (how two waves collide and create complex shapes, similar to sacred geometry).\n<\/li>\n<\/ol>\n<hr data-path-to-node=\"24\" \/>\n<h2 data-path-to-node=\"25\">4. Practical Use Cases<\/h2>\n<ul data-path-to-node=\"26\">\n<li>\n<b data-path-to-node=\"26,0,0\" data-index-in-node=\"0\">For Music Students:<\/b> Visualize the difference between a low frequency (long and slow wave) and a high frequency (short and fast wave).\n<\/li>\n<li>\n<b data-path-to-node=\"26,1,0\" data-index-in-node=\"0\">For Sound Healing (Beat Healing):<\/b> Observa c\u00f3mo frecuencias arm\u00f3nicas crean patrones estables y ordenados, visualizando el concepto de &#8220;coherencia&#8221;.\n<\/li>\n<li>\n<b data-path-to-node=\"26,2,0\" data-index-in-node=\"0\">For Design:<\/b> Use the generated patterns as inspiration for structures based on natural laws.\n<\/li>\n<\/ul>\n<h2 data-path-to-node=\"27\">5. Technical Requirements<\/h2>\n<ul data-path-to-node=\"28\">\n<li>\n<b data-path-to-node=\"28,0,0\" data-index-in-node=\"0\">Browser:<\/b> It is recommended to use updated versions of Google Chrome, Firefox, or Safari for better 3D graphics (WebGL) performance.\n<\/li>\n<li>\n<b data-path-to-node=\"28,1,0\" data-index-in-node=\"0\">Device:<\/b> Funciona en escritorio y m\u00f3viles, pero se aprecia mejor en pantallas grandes para observar los detalles de la &#8220;Matriz Cristalina&#8221;.\n<\/li>\n<\/ul>","protected":false},"excerpt":{"rendered":"<p>Visualizador de Ondas 3D 1. Introducci\u00f3n Bienvenido al Visualizador de Ondas. Esta aplicaci\u00f3n web te permite &#8220;ver lo invisible&#8221;, traduciendo frecuencias sonoras en patrones visuales din\u00e1micos. Es una herramienta pedag\u00f3gica y art\u00edstica dise\u00f1ada para comprender c\u00f3mo el sonido se propaga, rebota e interact\u00faa dentro de un espacio f\u00edsico. 2. Interfaz General Al ingresar a la&hellip;<\/p>","protected":false},"author":1,"featured_media":68,"parent":0,"menu_order":0,"comment_status":"closed","ping_status":"closed","template":"","meta":{"footnotes":""},"class_list":["post-1801","page","type-page","status-publish","has-post-thumbnail","hentry"],"yoast_head":"<!-- This site is optimized with the Yoast SEO plugin v27.5 - https:\/\/yoast.com\/product\/yoast-seo-wordpress\/ -->\n<title>Visualizador de Ondas - Legatto<\/title>\n<meta name=\"description\" content=\"Visualizador 2D y 3D de ondas ac\u00fasticas. Simula la propagaci\u00f3n del sonido desde distintas fuentes en un plano espacio-temporal.\" \/>\n<meta name=\"robots\" content=\"index, follow, max-snippet:-1, max-image-preview:large, max-video-preview:-1\" \/>\n<link rel=\"canonical\" href=\"https:\/\/legatto.space\/en\/visualizador-ondas\/\" \/>\n<meta property=\"og:locale\" content=\"en_US\" \/>\n<meta property=\"og:type\" content=\"article\" \/>\n<meta property=\"og:title\" content=\"Visualizador de Ondas - Legatto\" \/>\n<meta property=\"og:description\" content=\"Visualizador 2D y 3D de ondas ac\u00fasticas. Simula la propagaci\u00f3n del sonido desde distintas fuentes en un plano espacio-temporal.\" \/>\n<meta property=\"og:url\" content=\"https:\/\/legatto.space\/en\/visualizador-ondas\/\" \/>\n<meta property=\"og:site_name\" content=\"Legatto\" \/>\n<meta property=\"article:modified_time\" content=\"2026-02-06T00:50:48+00:00\" \/>\n<meta property=\"og:image\" content=\"https:\/\/legatto.space\/wp-content\/uploads\/2021\/07\/Legatto-Banner-2.png\" \/>\n\t<meta property=\"og:image:width\" content=\"1921\" \/>\n\t<meta property=\"og:image:height\" content=\"1080\" \/>\n\t<meta property=\"og:image:type\" content=\"image\/png\" \/>\n<meta name=\"twitter:card\" content=\"summary_large_image\" \/>\n<meta name=\"twitter:label1\" content=\"Est. reading time\" \/>\n\t<meta name=\"twitter:data1\" content=\"3 minutes\" \/>\n<script type=\"application\/ld+json\" class=\"yoast-schema-graph\">{\"@context\":\"https:\\\/\\\/schema.org\",\"@graph\":[{\"@type\":\"WebPage\",\"@id\":\"https:\\\/\\\/legatto.space\\\/visualizador-ondas\\\/\",\"url\":\"https:\\\/\\\/legatto.space\\\/visualizador-ondas\\\/\",\"name\":\"Visualizador de Ondas - Legatto\",\"isPartOf\":{\"@id\":\"https:\\\/\\\/legatto.space\\\/#website\"},\"primaryImageOfPage\":{\"@id\":\"https:\\\/\\\/legatto.space\\\/visualizador-ondas\\\/#primaryimage\"},\"image\":{\"@id\":\"https:\\\/\\\/legatto.space\\\/visualizador-ondas\\\/#primaryimage\"},\"thumbnailUrl\":\"https:\\\/\\\/legatto.space\\\/wp-content\\\/uploads\\\/2021\\\/07\\\/Legatto-Banner-2.png\",\"datePublished\":\"2026-01-12T18:51:46+00:00\",\"dateModified\":\"2026-02-06T00:50:48+00:00\",\"description\":\"Visualizador 2D y 3D de ondas ac\u00fasticas. Simula la propagaci\u00f3n del sonido desde distintas fuentes en un plano espacio-temporal.\",\"breadcrumb\":{\"@id\":\"https:\\\/\\\/legatto.space\\\/visualizador-ondas\\\/#breadcrumb\"},\"inLanguage\":\"en-US\",\"potentialAction\":[{\"@type\":\"ReadAction\",\"target\":[\"https:\\\/\\\/legatto.space\\\/visualizador-ondas\\\/\"]}]},{\"@type\":\"ImageObject\",\"inLanguage\":\"en-US\",\"@id\":\"https:\\\/\\\/legatto.space\\\/visualizador-ondas\\\/#primaryimage\",\"url\":\"https:\\\/\\\/legatto.space\\\/wp-content\\\/uploads\\\/2021\\\/07\\\/Legatto-Banner-2.png\",\"contentUrl\":\"https:\\\/\\\/legatto.space\\\/wp-content\\\/uploads\\\/2021\\\/07\\\/Legatto-Banner-2.png\",\"width\":1921,\"height\":1080},{\"@type\":\"BreadcrumbList\",\"@id\":\"https:\\\/\\\/legatto.space\\\/visualizador-ondas\\\/#breadcrumb\",\"itemListElement\":[{\"@type\":\"ListItem\",\"position\":1,\"name\":\"Portada\",\"item\":\"https:\\\/\\\/legatto.space\\\/\"},{\"@type\":\"ListItem\",\"position\":2,\"name\":\"Visualizador de Ondas\"}]},{\"@type\":\"WebSite\",\"@id\":\"https:\\\/\\\/legatto.space\\\/#website\",\"url\":\"https:\\\/\\\/legatto.space\\\/\",\"name\":\"Legatto\",\"description\":\"Consciencia Musical\",\"publisher\":{\"@id\":\"https:\\\/\\\/legatto.space\\\/#organization\"},\"potentialAction\":[{\"@type\":\"SearchAction\",\"target\":{\"@type\":\"EntryPoint\",\"urlTemplate\":\"https:\\\/\\\/legatto.space\\\/?s={search_term_string}\"},\"query-input\":{\"@type\":\"PropertyValueSpecification\",\"valueRequired\":true,\"valueName\":\"search_term_string\"}}],\"inLanguage\":\"en-US\"},{\"@type\":\"Organization\",\"@id\":\"https:\\\/\\\/legatto.space\\\/#organization\",\"name\":\"Legatto Institute\",\"url\":\"https:\\\/\\\/legatto.space\\\/\",\"logo\":{\"@type\":\"ImageObject\",\"inLanguage\":\"en-US\",\"@id\":\"https:\\\/\\\/legatto.space\\\/#\\\/schema\\\/logo\\\/image\\\/\",\"url\":\"https:\\\/\\\/legatto.space\\\/wp-content\\\/uploads\\\/2021\\\/07\\\/Legatto-Logo-Final.png\",\"contentUrl\":\"https:\\\/\\\/legatto.space\\\/wp-content\\\/uploads\\\/2021\\\/07\\\/Legatto-Logo-Final.png\",\"width\":1424,\"height\":508,\"caption\":\"Legatto Institute\"},\"image\":{\"@id\":\"https:\\\/\\\/legatto.space\\\/#\\\/schema\\\/logo\\\/image\\\/\"}}]}<\/script>\n<!-- \/ Yoast SEO plugin. -->","yoast_head_json":{"title":"Visualizador de Ondas - Legatto","description":"Visualizador 2D y 3D de ondas ac\u00fasticas. Simula la propagaci\u00f3n del sonido desde distintas fuentes en un plano espacio-temporal.","robots":{"index":"index","follow":"follow","max-snippet":"max-snippet:-1","max-image-preview":"max-image-preview:large","max-video-preview":"max-video-preview:-1"},"canonical":"https:\/\/legatto.space\/en\/visualizador-ondas\/","og_locale":"en_US","og_type":"article","og_title":"Visualizador de Ondas - Legatto","og_description":"Visualizador 2D y 3D de ondas ac\u00fasticas. Simula la propagaci\u00f3n del sonido desde distintas fuentes en un plano espacio-temporal.","og_url":"https:\/\/legatto.space\/en\/visualizador-ondas\/","og_site_name":"Legatto","article_modified_time":"2026-02-06T00:50:48+00:00","og_image":[{"width":1921,"height":1080,"url":"https:\/\/legatto.space\/wp-content\/uploads\/2021\/07\/Legatto-Banner-2.png","type":"image\/png"}],"twitter_card":"summary_large_image","twitter_misc":{"Est. reading time":"3 minutes"},"schema":{"@context":"https:\/\/schema.org","@graph":[{"@type":"WebPage","@id":"https:\/\/legatto.space\/visualizador-ondas\/","url":"https:\/\/legatto.space\/visualizador-ondas\/","name":"Visualizador de Ondas - Legatto","isPartOf":{"@id":"https:\/\/legatto.space\/#website"},"primaryImageOfPage":{"@id":"https:\/\/legatto.space\/visualizador-ondas\/#primaryimage"},"image":{"@id":"https:\/\/legatto.space\/visualizador-ondas\/#primaryimage"},"thumbnailUrl":"https:\/\/legatto.space\/wp-content\/uploads\/2021\/07\/Legatto-Banner-2.png","datePublished":"2026-01-12T18:51:46+00:00","dateModified":"2026-02-06T00:50:48+00:00","description":"Visualizador 2D y 3D de ondas ac\u00fasticas. Simula la propagaci\u00f3n del sonido desde distintas fuentes en un plano espacio-temporal.","breadcrumb":{"@id":"https:\/\/legatto.space\/visualizador-ondas\/#breadcrumb"},"inLanguage":"en-US","potentialAction":[{"@type":"ReadAction","target":["https:\/\/legatto.space\/visualizador-ondas\/"]}]},{"@type":"ImageObject","inLanguage":"en-US","@id":"https:\/\/legatto.space\/visualizador-ondas\/#primaryimage","url":"https:\/\/legatto.space\/wp-content\/uploads\/2021\/07\/Legatto-Banner-2.png","contentUrl":"https:\/\/legatto.space\/wp-content\/uploads\/2021\/07\/Legatto-Banner-2.png","width":1921,"height":1080},{"@type":"BreadcrumbList","@id":"https:\/\/legatto.space\/visualizador-ondas\/#breadcrumb","itemListElement":[{"@type":"ListItem","position":1,"name":"Portada","item":"https:\/\/legatto.space\/"},{"@type":"ListItem","position":2,"name":"Visualizador de Ondas"}]},{"@type":"WebSite","@id":"https:\/\/legatto.space\/#website","url":"https:\/\/legatto.space\/","name":"Legatto","description":"Musical Consciousness","publisher":{"@id":"https:\/\/legatto.space\/#organization"},"potentialAction":[{"@type":"SearchAction","target":{"@type":"EntryPoint","urlTemplate":"https:\/\/legatto.space\/?s={search_term_string}"},"query-input":{"@type":"PropertyValueSpecification","valueRequired":true,"valueName":"search_term_string"}}],"inLanguage":"en-US"},{"@type":"Organization","@id":"https:\/\/legatto.space\/#organization","name":"Legatto Institute","url":"https:\/\/legatto.space\/","logo":{"@type":"ImageObject","inLanguage":"en-US","@id":"https:\/\/legatto.space\/#\/schema\/logo\/image\/","url":"https:\/\/legatto.space\/wp-content\/uploads\/2021\/07\/Legatto-Logo-Final.png","contentUrl":"https:\/\/legatto.space\/wp-content\/uploads\/2021\/07\/Legatto-Logo-Final.png","width":1424,"height":508,"caption":"Legatto Institute"},"image":{"@id":"https:\/\/legatto.space\/#\/schema\/logo\/image\/"}}]}},"jetpack_sharing_enabled":true,"_links":{"self":[{"href":"https:\/\/legatto.space\/en\/wp-json\/wp\/v2\/pages\/1801","targetHints":{"allow":["GET"]}}],"collection":[{"href":"https:\/\/legatto.space\/en\/wp-json\/wp\/v2\/pages"}],"about":[{"href":"https:\/\/legatto.space\/en\/wp-json\/wp\/v2\/types\/page"}],"author":[{"embeddable":true,"href":"https:\/\/legatto.space\/en\/wp-json\/wp\/v2\/users\/1"}],"replies":[{"embeddable":true,"href":"https:\/\/legatto.space\/en\/wp-json\/wp\/v2\/comments?post=1801"}],"version-history":[{"count":4,"href":"https:\/\/legatto.space\/en\/wp-json\/wp\/v2\/pages\/1801\/revisions"}],"predecessor-version":[{"id":1829,"href":"https:\/\/legatto.space\/en\/wp-json\/wp\/v2\/pages\/1801\/revisions\/1829"}],"wp:featuredmedia":[{"embeddable":true,"href":"https:\/\/legatto.space\/en\/wp-json\/wp\/v2\/media\/68"}],"wp:attachment":[{"href":"https:\/\/legatto.space\/en\/wp-json\/wp\/v2\/media?parent=1801"}],"curies":[{"name":"wp","href":"https:\/\/api.w.org\/{rel}","templated":true}]}}