{"id":1816,"date":"2026-02-05T23:11:00","date_gmt":"2026-02-05T23:11:00","guid":{"rendered":"https:\/\/legatto.space\/?page_id=1816"},"modified":"2026-02-06T02:17:45","modified_gmt":"2026-02-06T02:17:45","slug":"compas-regla","status":"publish","type":"page","link":"https:\/\/legatto.space\/en\/compas-regla\/","title":{"rendered":"Compass &amp; Ruler"},"content":{"rendered":"<iframe \n    src=\"https:\/\/legatto.space\/wp-content\/uploads\/APPS\/Compass&#038;Ruler.html\" \n    title=\"Compass &amp; Ruler\">\n<\/iframe>\n\t<h1 data-path-to-node=\"2\">Compass &amp; Ruler: Interactive Geometry Tool<\/h1>\nWelcome to <b data-path-to-node=\"3\" data-index-in-node=\"13\">Compass &amp; Ruler<\/b>, Your digital canvas for creating Euclidean geometric constructions with precision and ease. This free application works directly in your browser, allowing you to explore mathematical concepts, theorems, and figures without the need to install additional software.\n<h2 data-path-to-node=\"4\">User Guide and Tools<\/h2>\nOur sidebar toolbar is designed to be intuitive. Here&#039;s how to use each function to create perfect builds:\n<h3 data-path-to-node=\"6\">1. Basic Tools<\/h3>\n<ul data-path-to-node=\"7\">\n<li>\n<b data-path-to-node=\"7,0,0\" data-index-in-node=\"0\">\ud83d\udd90\ufe0f Select and Move (Select &amp; Grab):<\/b> Your primary tool. Use it to select existing objects (they&#039;ll light up when you hover over them) or drag the canvas to move around your workspace. Selecting an object will open the panel of <b data-path-to-node=\"7,0,0\" data-index-in-node=\"250\">Properties<\/b> where you can change colors or delete elements.\n<\/li>\n<li>\n<b data-path-to-node=\"7,1,0\" data-index-in-node=\"0\">\u2022 Period:<\/b> Click anywhere on the canvas to create a free point. If you click at the intersection of two lines or circles, the point will magnetically snap to the exact intersection.\n<\/li>\n<li>\n<b data-path-to-node=\"7,2,0\" data-index-in-node=\"0\">\ud83d\udd24 Label:<\/b> Haz clic sobre un punto existente para asignarle una letra (A, B, C&#8230;) autom\u00e1ticamente. \u00datil para demostraciones matem\u00e1ticas.\n<\/li>\n<\/ul>\n<h3 data-path-to-node=\"8\">2. Lines and Strokes<\/h3>\n<ul data-path-to-node=\"9\">\n<li>\n<b data-path-to-node=\"9,0,0\" data-index-in-node=\"0\">\ud83d\udccf Segment:<\/b> Draw a finite line connecting two points.\n<\/li>\n<li>\n<b data-path-to-node=\"9,1,0\" data-index-in-node=\"0\">\u2796 Infinite Straight Line:<\/b> Create a line that extends infinitely in both directions passing through two points.\n<\/li>\n<li>\n<b data-path-to-node=\"9,2,0\" data-index-in-node=\"0\">\ud83d\udd03 Parallel:<\/b> Two-step construction:\n<ol start=\"1\" data-path-to-node=\"9,2,1\">\n<li>\nSelect an existing line or segment as a reference.\n<\/li>\n<li>\nClick on a point where you want the new parallel line to pass.\n<\/li>\n<\/ol>\n<\/li>\n<li>\n<b data-path-to-node=\"9,3,0\" data-index-in-node=\"0\">\u2795 Perpendicular:<\/b> Two-step construction:\n<ol start=\"1\" data-path-to-node=\"9,3,1\">\n<li>\nSelect a reference line or segment.\n<\/li>\n<li>\nClick on a point to draw a line that crosses at exactly 90\u00b0.\n<\/li>\n<\/ol>\n<\/li>\n<\/ul>\n<h3 data-path-to-node=\"10\">3. Figures<\/h3>\n<ul data-path-to-node=\"11\">\n<li>\n<b data-path-to-node=\"11,0,0\" data-index-in-node=\"0\">\u2b55 Circle:<\/b> Draw perfect circles. Click once to define the <b data-path-to-node=\"11,0,0\" data-index-in-node=\"78\">center<\/b> and again to define the <b data-path-to-node=\"11,0,0\" data-index-in-node=\"112\">radio<\/b>.\n<\/li>\n<\/ul>\n<h2 data-path-to-node=\"12\">Advanced Features<\/h2>\n<ul data-path-to-node=\"13\">\n<li>\n<b data-path-to-node=\"13,0,0\" data-index-in-node=\"0\">\ud83c\udfa8 Personalization:<\/b> Select any shape to change its <b data-path-to-node=\"13,0,0\" data-index-in-node=\"64\">color<\/b>, <b data-path-to-node=\"13,0,0\" data-index-in-node=\"71\">thickness<\/b> or line style (solid, dotted, or dashed). Ideal for differentiating auxiliary strokes!\n<\/li>\n<li>\n<b data-path-to-node=\"13,1,0\" data-index-in-node=\"0\">\ud83c\udf13 Light and Dark Theme:<\/b> Use the button in the upper right corner to switch between modes, protecting your eyesight in low-light environments.\n<\/li>\n<li>\n<b data-path-to-node=\"13,2,0\" data-index-in-node=\"0\">Undo and Redo:<\/b> Did you make a mistake? No problem. Use the menu arrows or keyboard shortcuts (<code data-path-to-node=\"13,2,0\" data-index-in-node=\"115\">Ctrl+Z<\/code>, <code data-path-to-node=\"13,2,0\" data-index-in-node=\"123\">Ctrl+Y<\/code>) to correct your steps.\n<\/li>\n<li>\n<b data-path-to-node=\"13,3,0\" data-index-in-node=\"0\">\ud83d\udd0d Zoom and Full Screen:<\/b> Zoom in to see the finest details or use full-screen mode for an immersive experience on digital whiteboards or tablets.\n<\/li>\n<\/ul>\n<hr data-path-to-node=\"14\" \/>\n<i data-path-to-node=\"15\" data-index-in-node=\"0\">This tool is ideal for elementary, middle, and high school students who want to practice plane geometry, as well as for teachers looking for interactive teaching resources.<\/i>","protected":false},"excerpt":{"rendered":"<p>Comp\u00e1s &amp; Regla: Herramienta de Geometr\u00eda Interactiva Bienvenido a Comp\u00e1s &amp; Regla, tu lienzo digital para realizar construcciones geom\u00e9tricas euclidianas con precisi\u00f3n y facilidad. Esta aplicaci\u00f3n gratuita funciona directamente en tu navegador, permiti\u00e9ndote explorar conceptos matem\u00e1ticos, teoremas y figuras sin necesidad de instalar software adicional. Gu\u00eda de Uso y Herramientas Nuestra barra de herramientas lateral&hellip;<\/p>","protected":false},"author":1,"featured_media":68,"parent":0,"menu_order":0,"comment_status":"closed","ping_status":"closed","template":"","meta":{"footnotes":""},"class_list":["post-1816","page","type-page","status-publish","has-post-thumbnail","hentry"],"yoast_head":"<!-- This site is optimized with the Yoast SEO plugin v27.5 - https:\/\/yoast.com\/product\/yoast-seo-wordpress\/ -->\n<title>Comp\u00e1s &amp; Regla - Legatto<\/title>\n<meta name=\"description\" content=\"Herramienta digital para dibujar con comp\u00e1s y regla e interpretar la geometr\u00eda euclideana a detalle en dos dimensiones.\" \/>\n<meta name=\"robots\" content=\"index, follow, max-snippet:-1, max-image-preview:large, max-video-preview:-1\" \/>\n<link rel=\"canonical\" href=\"https:\/\/legatto.space\/en\/compas-regla\/\" \/>\n<meta property=\"og:locale\" content=\"en_US\" \/>\n<meta property=\"og:type\" content=\"article\" \/>\n<meta property=\"og:title\" content=\"Comp\u00e1s &amp; Regla - Legatto\" \/>\n<meta property=\"og:description\" content=\"Herramienta digital para dibujar con comp\u00e1s y regla e interpretar la geometr\u00eda euclideana a detalle en dos dimensiones.\" \/>\n<meta property=\"og:url\" content=\"https:\/\/legatto.space\/en\/compas-regla\/\" \/>\n<meta property=\"og:site_name\" content=\"Legatto\" \/>\n<meta property=\"article:modified_time\" content=\"2026-02-06T02:17:45+00:00\" \/>\n<meta property=\"og:image\" content=\"https:\/\/legatto.space\/wp-content\/uploads\/2021\/07\/Legatto-Banner-2.png\" \/>\n\t<meta property=\"og:image:width\" content=\"1921\" \/>\n\t<meta property=\"og:image:height\" content=\"1080\" \/>\n\t<meta property=\"og:image:type\" content=\"image\/png\" \/>\n<meta name=\"twitter:card\" content=\"summary_large_image\" \/>\n<meta name=\"twitter:label1\" content=\"Est. reading time\" \/>\n\t<meta name=\"twitter:data1\" content=\"2 minutes\" \/>\n<script type=\"application\/ld+json\" class=\"yoast-schema-graph\">{\"@context\":\"https:\\\/\\\/schema.org\",\"@graph\":[{\"@type\":\"WebPage\",\"@id\":\"https:\\\/\\\/legatto.space\\\/compas-regla\\\/\",\"url\":\"https:\\\/\\\/legatto.space\\\/compas-regla\\\/\",\"name\":\"Comp\u00e1s &amp; Regla - Legatto\",\"isPartOf\":{\"@id\":\"https:\\\/\\\/legatto.space\\\/#website\"},\"primaryImageOfPage\":{\"@id\":\"https:\\\/\\\/legatto.space\\\/compas-regla\\\/#primaryimage\"},\"image\":{\"@id\":\"https:\\\/\\\/legatto.space\\\/compas-regla\\\/#primaryimage\"},\"thumbnailUrl\":\"https:\\\/\\\/legatto.space\\\/wp-content\\\/uploads\\\/2021\\\/07\\\/Legatto-Banner-2.png\",\"datePublished\":\"2026-02-05T23:11:00+00:00\",\"dateModified\":\"2026-02-06T02:17:45+00:00\",\"description\":\"Herramienta digital para dibujar con comp\u00e1s y regla e interpretar la geometr\u00eda euclideana a detalle en dos dimensiones.\",\"breadcrumb\":{\"@id\":\"https:\\\/\\\/legatto.space\\\/compas-regla\\\/#breadcrumb\"},\"inLanguage\":\"en-US\",\"potentialAction\":[{\"@type\":\"ReadAction\",\"target\":[\"https:\\\/\\\/legatto.space\\\/compas-regla\\\/\"]}]},{\"@type\":\"ImageObject\",\"inLanguage\":\"en-US\",\"@id\":\"https:\\\/\\\/legatto.space\\\/compas-regla\\\/#primaryimage\",\"url\":\"https:\\\/\\\/legatto.space\\\/wp-content\\\/uploads\\\/2021\\\/07\\\/Legatto-Banner-2.png\",\"contentUrl\":\"https:\\\/\\\/legatto.space\\\/wp-content\\\/uploads\\\/2021\\\/07\\\/Legatto-Banner-2.png\",\"width\":1921,\"height\":1080},{\"@type\":\"BreadcrumbList\",\"@id\":\"https:\\\/\\\/legatto.space\\\/compas-regla\\\/#breadcrumb\",\"itemListElement\":[{\"@type\":\"ListItem\",\"position\":1,\"name\":\"Portada\",\"item\":\"https:\\\/\\\/legatto.space\\\/\"},{\"@type\":\"ListItem\",\"position\":2,\"name\":\"Comp\u00e1s &amp; Regla\"}]},{\"@type\":\"WebSite\",\"@id\":\"https:\\\/\\\/legatto.space\\\/#website\",\"url\":\"https:\\\/\\\/legatto.space\\\/\",\"name\":\"Legatto\",\"description\":\"Consciencia Musical\",\"publisher\":{\"@id\":\"https:\\\/\\\/legatto.space\\\/#organization\"},\"potentialAction\":[{\"@type\":\"SearchAction\",\"target\":{\"@type\":\"EntryPoint\",\"urlTemplate\":\"https:\\\/\\\/legatto.space\\\/?s={search_term_string}\"},\"query-input\":{\"@type\":\"PropertyValueSpecification\",\"valueRequired\":true,\"valueName\":\"search_term_string\"}}],\"inLanguage\":\"en-US\"},{\"@type\":\"Organization\",\"@id\":\"https:\\\/\\\/legatto.space\\\/#organization\",\"name\":\"Legatto Institute\",\"url\":\"https:\\\/\\\/legatto.space\\\/\",\"logo\":{\"@type\":\"ImageObject\",\"inLanguage\":\"en-US\",\"@id\":\"https:\\\/\\\/legatto.space\\\/#\\\/schema\\\/logo\\\/image\\\/\",\"url\":\"https:\\\/\\\/legatto.space\\\/wp-content\\\/uploads\\\/2021\\\/07\\\/Legatto-Logo-Final.png\",\"contentUrl\":\"https:\\\/\\\/legatto.space\\\/wp-content\\\/uploads\\\/2021\\\/07\\\/Legatto-Logo-Final.png\",\"width\":1424,\"height\":508,\"caption\":\"Legatto Institute\"},\"image\":{\"@id\":\"https:\\\/\\\/legatto.space\\\/#\\\/schema\\\/logo\\\/image\\\/\"}}]}<\/script>\n<!-- \/ Yoast SEO plugin. -->","yoast_head_json":{"title":"Comp\u00e1s &amp; Regla - Legatto","description":"Herramienta digital para dibujar con comp\u00e1s y regla e interpretar la geometr\u00eda euclideana a detalle en dos dimensiones.","robots":{"index":"index","follow":"follow","max-snippet":"max-snippet:-1","max-image-preview":"max-image-preview:large","max-video-preview":"max-video-preview:-1"},"canonical":"https:\/\/legatto.space\/en\/compas-regla\/","og_locale":"en_US","og_type":"article","og_title":"Comp\u00e1s &amp; Regla - Legatto","og_description":"Herramienta digital para dibujar con comp\u00e1s y regla e interpretar la geometr\u00eda euclideana a detalle en dos dimensiones.","og_url":"https:\/\/legatto.space\/en\/compas-regla\/","og_site_name":"Legatto","article_modified_time":"2026-02-06T02:17:45+00:00","og_image":[{"width":1921,"height":1080,"url":"https:\/\/legatto.space\/wp-content\/uploads\/2021\/07\/Legatto-Banner-2.png","type":"image\/png"}],"twitter_card":"summary_large_image","twitter_misc":{"Est. reading time":"2 minutes"},"schema":{"@context":"https:\/\/schema.org","@graph":[{"@type":"WebPage","@id":"https:\/\/legatto.space\/compas-regla\/","url":"https:\/\/legatto.space\/compas-regla\/","name":"Comp\u00e1s &amp; Regla - Legatto","isPartOf":{"@id":"https:\/\/legatto.space\/#website"},"primaryImageOfPage":{"@id":"https:\/\/legatto.space\/compas-regla\/#primaryimage"},"image":{"@id":"https:\/\/legatto.space\/compas-regla\/#primaryimage"},"thumbnailUrl":"https:\/\/legatto.space\/wp-content\/uploads\/2021\/07\/Legatto-Banner-2.png","datePublished":"2026-02-05T23:11:00+00:00","dateModified":"2026-02-06T02:17:45+00:00","description":"Herramienta digital para dibujar con comp\u00e1s y regla e interpretar la geometr\u00eda euclideana a detalle en dos dimensiones.","breadcrumb":{"@id":"https:\/\/legatto.space\/compas-regla\/#breadcrumb"},"inLanguage":"en-US","potentialAction":[{"@type":"ReadAction","target":["https:\/\/legatto.space\/compas-regla\/"]}]},{"@type":"ImageObject","inLanguage":"en-US","@id":"https:\/\/legatto.space\/compas-regla\/#primaryimage","url":"https:\/\/legatto.space\/wp-content\/uploads\/2021\/07\/Legatto-Banner-2.png","contentUrl":"https:\/\/legatto.space\/wp-content\/uploads\/2021\/07\/Legatto-Banner-2.png","width":1921,"height":1080},{"@type":"BreadcrumbList","@id":"https:\/\/legatto.space\/compas-regla\/#breadcrumb","itemListElement":[{"@type":"ListItem","position":1,"name":"Portada","item":"https:\/\/legatto.space\/"},{"@type":"ListItem","position":2,"name":"Comp\u00e1s &amp; Regla"}]},{"@type":"WebSite","@id":"https:\/\/legatto.space\/#website","url":"https:\/\/legatto.space\/","name":"Legatto","description":"Musical Consciousness","publisher":{"@id":"https:\/\/legatto.space\/#organization"},"potentialAction":[{"@type":"SearchAction","target":{"@type":"EntryPoint","urlTemplate":"https:\/\/legatto.space\/?s={search_term_string}"},"query-input":{"@type":"PropertyValueSpecification","valueRequired":true,"valueName":"search_term_string"}}],"inLanguage":"en-US"},{"@type":"Organization","@id":"https:\/\/legatto.space\/#organization","name":"Legatto Institute","url":"https:\/\/legatto.space\/","logo":{"@type":"ImageObject","inLanguage":"en-US","@id":"https:\/\/legatto.space\/#\/schema\/logo\/image\/","url":"https:\/\/legatto.space\/wp-content\/uploads\/2021\/07\/Legatto-Logo-Final.png","contentUrl":"https:\/\/legatto.space\/wp-content\/uploads\/2021\/07\/Legatto-Logo-Final.png","width":1424,"height":508,"caption":"Legatto Institute"},"image":{"@id":"https:\/\/legatto.space\/#\/schema\/logo\/image\/"}}]}},"jetpack_sharing_enabled":true,"_links":{"self":[{"href":"https:\/\/legatto.space\/en\/wp-json\/wp\/v2\/pages\/1816","targetHints":{"allow":["GET"]}}],"collection":[{"href":"https:\/\/legatto.space\/en\/wp-json\/wp\/v2\/pages"}],"about":[{"href":"https:\/\/legatto.space\/en\/wp-json\/wp\/v2\/types\/page"}],"author":[{"embeddable":true,"href":"https:\/\/legatto.space\/en\/wp-json\/wp\/v2\/users\/1"}],"replies":[{"embeddable":true,"href":"https:\/\/legatto.space\/en\/wp-json\/wp\/v2\/comments?post=1816"}],"version-history":[{"count":4,"href":"https:\/\/legatto.space\/en\/wp-json\/wp\/v2\/pages\/1816\/revisions"}],"predecessor-version":[{"id":1822,"href":"https:\/\/legatto.space\/en\/wp-json\/wp\/v2\/pages\/1816\/revisions\/1822"}],"wp:featuredmedia":[{"embeddable":true,"href":"https:\/\/legatto.space\/en\/wp-json\/wp\/v2\/media\/68"}],"wp:attachment":[{"href":"https:\/\/legatto.space\/en\/wp-json\/wp\/v2\/media?parent=1816"}],"curies":[{"name":"wp","href":"https:\/\/api.w.org\/{rel}","templated":true}]}}