{"id":1891,"date":"2026-04-11T23:51:47","date_gmt":"2026-04-11T23:51:47","guid":{"rendered":"https:\/\/legatto.space\/?page_id=1891"},"modified":"2026-04-12T00:41:20","modified_gmt":"2026-04-12T00:41:20","slug":"orbital","status":"publish","type":"page","link":"https:\/\/legatto.space\/en\/orbital\/","title":{"rendered":"Orbital"},"content":{"rendered":"\n\n\n<iframe id=\"orbital-en\" src=\"https:\/\/legatto.space\/wp-content\/uploads\/APPS\/orbital-en.html\" scrolling=\"no\" title=\"Orbital EN\">\n<\/iframe>\n\n\t<h1 data-path-to-node=\"3\">Manual de Usuario: Resonance<\/h1>\n<h3 data-path-to-node=\"4\">Explorando la Geometr\u00eda del Tiempo y el Espacio<\/h3>\nBienvenido a <b data-path-to-node=\"5\" data-index-in-node=\"13\">RESONANCE<\/b>, un simulador orbital y geoc\u00e9ntrico de alta fidelidad. Esta aplicaci\u00f3n ha sido dise\u00f1ada como un puente interactivo entre la mec\u00e1nica celeste impulsada por algoritmos de la NASA (JPL) y la observaci\u00f3n de los ciclos astrol\u00f3gicos tradicionales.\nEsta gu\u00eda te ayudar\u00e1 a navegar por su interfaz, comprender los fen\u00f3menos que est\u00e1s visualizando y extraer el m\u00e1ximo provecho de sus herramientas de telemetr\u00eda.\n<hr data-path-to-node=\"7\">\n<h2 data-path-to-node=\"8\">1. Fundamentos: \u00bfQu\u00e9 est\u00e1s visualizando?<\/h2>\n<strong>El simulador opera bajo dos paradigmas fundamentales de observaci\u00f3n<\/strong>, los cuales puedes alternar en cualquier momento desde el panel izquierdo.\n<h3 data-path-to-node=\"10\">Perspectiva Orbital (Helioc\u00e9ntrica)<\/h3>\nEn este modo, te sit\u00faas en un punto de vista cenital por encima del Sol, observando el sistema solar tal y como es mec\u00e1nicamente.\n<ul data-path-to-node=\"12\">\n<li>\n<b data-path-to-node=\"12,0,0\" data-index-in-node=\"0\">Valor educativo:<\/b> Te permite comprender las velocidades relativas de los planetas (c\u00f3mo Mercurio viaja mucho m\u00e1s r\u00e1pido que Saturno) y observar las verdaderas proporciones del sistema solar.\n<\/li>\n<\/ul>\n<h3 data-path-to-node=\"13\">Perspectiva Geoc\u00e9ntrica (Celestial)<\/h3>\nEste es el punto de vista humano. En este modo, la Tierra se convierte en el centro inam\u00f3vil del lienzo, y observamos c\u00f3mo el resto de los cuerpos celestes (incluyendo el Sol) orbitan a nuestro alrededor.\n<ul data-path-to-node=\"15\">\n<li>\n<b data-path-to-node=\"15,0,0\" data-index-in-node=\"0\">Valor educativo:<\/b> Es la base de la la <strong>navegaci\u00f3n astron\u00f3mica hist\u00f3rica<\/strong> y la <b data-path-to-node=\"15,0,0\" data-index-in-node=\"34\">astrolog\u00eda<\/b>. Permite entender por qu\u00e9 desde nuestra perspectiva ciertos planetas parecen &#8220;detenerse&#8221; o retroceder, y c\u00f3mo se alinean visualmente con las constelaciones del zodiaco.\n<\/li>\n<\/ul>\n<hr data-path-to-node=\"16\">\n<h2 data-path-to-node=\"17\">2. Gu\u00eda de Interfaz y Controles<\/h2>\nLa interfaz de Resonancia C\u00f3smica est\u00e1 dise\u00f1ada bajo un enfoque minimalista (<i data-path-to-node=\"18\" data-index-in-node=\"77\">boutique<\/i>) para no interferir con la visualizaci\u00f3n.\n<h3 data-path-to-node=\"19\">Controles de Tiempo y Reproducci\u00f3n (Deck Inferior)<\/h3>\n<ul data-path-to-node=\"20\">\n<li>\n<b data-path-to-node=\"20,0,0\" data-index-in-node=\"0\">Reproductor (Play\/Pause):<\/b> Inicia o detiene el flujo del tiempo.\n<\/li>\n<li>\n<b data-path-to-node=\"20,1,0\" data-index-in-node=\"0\">Rebobinar (Reset):<\/b> Devuelve la simulaci\u00f3n al d\u00eda 0 de la fecha seleccionada.\n<\/li>\n<li>\n<b data-path-to-node=\"20,2,0\" data-index-in-node=\"0\">Deslizador de Velocidad:<\/b> Ajusta qu\u00e9 tan r\u00e1pido transcurren los d\u00edas. A bajas velocidades puedes observar tr\u00e1nsitos exactos; a altas velocidades puedes revelar patrones geom\u00e9tricos de largo plazo.\n<\/li>\n<li>\n<b data-path-to-node=\"20,3,0\" data-index-in-node=\"0\">Calendario (Esquina Superior Derecha):<\/b> Al hacer clic en el \u00edcono del calendario, puedes establecer una &#8220;Fecha de Origen&#8221; espec\u00edfica. El motor calcular\u00e1 las efem\u00e9rides planetarias exactas para ese momento en la historia (pasado o futuro).\n<\/li>\n<\/ul>\n<h3 data-path-to-node=\"21\">Ajustes de Visualizaci\u00f3n (Panel Lateral)<\/h3>\nAccede al men\u00fa principal haciendo clic en el \u00edcono de las tres l\u00edneas (hamburguesa) en la parte superior izquierda.\n<ul data-path-to-node=\"23\">\n<li>\n<b data-path-to-node=\"23,0,0\" data-index-in-node=\"0\">Red de Resonancia (Modo Orbital):<\/b> Traza l\u00edneas conectivas entre la Tierra y otros planetas a medida que orbitan. Esto revela la &#8220;geometr\u00eda sagrada&#8221; o ciclos sin\u00f3dicos, dibujando mandalas exactos (como la famosa estrella de 5 puntas o &#8220;Rosa de Venus&#8221;).\n<\/li>\n<li>\n<b data-path-to-node=\"23,1,0\" data-index-in-node=\"0\">Casas Zodiacales (Modo Geoc\u00e9ntrico):<\/b> Despliega la rueda del Zodiaco Tropical calibrada al Equinoccio Vernal (0\u00b0 Aries). Te permite ver en qu\u00e9 signo astrol\u00f3gico se encuentra cada cuerpo celeste en tiempo real.\n<\/li>\n<li>\n<b data-path-to-node=\"23,2,0\" data-index-in-node=\"0\">\u00d3rbitas Reales:<\/b> Por defecto, los planetas siguen \u00f3rbitas circulares simplificadas para facilitar la visualizaci\u00f3n geom\u00e9trica. Al activar esta opci\u00f3n, el simulador aplica la excentricidad kepleriana real, revelando las \u00f3rbitas el\u00edpticas verdaderas.\n<\/li>\n<li>\n<b data-path-to-node=\"23,3,0\" data-index-in-node=\"0\">Longitud de Estela (Tail Length):<\/b> Ajusta la &#8220;memoria&#8221; del lienzo. Una estela corta es \u00fatil para observar el momento actual; una estela larga (miles de d\u00edas) es necesaria para que el sistema dibuje los patrones orbitales completos.\n<\/li>\n<\/ul>\n<h3 data-path-to-node=\"24\">Telemetr\u00eda y Cuerpos Manifestados<\/h3>\nEn el panel lateral, puedes encender o apagar (\u00edcono de ojo) cada cuerpo celeste. En la pantalla principal, ver\u00e1s un <strong>micro panel o <\/strong><b data-path-to-node=\"25\" data-index-in-node=\"117\">HUD de Telemetr\u00eda<\/b> con informaci\u00f3n vital actualizada en tiempo real:\n<ol start=\"1\" data-path-to-node=\"26\">\n<li>\n<b data-path-to-node=\"26,0,0\" data-index-in-node=\"0\">Nombre del Planeta:<\/b> Abreviado a 3 letras (Ej. VEN, MAR) o 1 letra en dispositivos m\u00f3viles.\n<\/li>\n<li>\n<b data-path-to-node=\"26,1,0\" data-index-in-node=\"0\">Grado Exacto y Signo:<\/b> Muestra el grado matem\u00e1tico exacto (de 0\u00b0 a 29\u00b0) dentro del signo zodiacal correspondiente (<strong>Ej. 14\u00b0 ARI<\/strong>).\n<\/li>\n<li>\n<b data-path-to-node=\"26,2,0\" data-index-in-node=\"0\">Estado de Movimiento (Din\u00e1mica Orbital):<\/b>\n<ul data-path-to-node=\"26,2,1\">\n<li>\n<b data-path-to-node=\"26,2,1,0,0\" data-index-in-node=\"0\">[ D ] (Directo):<\/b> El planeta avanza de manera natural a trav\u00e9s de los signos zodiacales.\n<\/li>\n<li>\n<b data-path-to-node=\"26,2,1,1,0\" data-index-in-node=\"0\">[ ST ] (Estacionario):<\/b> El momento de tensi\u00f3n exacta donde el planeta reduce su velocidad hasta 0 antes de cambiar de direcci\u00f3n.\n<\/li>\n<li>\n<b data-path-to-node=\"26,2,1,2,0\" data-index-in-node=\"0\">[ RX ] (Retr\u00f3grado):<\/b> Debido a la ilusi\u00f3n \u00f3ptica generada por las diferentes velocidades orbitales respecto a la Tierra, el planeta parece moverse hacia atr\u00e1s en el zodiaco.\n<\/li>\n<\/ul>\n<\/li>\n<\/ol>\n<hr data-path-to-node=\"27\">\n<h2 data-path-to-node=\"28\">3. \u00bfC\u00f3mo sacarle el m\u00e1ximo provecho? (Casos de Uso)<\/h2>\nEsta herramienta est\u00e1 pensada tanto para profesionales emp\u00edricos como para mentes curiosas.\n<b data-path-to-node=\"30\" data-index-in-node=\"0\">Para el estudio astrol\u00f3gico:<\/b> Sit\u00faa la simulaci\u00f3n en la perspectiva <b data-path-to-node=\"30\" data-index-in-node=\"67\">Geoc\u00e9ntrica<\/b>, activa las <b data-path-to-node=\"30\" data-index-in-node=\"91\">Casas Zodiacales<\/b> y establece la fecha de nacimiento de una persona o de un evento importante. Reproduce la simulaci\u00f3n a baja velocidad para identificar en qu\u00e9 fecha exacta un planeta entrar\u00e1 en fase retr\u00f3grada (RX) o en qu\u00e9 momento cruzar\u00e1 hacia una nueva casa zodiacal.\n<b data-path-to-node=\"31\" data-index-in-node=\"0\">Para la contemplaci\u00f3n geom\u00e9trica y sin\u00f3dica:<\/b> Sit\u00faa la simulaci\u00f3n en perspectiva <b data-path-to-node=\"31\" data-index-in-node=\"80\">Orbital<\/b>, a\u00edsla \u00fanicamente al Sol, la Tierra y a Venus. Activa la <b data-path-to-node=\"31\" data-index-in-node=\"145\">Red de Resonancia<\/b>, establece la <b data-path-to-node=\"31\" data-index-in-node=\"177\">Longitud de Estela<\/b> al m\u00e1ximo y aumenta la velocidad de reproducci\u00f3n. En pocos minutos, ver\u00e1s c\u00f3mo la relaci\u00f3n espaciotemporal entre la Tierra y Venus dibuja un mandala perfecto de cinco p\u00e9talos, materializando las matem\u00e1ticas de la naturaleza.\n<b data-path-to-node=\"32\" data-index-in-node=\"0\">Para uso en pantallas m\u00f3viles y presentaciones:<\/b> Si necesitas una vista limpia, puedes utilizar los interruptores para apagar las <b data-path-to-node=\"32\" data-index-in-node=\"129\">Estrellas de Fondo<\/b> o las <b data-path-to-node=\"32\" data-index-in-node=\"154\">Etiquetas de Telemetr\u00eda<\/b>. Utiliza el <b data-path-to-node=\"32\" data-index-in-node=\"190\">control de Zoom vertical<\/b> (situado a la derecha de la pantalla) deslizando hacia arriba (+) o hacia abajo (-) para encuadrar la simulaci\u00f3n perfectamente en tu dispositivo, sin importar su tama\u00f1o.\n<hr data-path-to-node=\"33\">\n<i data-path-to-node=\"34\" data-index-in-node=\"0\">Dise\u00f1ado e integrado por <a href=\"https:\/\/mayansolutions.com\" target=\"_blank\" rel=\"noopener\"><b data-path-to-node=\"34\" data-index-in-node=\"25\">Mayan Solutions<\/b><\/a>. <\/i>\n\n\n\n<p><\/p>\n","protected":false},"excerpt":{"rendered":"<p>Manual de Usuario: Resonance Explorando la Geometr\u00eda del Tiempo y el Espacio Bienvenido a RESONANCE, un simulador orbital y geoc\u00e9ntrico de alta fidelidad. Esta aplicaci\u00f3n ha sido dise\u00f1ada como un puente interactivo entre la mec\u00e1nica celeste impulsada por algoritmos de la NASA (JPL) y la observaci\u00f3n de los ciclos astrol\u00f3gicos tradicionales. Esta gu\u00eda te ayudar\u00e1&hellip;<\/p>","protected":false},"author":1,"featured_media":68,"parent":0,"menu_order":0,"comment_status":"closed","ping_status":"closed","template":"","meta":{"footnotes":""},"class_list":["post-1891","page","type-page","status-publish","has-post-thumbnail","hentry"],"yoast_head":"<!-- This site is optimized with the Yoast SEO plugin v27.3 - https:\/\/yoast.com\/product\/yoast-seo-wordpress\/ -->\n<title>Orbital - Legatto<\/title>\n<meta name=\"description\" content=\"Orbital es una aplicaci\u00f3n para visualizar la resonancia y los movimientos orbitales de los planetas del sistema solar de manera f\u00e1cil.\" \/>\n<meta name=\"robots\" content=\"index, follow, max-snippet:-1, max-image-preview:large, max-video-preview:-1\" \/>\n<link rel=\"canonical\" href=\"https:\/\/legatto.space\/en\/orbital\/\" \/>\n<meta property=\"og:locale\" content=\"en_US\" \/>\n<meta property=\"og:type\" content=\"article\" \/>\n<meta property=\"og:title\" content=\"Orbital - Legatto\" \/>\n<meta property=\"og:description\" content=\"Orbital es una aplicaci\u00f3n para visualizar la resonancia y los movimientos orbitales de los planetas del sistema solar de manera f\u00e1cil.\" \/>\n<meta property=\"og:url\" content=\"https:\/\/legatto.space\/en\/orbital\/\" \/>\n<meta property=\"og:site_name\" content=\"Legatto\" \/>\n<meta property=\"article:modified_time\" content=\"2026-04-12T00:41:20+00:00\" \/>\n<meta property=\"og:image\" content=\"https:\/\/legatto.space\/wp-content\/uploads\/2021\/07\/Legatto-Banner-2.png\" \/>\n\t<meta property=\"og:image:width\" content=\"1921\" \/>\n\t<meta property=\"og:image:height\" content=\"1080\" \/>\n\t<meta property=\"og:image:type\" content=\"image\/png\" \/>\n<meta name=\"twitter:card\" content=\"summary_large_image\" \/>\n<meta name=\"twitter:label1\" content=\"Est. reading time\" \/>\n\t<meta name=\"twitter:data1\" content=\"4 minutes\" \/>\n<script type=\"application\/ld+json\" class=\"yoast-schema-graph\">{\"@context\":\"https:\\\/\\\/schema.org\",\"@graph\":[{\"@type\":\"WebPage\",\"@id\":\"https:\\\/\\\/legatto.space\\\/orbital\\\/\",\"url\":\"https:\\\/\\\/legatto.space\\\/orbital\\\/\",\"name\":\"Orbital - Legatto\",\"isPartOf\":{\"@id\":\"https:\\\/\\\/legatto.space\\\/#website\"},\"primaryImageOfPage\":{\"@id\":\"https:\\\/\\\/legatto.space\\\/orbital\\\/#primaryimage\"},\"image\":{\"@id\":\"https:\\\/\\\/legatto.space\\\/orbital\\\/#primaryimage\"},\"thumbnailUrl\":\"https:\\\/\\\/legatto.space\\\/wp-content\\\/uploads\\\/2021\\\/07\\\/Legatto-Banner-2.png\",\"datePublished\":\"2026-04-11T23:51:47+00:00\",\"dateModified\":\"2026-04-12T00:41:20+00:00\",\"description\":\"Orbital es una aplicaci\u00f3n para visualizar la resonancia y los movimientos orbitales de los planetas del sistema solar de manera f\u00e1cil.\",\"breadcrumb\":{\"@id\":\"https:\\\/\\\/legatto.space\\\/orbital\\\/#breadcrumb\"},\"inLanguage\":\"en-US\",\"potentialAction\":[{\"@type\":\"ReadAction\",\"target\":[\"https:\\\/\\\/legatto.space\\\/orbital\\\/\"]}]},{\"@type\":\"ImageObject\",\"inLanguage\":\"en-US\",\"@id\":\"https:\\\/\\\/legatto.space\\\/orbital\\\/#primaryimage\",\"url\":\"https:\\\/\\\/legatto.space\\\/wp-content\\\/uploads\\\/2021\\\/07\\\/Legatto-Banner-2.png\",\"contentUrl\":\"https:\\\/\\\/legatto.space\\\/wp-content\\\/uploads\\\/2021\\\/07\\\/Legatto-Banner-2.png\",\"width\":1921,\"height\":1080},{\"@type\":\"BreadcrumbList\",\"@id\":\"https:\\\/\\\/legatto.space\\\/orbital\\\/#breadcrumb\",\"itemListElement\":[{\"@type\":\"ListItem\",\"position\":1,\"name\":\"Portada\",\"item\":\"https:\\\/\\\/legatto.space\\\/\"},{\"@type\":\"ListItem\",\"position\":2,\"name\":\"Orbital\"}]},{\"@type\":\"WebSite\",\"@id\":\"https:\\\/\\\/legatto.space\\\/#website\",\"url\":\"https:\\\/\\\/legatto.space\\\/\",\"name\":\"Legatto\",\"description\":\"Consciencia Musical\",\"publisher\":{\"@id\":\"https:\\\/\\\/legatto.space\\\/#organization\"},\"potentialAction\":[{\"@type\":\"SearchAction\",\"target\":{\"@type\":\"EntryPoint\",\"urlTemplate\":\"https:\\\/\\\/legatto.space\\\/?s={search_term_string}\"},\"query-input\":{\"@type\":\"PropertyValueSpecification\",\"valueRequired\":true,\"valueName\":\"search_term_string\"}}],\"inLanguage\":\"en-US\"},{\"@type\":\"Organization\",\"@id\":\"https:\\\/\\\/legatto.space\\\/#organization\",\"name\":\"Legatto Institute\",\"url\":\"https:\\\/\\\/legatto.space\\\/\",\"logo\":{\"@type\":\"ImageObject\",\"inLanguage\":\"en-US\",\"@id\":\"https:\\\/\\\/legatto.space\\\/#\\\/schema\\\/logo\\\/image\\\/\",\"url\":\"https:\\\/\\\/legatto.space\\\/wp-content\\\/uploads\\\/2021\\\/07\\\/Legatto-Logo-Final.png\",\"contentUrl\":\"https:\\\/\\\/legatto.space\\\/wp-content\\\/uploads\\\/2021\\\/07\\\/Legatto-Logo-Final.png\",\"width\":1424,\"height\":508,\"caption\":\"Legatto Institute\"},\"image\":{\"@id\":\"https:\\\/\\\/legatto.space\\\/#\\\/schema\\\/logo\\\/image\\\/\"}}]}<\/script>\n<!-- \/ Yoast SEO plugin. -->","yoast_head_json":{"title":"Orbital - Legatto","description":"Orbital es una aplicaci\u00f3n para visualizar la resonancia y los movimientos orbitales de los planetas del sistema solar de manera f\u00e1cil.","robots":{"index":"index","follow":"follow","max-snippet":"max-snippet:-1","max-image-preview":"max-image-preview:large","max-video-preview":"max-video-preview:-1"},"canonical":"https:\/\/legatto.space\/en\/orbital\/","og_locale":"en_US","og_type":"article","og_title":"Orbital - Legatto","og_description":"Orbital es una aplicaci\u00f3n para visualizar la resonancia y los movimientos orbitales de los planetas del sistema solar de manera f\u00e1cil.","og_url":"https:\/\/legatto.space\/en\/orbital\/","og_site_name":"Legatto","article_modified_time":"2026-04-12T00:41:20+00:00","og_image":[{"width":1921,"height":1080,"url":"https:\/\/legatto.space\/wp-content\/uploads\/2021\/07\/Legatto-Banner-2.png","type":"image\/png"}],"twitter_card":"summary_large_image","twitter_misc":{"Est. reading time":"4 minutes"},"schema":{"@context":"https:\/\/schema.org","@graph":[{"@type":"WebPage","@id":"https:\/\/legatto.space\/orbital\/","url":"https:\/\/legatto.space\/orbital\/","name":"Orbital - Legatto","isPartOf":{"@id":"https:\/\/legatto.space\/#website"},"primaryImageOfPage":{"@id":"https:\/\/legatto.space\/orbital\/#primaryimage"},"image":{"@id":"https:\/\/legatto.space\/orbital\/#primaryimage"},"thumbnailUrl":"https:\/\/legatto.space\/wp-content\/uploads\/2021\/07\/Legatto-Banner-2.png","datePublished":"2026-04-11T23:51:47+00:00","dateModified":"2026-04-12T00:41:20+00:00","description":"Orbital es una aplicaci\u00f3n para visualizar la resonancia y los movimientos orbitales de los planetas del sistema solar de manera f\u00e1cil.","breadcrumb":{"@id":"https:\/\/legatto.space\/orbital\/#breadcrumb"},"inLanguage":"en-US","potentialAction":[{"@type":"ReadAction","target":["https:\/\/legatto.space\/orbital\/"]}]},{"@type":"ImageObject","inLanguage":"en-US","@id":"https:\/\/legatto.space\/orbital\/#primaryimage","url":"https:\/\/legatto.space\/wp-content\/uploads\/2021\/07\/Legatto-Banner-2.png","contentUrl":"https:\/\/legatto.space\/wp-content\/uploads\/2021\/07\/Legatto-Banner-2.png","width":1921,"height":1080},{"@type":"BreadcrumbList","@id":"https:\/\/legatto.space\/orbital\/#breadcrumb","itemListElement":[{"@type":"ListItem","position":1,"name":"Portada","item":"https:\/\/legatto.space\/"},{"@type":"ListItem","position":2,"name":"Orbital"}]},{"@type":"WebSite","@id":"https:\/\/legatto.space\/#website","url":"https:\/\/legatto.space\/","name":"Legatto","description":"Musical Consciousness","publisher":{"@id":"https:\/\/legatto.space\/#organization"},"potentialAction":[{"@type":"SearchAction","target":{"@type":"EntryPoint","urlTemplate":"https:\/\/legatto.space\/?s={search_term_string}"},"query-input":{"@type":"PropertyValueSpecification","valueRequired":true,"valueName":"search_term_string"}}],"inLanguage":"en-US"},{"@type":"Organization","@id":"https:\/\/legatto.space\/#organization","name":"Legatto Institute","url":"https:\/\/legatto.space\/","logo":{"@type":"ImageObject","inLanguage":"en-US","@id":"https:\/\/legatto.space\/#\/schema\/logo\/image\/","url":"https:\/\/legatto.space\/wp-content\/uploads\/2021\/07\/Legatto-Logo-Final.png","contentUrl":"https:\/\/legatto.space\/wp-content\/uploads\/2021\/07\/Legatto-Logo-Final.png","width":1424,"height":508,"caption":"Legatto Institute"},"image":{"@id":"https:\/\/legatto.space\/#\/schema\/logo\/image\/"}}]}},"jetpack_sharing_enabled":true,"_links":{"self":[{"href":"https:\/\/legatto.space\/en\/wp-json\/wp\/v2\/pages\/1891","targetHints":{"allow":["GET"]}}],"collection":[{"href":"https:\/\/legatto.space\/en\/wp-json\/wp\/v2\/pages"}],"about":[{"href":"https:\/\/legatto.space\/en\/wp-json\/wp\/v2\/types\/page"}],"author":[{"embeddable":true,"href":"https:\/\/legatto.space\/en\/wp-json\/wp\/v2\/users\/1"}],"replies":[{"embeddable":true,"href":"https:\/\/legatto.space\/en\/wp-json\/wp\/v2\/comments?post=1891"}],"version-history":[{"count":4,"href":"https:\/\/legatto.space\/en\/wp-json\/wp\/v2\/pages\/1891\/revisions"}],"predecessor-version":[{"id":1898,"href":"https:\/\/legatto.space\/en\/wp-json\/wp\/v2\/pages\/1891\/revisions\/1898"}],"wp:featuredmedia":[{"embeddable":true,"href":"https:\/\/legatto.space\/en\/wp-json\/wp\/v2\/media\/68"}],"wp:attachment":[{"href":"https:\/\/legatto.space\/en\/wp-json\/wp\/v2\/media?parent=1891"}],"curies":[{"name":"wp","href":"https:\/\/api.w.org\/{rel}","templated":true}]}}