{"id":36,"date":"2021-07-03T20:58:02","date_gmt":"2021-07-03T20:58:02","guid":{"rendered":"https:\/\/legatto.space\/?page_id=36"},"modified":"2025-04-06T16:39:59","modified_gmt":"2025-04-06T16:39:59","slug":"oferta-educativa","status":"publish","type":"page","link":"https:\/\/legatto.space\/en\/oferta-educativa\/","title":{"rendered":"Education"},"content":{"rendered":"<h3>\n\t\t\tA unique experience\n\t\t<\/h3>\n\t\t\t<p>you live in a unique place, with unique people, doing something unique.<\/p>\t\t\n\t\t<h2>\n\t\t\t&quot;Live and incorporate music as the clear manifestation of harmony in the Universe.&quot;\n\t\t<\/h2>\n\t\t\t<p>\u2013 Hunab Amaya, Co-Founder.<\/p>\t\t\n\t\t\t\t\t\t\t\t\t<img loading=\"lazy\" decoding=\"async\" src=\"https:\/\/legatto.space\/wp-content\/uploads\/bb-plugin\/cache\/Hunab-Ukelele-1024x1024-circle.jpg\" alt=\"Hunab Ukelele\" itemprop=\"image\" height=\"1024\" width=\"1024\" title=\"Hunab Ukulele\" onerror=\"this.style.display='none'\"  \/>\n\t\t\t\t\t\t\t\t\t<img decoding=\"async\" src=\"http:\/\/legatto.space\/wp-content\/uploads\/2021\/08\/Templo-Agua-.jpeg\" alt=\"Templo Agua\" itemprop=\"image\" srcset=\"https:\/\/legatto.space\/wp-content\/uploads\/2021\/08\/Templo-Agua-.jpeg 533w, https:\/\/legatto.space\/wp-content\/uploads\/2021\/08\/Templo-Agua--200x300.jpeg 200w\" sizes=\"(max-width: 533px) 100vw, 533px\" title=\"Water Temple\" onerror=\"this.style.display='none'\"  \/>\n\t\t<h2>\n\t\t\tThe bases\u2026\n\t\t<\/h2>\n\t\t\t<p><strong>At Legatto Institute, we integrate the Pythagorean vision of music, geometry, and numbers with the development and theory of music in the contemporary world.<\/strong>This results in an appreciation of music as a &quot;harmonic sound&quot; with properties that significantly impact the listener. By integrating this with modern popular music, we gain a much deeper understanding of sound to innovate in music composition and create proposals that go beyond art as entertainment. Legatto revisits this ancient Pythagorean school, applying values of inclusion, appreciation, and balance to health, making music a tool to improve human life at all levels.<\/p>\t\t\n\t\t<h2>\n\t\t\tEducational Map\n\t\t<\/h2>\n\t\t\t<p>We work with <strong>6 Fields of Study<\/strong>, which complement each other for a comprehensive training.<\/p>\t\t\n\t\t\t\tSpace-Time\n\t\t\t\t<p>A fundamental practice and at the center of our system is the singing of the syllable \u201c<strong>OM<\/strong>\u201c, primordial vibration related to Space-Time.<\/p>\n<p>Repeating the syllable out loud for an extended period of time naturally stimulates the senses of <strong>tuning<\/strong>, <strong>presence<\/strong> and <strong>harmony<\/strong> in a person.<\/p>\n<p>After establishing a vibration for a time, one is induced to absolute silence to contemplate the music of the spheres.<\/p>\n<p>This is not a course, but a <strong>elementary practice<\/strong> opening at the school. It&#039;s free for anyone, so you can attend even if you&#039;re not enrolled.<\/p>\n\t\t\t\tHumanity \/ Values\n\t\t\t\t<p>Every course and class in Legatto takes place in a field of humanity and values.<\/p>\n<p>The guides and the community keep their attention that this is the fuel of the school.<\/p>\n<p>This is not a course or a class, but a frequency set in the environment.<\/p>\n\t\t\t\t1. Proportion\n\t\t\t\t<p>The Pillar of Proportion reminds us of our deep relationship with the universe and beauty through perception.<\/p>\n<p>Beauty is studied from an intuitive, mathematical and simple perspective, which profoundly impacts the understanding of music.<\/p>\n<p>The two main topics are <strong>Structure<\/strong> focused on music and <strong>Musical Ear <\/strong>(Ear Training), which will help to recognize and replicate beauty both visually and audibly.<\/p>\n<p>Specializations in this course involve <strong>Geometry<\/strong>, <strong>Cymatics<\/strong> and <strong>Soun Healing<\/strong>.<\/p>\n\t\t\t\t2. Appreciation\n\t\t\t\t<p>The pillar of Appreciation gives us the power to contemplate our surroundings and recognize beauty and chaos at all times.<\/p>\n<p>Here you learn about music from around the world and its cultural history, all in a hands-on and interactive way.<\/p>\n<p>The two main topics are <strong>Musical Ear<\/strong> (Auditory Training) and <strong>Emotional Language<\/strong>, which serve to sensitize to music.<\/p>\n<p>Specializations in this course involve <strong>Geometry<\/strong>, <strong>Voices<\/strong> (and their conduction) and <strong>Sound Healing<\/strong>.<\/p>\n\t\t\t\t3. Harmony\n\t\t\t\t<p>The Harmony pillar focuses us on expanding the resources of the perception of music and allows us to classify these resources to be used in awareness.<\/p>\n<p>The student learns to communicate in the language of music, as well as to understand its impact on the human emotional sphere.<\/p>\n<p>The two main topics are <strong>Musical language<\/strong> and <strong>Emotional Language<\/strong>, which serve to communicate at a deep level in the universal language of music.<\/p>\n<p>The specializations in this course are the <strong>Sound Healing<\/strong>, <strong>Voices\u00a0<\/strong>(and their conduction) and <strong>Chromatism<\/strong>.<\/p>\n\t\t\t\t4. Instrument\n\t\t\t\t<p>The Instrument pillar focuses on musical expression through different instruments.<\/p>\n<p>The student explores the different sounds produced by musical instruments in an interactive and fun way. Likewise, you can opt for individual sessions to improve your technique in a specific instrument.<\/p>\n<p>The two main topics are <strong>Musical language <\/strong>and\u00a0<strong>Acoustics<\/strong>, which serve to naturally reproduce music.<\/p>\n<p>The specializations in this course are the <strong>Voices <\/strong>(and their conduction), <strong>Chromatism<\/strong> and <strong>Microphones<\/strong>.<\/p>\n\t\t\t\t5. Technology\n\t\t\t\t<p>The Technology pillar expands the boundaries to produce and reproduce music in harmony.<\/p>\n<p>The student learns to use the mechanical and digital tools available to develop as a musician. Tools are shared for writing and reading, composing, recording, producing, reproducing and distributing music.<\/p>\n<p>The two main topics are <strong>Acoustics<\/strong>\u00a0and <strong>Digital Tools<\/strong>, which are used to record and produce music.<\/p>\n<p>Specializations in this course involve <strong>Chromatism<\/strong>, <strong>Cymatics<\/strong> and <strong>Microphones<\/strong>.<\/p>\n\t\t\t\t6. Composition\n\t\t\t\t<p>The Composition pillar focuses on creativity through intuitive exploration and use of musical theory tools.<\/p>\n<p>The student learns to use the tools of other pillars to create works that fulfill specific harmonic and emotional functions.<\/p>\n<p>The two main topics are <strong>Structure<\/strong> focused on music and <strong>Digital Tools<\/strong>, which are used to produce music.<\/p>\n<p>Specializations in this course involve <strong>Geometry<\/strong>, <strong>Cymatics<\/strong> and <strong>Microphones<\/strong>.<\/p>\n\t\t\t\t\t\t\t\t\t<img decoding=\"async\" src=\"http:\/\/legatto.space\/wp-content\/uploads\/2021\/08\/Legatto-Educacio\u0301n-Blanco-1024x1024.png\" alt=\"Legatto Educacio\u0301n Blanco\" itemprop=\"image\" srcset=\"https:\/\/legatto.space\/wp-content\/uploads\/2021\/08\/Legatto-Educacio\u0301n-Blanco.png 1921w, https:\/\/legatto.space\/wp-content\/uploads\/2021\/08\/Legatto-Educacio\u0301n-Blanco-300x300.png 300w, https:\/\/legatto.space\/wp-content\/uploads\/2021\/08\/Legatto-Educacio\u0301n-Blanco-100x100.png 100w, https:\/\/legatto.space\/wp-content\/uploads\/2021\/08\/Legatto-Educacio\u0301n-Blanco-600x600.png 600w, https:\/\/legatto.space\/wp-content\/uploads\/2021\/08\/Legatto-Educacio\u0301n-Blanco-1024x1024.png 1024w, https:\/\/legatto.space\/wp-content\/uploads\/2021\/08\/Legatto-Educacio\u0301n-Blanco-150x150.png 150w, https:\/\/legatto.space\/wp-content\/uploads\/2021\/08\/Legatto-Educacio\u0301n-Blanco-768x768.png 768w, https:\/\/legatto.space\/wp-content\/uploads\/2021\/08\/Legatto-Educacio\u0301n-Blanco-1536x1536.png 1536w\" sizes=\"(max-width: 1921px) 100vw, 1921px\" title=\"Legatto Education White\" onerror=\"this.style.display='none'\"  \/>\n\t\t<h2>\n\t\t\tModalities\n\t\t<\/h2>\n\t\t\t<p>The main modalities for all instruments are:<\/p>\t\t\n\t\t\t\t\t\t\t<a href=\"https:\/\/legatto.space\/en\/clases\/\" target=\"_self\" rel=\"noopener\">\n\t\t\t\t\t\t\t\t\t\t\t\t<h3>Classes<\/h3>\n\t\t\t\t\t<\/a>\n\t\t\t\t\t\t\t\t\t<a href=\"https:\/\/legatto.space\/en\/cursos\/\" target=\"_self\" rel=\"noopener\">\n\t\t\t\t\t\t\t\t\t\t\t\t<h3>Courses<\/h3>\n\t\t\t\t\t<\/a>\n\t<a href=\"https:\/\/legatto.space\/en\/clases\/\" target=\"_self\" role=\"button\" aria-label=\"Take your first class\" rel=\"noopener\">\n\t\t\t\t\t\tTake your first class\n\t\t\t<\/a>\n\t\t<h2>\n\t\t\tInstruments\n\t\t<\/h2>\n<h4>\n\t\tVoice\n\t<\/h4>\n<h4>\n\t\tPercussions\n\t<\/h4>\n<h4>\n\t\tGuitars\n\t<\/h4>\n<h4>\n\t\tHandpan\n\t<\/h4>\n<h4>\n\t\tWinds\n\t<\/h4>\n<h4>\n\t\tWorld Instruments\n\t<\/h4>\n<h4>\n\t\tSound Healing\n\t<\/h4>\n<h4>\n\t\tHarps\n\t<\/h4>\n<h4>\n\t\tEar Training\n\t<\/h4>\n<h4>\n\t\tTheory &amp; Composition\n\t<\/h4>\n<h4>\n\t\tKeyboards\n\t<\/h4>\n<h4>\n\t\tElectronics and Digital Tools\n\t<\/h4>\n\t\t\t\t\t\t\t\t\t<img decoding=\"async\" src=\"http:\/\/legatto.space\/wp-content\/uploads\/2021\/08\/Coltrane-Star.png\" alt=\"Coltrane Star\" itemprop=\"image\" srcset=\"https:\/\/legatto.space\/wp-content\/uploads\/2021\/08\/Coltrane-Star.png 1000w, https:\/\/legatto.space\/wp-content\/uploads\/2021\/08\/Coltrane-Star-300x300.png 300w, https:\/\/legatto.space\/wp-content\/uploads\/2021\/08\/Coltrane-Star-100x100.png 100w, https:\/\/legatto.space\/wp-content\/uploads\/2021\/08\/Coltrane-Star-600x600.png 600w, https:\/\/legatto.space\/wp-content\/uploads\/2021\/08\/Coltrane-Star-150x150.png 150w, https:\/\/legatto.space\/wp-content\/uploads\/2021\/08\/Coltrane-Star-768x768.png 768w\" sizes=\"(max-width: 1000px) 100vw, 1000px\" title=\"Coltrane Star\" onerror=\"this.style.display='none'\"  \/>\n\t\t<h2>\n\t\t\t&quot;When you start to see the possibilities of music, you want to do something good for people.&quot;\n\t\t<\/h2>\n\t\t\t<p>JOHN COLTRANE<\/p>","protected":false},"excerpt":{"rendered":"<p>A unique experience is lived in a unique place, with unique people, doing something unique. \u201cLive and incorporate music as the clear manifestation of harmony in the Universe.\u201d \u2013 Hunab Amaya, Co-Founder. The foundations\u2026 At Legatto Institute, we integrate the Pythagorean vision of music, geometry, and numbers with the development and theory of music in\u2026<\/p>","protected":false},"author":1,"featured_media":380,"parent":0,"menu_order":0,"comment_status":"closed","ping_status":"closed","template":"","meta":{"footnotes":""},"class_list":["post-36","page","type-page","status-publish","has-post-thumbnail","hentry"],"yoast_head":"<!-- This site is optimized with the Yoast SEO plugin v27.5 - https:\/\/yoast.com\/product\/yoast-seo-wordpress\/ -->\n<title>Oferta Educativa - Legatto<\/title>\n<meta name=\"robots\" content=\"index, follow, max-snippet:-1, max-image-preview:large, max-video-preview:-1\" \/>\n<link rel=\"canonical\" href=\"https:\/\/legatto.space\/en\/oferta-educativa\/\" \/>\n<meta property=\"og:locale\" content=\"en_US\" \/>\n<meta property=\"og:type\" content=\"article\" \/>\n<meta property=\"og:title\" content=\"Oferta Educativa - Legatto\" \/>\n<meta property=\"og:description\" content=\"Una Experiencia \u00danica se vive en un lugar \u00fanico, con personas \u00fanicas, haciendo algo \u00fanico. &#8220;Vive e incorpora la m\u00fasica como la clara manifestaci\u00f3n de armon\u00eda en el Universo&#8221;. &#8211; Hunab Amaya, Co-Fundador. Las bases&#8230; En Legatto Institute integramos la visi\u00f3n Pitag\u00f3rica la m\u00fasica, geometr\u00eda y n\u00fameros, con el desarrollo y teor\u00eda de m\u00fasica en&hellip;\" \/>\n<meta property=\"og:url\" content=\"https:\/\/legatto.space\/en\/oferta-educativa\/\" \/>\n<meta property=\"og:site_name\" content=\"Legatto\" \/>\n<meta property=\"article:modified_time\" content=\"2025-04-06T16:39:59+00:00\" \/>\n<meta property=\"og:image\" content=\"https:\/\/legatto.space\/wp-content\/uploads\/2021\/09\/Legatto-PP.jpg\" \/>\n\t<meta property=\"og:image:width\" content=\"625\" \/>\n\t<meta property=\"og:image:height\" content=\"389\" \/>\n\t<meta property=\"og:image:type\" content=\"image\/jpeg\" \/>\n<meta name=\"twitter:card\" content=\"summary_large_image\" \/>\n<meta name=\"twitter:label1\" content=\"Est. reading time\" \/>\n\t<meta name=\"twitter:data1\" content=\"5 minutes\" \/>\n<script type=\"application\/ld+json\" class=\"yoast-schema-graph\">{\"@context\":\"https:\\\/\\\/schema.org\",\"@graph\":[{\"@type\":\"WebPage\",\"@id\":\"https:\\\/\\\/legatto.space\\\/oferta-educativa\\\/\",\"url\":\"https:\\\/\\\/legatto.space\\\/oferta-educativa\\\/\",\"name\":\"Oferta Educativa - Legatto\",\"isPartOf\":{\"@id\":\"https:\\\/\\\/legatto.space\\\/#website\"},\"primaryImageOfPage\":{\"@id\":\"https:\\\/\\\/legatto.space\\\/oferta-educativa\\\/#primaryimage\"},\"image\":{\"@id\":\"https:\\\/\\\/legatto.space\\\/oferta-educativa\\\/#primaryimage\"},\"thumbnailUrl\":\"https:\\\/\\\/legatto.space\\\/wp-content\\\/uploads\\\/2021\\\/09\\\/Legatto-PP.jpg\",\"datePublished\":\"2021-07-03T20:58:02+00:00\",\"dateModified\":\"2025-04-06T16:39:59+00:00\",\"breadcrumb\":{\"@id\":\"https:\\\/\\\/legatto.space\\\/oferta-educativa\\\/#breadcrumb\"},\"inLanguage\":\"en-US\",\"potentialAction\":[{\"@type\":\"ReadAction\",\"target\":[\"https:\\\/\\\/legatto.space\\\/oferta-educativa\\\/\"]}]},{\"@type\":\"ImageObject\",\"inLanguage\":\"en-US\",\"@id\":\"https:\\\/\\\/legatto.space\\\/oferta-educativa\\\/#primaryimage\",\"url\":\"https:\\\/\\\/legatto.space\\\/wp-content\\\/uploads\\\/2021\\\/09\\\/Legatto-PP.jpg\",\"contentUrl\":\"https:\\\/\\\/legatto.space\\\/wp-content\\\/uploads\\\/2021\\\/09\\\/Legatto-PP.jpg\",\"width\":625,\"height\":389,\"caption\":\"Legatto Institute\"},{\"@type\":\"BreadcrumbList\",\"@id\":\"https:\\\/\\\/legatto.space\\\/oferta-educativa\\\/#breadcrumb\",\"itemListElement\":[{\"@type\":\"ListItem\",\"position\":1,\"name\":\"Portada\",\"item\":\"https:\\\/\\\/legatto.space\\\/\"},{\"@type\":\"ListItem\",\"position\":2,\"name\":\"Oferta Educativa\"}]},{\"@type\":\"WebSite\",\"@id\":\"https:\\\/\\\/legatto.space\\\/#website\",\"url\":\"https:\\\/\\\/legatto.space\\\/\",\"name\":\"Legatto\",\"description\":\"Consciencia Musical\",\"publisher\":{\"@id\":\"https:\\\/\\\/legatto.space\\\/#organization\"},\"potentialAction\":[{\"@type\":\"SearchAction\",\"target\":{\"@type\":\"EntryPoint\",\"urlTemplate\":\"https:\\\/\\\/legatto.space\\\/?s={search_term_string}\"},\"query-input\":{\"@type\":\"PropertyValueSpecification\",\"valueRequired\":true,\"valueName\":\"search_term_string\"}}],\"inLanguage\":\"en-US\"},{\"@type\":\"Organization\",\"@id\":\"https:\\\/\\\/legatto.space\\\/#organization\",\"name\":\"Legatto Institute\",\"url\":\"https:\\\/\\\/legatto.space\\\/\",\"logo\":{\"@type\":\"ImageObject\",\"inLanguage\":\"en-US\",\"@id\":\"https:\\\/\\\/legatto.space\\\/#\\\/schema\\\/logo\\\/image\\\/\",\"url\":\"https:\\\/\\\/legatto.space\\\/wp-content\\\/uploads\\\/2021\\\/07\\\/Legatto-Logo-Final.png\",\"contentUrl\":\"https:\\\/\\\/legatto.space\\\/wp-content\\\/uploads\\\/2021\\\/07\\\/Legatto-Logo-Final.png\",\"width\":1424,\"height\":508,\"caption\":\"Legatto Institute\"},\"image\":{\"@id\":\"https:\\\/\\\/legatto.space\\\/#\\\/schema\\\/logo\\\/image\\\/\"}}]}<\/script>\n<!-- \/ Yoast SEO plugin. -->","yoast_head_json":{"title":"Educational Offer - Legatto","robots":{"index":"index","follow":"follow","max-snippet":"max-snippet:-1","max-image-preview":"max-image-preview:large","max-video-preview":"max-video-preview:-1"},"canonical":"https:\/\/legatto.space\/en\/oferta-educativa\/","og_locale":"en_US","og_type":"article","og_title":"Oferta Educativa - Legatto","og_description":"Una Experiencia \u00danica se vive en un lugar \u00fanico, con personas \u00fanicas, haciendo algo \u00fanico. &#8220;Vive e incorpora la m\u00fasica como la clara manifestaci\u00f3n de armon\u00eda en el Universo&#8221;. &#8211; Hunab Amaya, Co-Fundador. Las bases&#8230; En Legatto Institute integramos la visi\u00f3n Pitag\u00f3rica la m\u00fasica, geometr\u00eda y n\u00fameros, con el desarrollo y teor\u00eda de m\u00fasica en&hellip;","og_url":"https:\/\/legatto.space\/en\/oferta-educativa\/","og_site_name":"Legatto","article_modified_time":"2025-04-06T16:39:59+00:00","og_image":[{"width":625,"height":389,"url":"https:\/\/legatto.space\/wp-content\/uploads\/2021\/09\/Legatto-PP.jpg","type":"image\/jpeg"}],"twitter_card":"summary_large_image","twitter_misc":{"Est. reading time":"5 minutes"},"schema":{"@context":"https:\/\/schema.org","@graph":[{"@type":"WebPage","@id":"https:\/\/legatto.space\/oferta-educativa\/","url":"https:\/\/legatto.space\/oferta-educativa\/","name":"Educational Offer - Legatto","isPartOf":{"@id":"https:\/\/legatto.space\/#website"},"primaryImageOfPage":{"@id":"https:\/\/legatto.space\/oferta-educativa\/#primaryimage"},"image":{"@id":"https:\/\/legatto.space\/oferta-educativa\/#primaryimage"},"thumbnailUrl":"https:\/\/legatto.space\/wp-content\/uploads\/2021\/09\/Legatto-PP.jpg","datePublished":"2021-07-03T20:58:02+00:00","dateModified":"2025-04-06T16:39:59+00:00","breadcrumb":{"@id":"https:\/\/legatto.space\/oferta-educativa\/#breadcrumb"},"inLanguage":"en-US","potentialAction":[{"@type":"ReadAction","target":["https:\/\/legatto.space\/oferta-educativa\/"]}]},{"@type":"ImageObject","inLanguage":"en-US","@id":"https:\/\/legatto.space\/oferta-educativa\/#primaryimage","url":"https:\/\/legatto.space\/wp-content\/uploads\/2021\/09\/Legatto-PP.jpg","contentUrl":"https:\/\/legatto.space\/wp-content\/uploads\/2021\/09\/Legatto-PP.jpg","width":625,"height":389,"caption":"Legatto Institute"},{"@type":"BreadcrumbList","@id":"https:\/\/legatto.space\/oferta-educativa\/#breadcrumb","itemListElement":[{"@type":"ListItem","position":1,"name":"Portada","item":"https:\/\/legatto.space\/"},{"@type":"ListItem","position":2,"name":"Oferta Educativa"}]},{"@type":"WebSite","@id":"https:\/\/legatto.space\/#website","url":"https:\/\/legatto.space\/","name":"Legatto","description":"Musical Consciousness","publisher":{"@id":"https:\/\/legatto.space\/#organization"},"potentialAction":[{"@type":"SearchAction","target":{"@type":"EntryPoint","urlTemplate":"https:\/\/legatto.space\/?s={search_term_string}"},"query-input":{"@type":"PropertyValueSpecification","valueRequired":true,"valueName":"search_term_string"}}],"inLanguage":"en-US"},{"@type":"Organization","@id":"https:\/\/legatto.space\/#organization","name":"Legatto Institute","url":"https:\/\/legatto.space\/","logo":{"@type":"ImageObject","inLanguage":"en-US","@id":"https:\/\/legatto.space\/#\/schema\/logo\/image\/","url":"https:\/\/legatto.space\/wp-content\/uploads\/2021\/07\/Legatto-Logo-Final.png","contentUrl":"https:\/\/legatto.space\/wp-content\/uploads\/2021\/07\/Legatto-Logo-Final.png","width":1424,"height":508,"caption":"Legatto Institute"},"image":{"@id":"https:\/\/legatto.space\/#\/schema\/logo\/image\/"}}]}},"jetpack_sharing_enabled":true,"_links":{"self":[{"href":"https:\/\/legatto.space\/en\/wp-json\/wp\/v2\/pages\/36","targetHints":{"allow":["GET"]}}],"collection":[{"href":"https:\/\/legatto.space\/en\/wp-json\/wp\/v2\/pages"}],"about":[{"href":"https:\/\/legatto.space\/en\/wp-json\/wp\/v2\/types\/page"}],"author":[{"embeddable":true,"href":"https:\/\/legatto.space\/en\/wp-json\/wp\/v2\/users\/1"}],"replies":[{"embeddable":true,"href":"https:\/\/legatto.space\/en\/wp-json\/wp\/v2\/comments?post=36"}],"version-history":[{"count":40,"href":"https:\/\/legatto.space\/en\/wp-json\/wp\/v2\/pages\/36\/revisions"}],"predecessor-version":[{"id":1313,"href":"https:\/\/legatto.space\/en\/wp-json\/wp\/v2\/pages\/36\/revisions\/1313"}],"wp:featuredmedia":[{"embeddable":true,"href":"https:\/\/legatto.space\/en\/wp-json\/wp\/v2\/media\/380"}],"wp:attachment":[{"href":"https:\/\/legatto.space\/en\/wp-json\/wp\/v2\/media?parent=36"}],"curies":[{"name":"wp","href":"https:\/\/api.w.org\/{rel}","templated":true}]}}