{"id":38,"date":"2021-07-03T20:58:56","date_gmt":"2021-07-03T20:58:56","guid":{"rendered":"https:\/\/legatto.space\/?page_id=38"},"modified":"2026-04-29T17:28:11","modified_gmt":"2026-04-29T17:28:11","slug":"cursos","status":"publish","type":"page","link":"https:\/\/legatto.space\/en\/cursos\/","title":{"rendered":"Courses"},"content":{"rendered":"<h3>\n\t\t\tCourses\n\t\t<\/h3>\n\t\t<h2>\n\t\t\tMusic Alchemy\n\t\t<\/h2>\n\t\t\t<p>IMMERSI\u00d3N MUSICAL &#8211; ENERO 20<\/p>\t\t\n\t<a href=\"https:\/\/legatto.space\/en\/alquimia-musical\/\" target=\"_self\" role=\"button\" aria-label=\"More information\">\n\t\t\t\t\t\tMore information\n\t\t\t\t\t<\/a>\n\t\t<h2>\n\t\t\tSACRED GEOMETRY\n\t\t<\/h2>\n\t\t\t<p>ONLINE COURSE<\/p>\t\t\n\t<a href=\"https:\/\/legatto.space\/en\/sgc\/\" target=\"_self\" role=\"button\" aria-label=\"More information\">\n\t\t\t\t\t\tMore information\n\t\t\t\t\t<\/a>\n\t\t<h2>\n\t\t\tInstruments\n\t\t<\/h2>\n<h4>\n\t\t\tVoice\t<\/h4>\n<h4>\n\t\t\tPercussions\t<\/h4>\n<h4>\n\t\t\tGuitars\t<\/h4>\n<h4>\n\t\t\tHandpan\t<\/h4>\n<h4>\n\t\t\tWinds\t<\/h4>\n<h4>\n\t\t\tWorld Instruments\t<\/h4>\n<h4>\n\t\t\tSound Healing\t<\/h4>\n<h4>\n\t\t\tHarps\t<\/h4>\n<h4>\n\t\t\tEar Training\t<\/h4>\n<h4>\n\t\t\tTheory &amp; Composition\t<\/h4>\n<h4>\n\t\t\tKeyboards\t<\/h4>\n<h4>\n\t\t\tStrings\t<\/h4>\n\t\t<h2>\n\t\t\tOur courses\u2026\n\t\t<\/h2>\n\t\t\t<ul><li>These are <strong>spaces<\/strong> recreational learning in which the fundamental pillars of music are studied. These pillars are <strong>Instrument<\/strong>, <strong>Harmony<\/strong>, <strong>Appreciation<\/strong>, <strong>Proportion<\/strong>, <strong>Composition<\/strong> and <strong>Technologies<\/strong>.<\/li><li>The courses are <strong>group experiences<\/strong> where a deep connection to music is played and created through practice and theory.<\/li><li>Each pillar can be explored and studied at the pace of the student.<\/li><li>A <strong>comprehensive experience<\/strong> through the <strong>6 pillars<\/strong> lasts for <strong>6 weeks<\/strong>.<\/li><\/ul>\t\t\n\t<a href=\"http:\/\/wa.link\/dcj5n5\" target=\"_blank\" role=\"button\" rel=\"noopener\" aria-label=\"Sign up for a course\">\n\t\t\t\t\t\tSign up for a course\n\t\t\t<\/a>\n\t\t\t\t\t\t\t\t\t<img loading=\"lazy\" decoding=\"async\" src=\"https:\/\/legatto.space\/wp-content\/uploads\/bb-plugin\/cache\/A87V0800-portrait.jpg\" alt=\"A87V0800\" itemprop=\"image\" height=\"800\" width=\"1200\" title=\"A87V0800\" onerror=\"this.style.display='none'\"  \/>\n\t\t<h2>\n\t\t\tPrices\n\t\t<\/h2>\n\t\t\t\t\t<b>SPECIAL PRICE!<\/b> (Regularly at $1,111 USD)\n\t\t\t\t\t\t\t\t\t\t\t<h4>MUSICAL ALCHEMY I<\/h4>\n\t\t\t\t\t\t$555 USD\n\t\t\t\t<ul role=\"list\"><li role=\"listitem\">\u00b7 <b>Course duration (Cycle I): 4 Weeks<\/b><\/li><li role=\"listitem\">\u00b7 <b>Exclusive group of 8 people<\/b><\/li><li role=\"listitem\">\u00b7 4 Classes of Vibrational Alchemy (Theory)<\/li><li role=\"listitem\">\u2022 4 Sessions of Musical Alchemy (Instrumental)<\/li><li role=\"listitem\">\u2022 1 Private Class of 1 hour<\/li><li role=\"listitem\">\u00b7 Final Session Recording<\/li><\/ul>\t\t\t\t\n\t\t\t<a href=\"https:\/\/wa.me\/+528115080464\" target=\"_blank\" role=\"button\">\n\t\t\t\t\t\t\tBOOK NOW \n\t\t\t\t\t<\/a>\n\t\t\t\t\tSe requiere &#8220;CICLO I&#8221; completado\n\t\t\t\t\t\t\t\t\t\t\t<h4>MUSICAL ALCHEMY II<\/h4>\n\t\t\t\t\t\t$1,111 USD\n\t\t\t\t<ul role=\"list\"><li role=\"listitem\">\u00b7 <b>Course duration (Cycle II) 4 Weeks<\/b><\/li><li role=\"listitem\">\u00b7 4 Classes of Vibrational Alchemy (Theory)<\/li><li role=\"listitem\">\u2022 4 Sessions of Musical Alchemy (Instrumental)<\/li><li role=\"listitem\">\u2022 1 Private Class of 1 hour<\/li><li role=\"listitem\">\u00b7 Final Session Recording<\/li><li role=\"listitem\">\u00b7 Closing Ceremony<\/li><\/ul>\t\t\t\t\n\t\t\t<a href=\"https:\/\/wa.me\/+528115080464\" target=\"_blank\" role=\"button\">\n\t\t\t\t\t\t\tBOOK NOW \n\t\t\t\t\t<\/a>\n\t\t<h2>\n\t\t\tEducational Map\n\t\t<\/h2>\n\t\t\t<p>We work with <strong>6 Fields of Study<\/strong>, which complement each other for a comprehensive training.<\/p>\t\t\n\t\t\t\tSpace-Time\n\t\t\t\t<p>A fundamental practice and at the center of our system is the singing of the syllable \u201c<strong>OM<\/strong>\u201c, primordial vibration related to Space-Time.<\/p>\n<p>Repeating the syllable out loud for an extended period of time naturally stimulates the senses of <strong>tuning<\/strong>, <strong>presence<\/strong> and <strong>harmony<\/strong> in a person.<\/p>\n<p>After establishing a vibration for a time, one is induced to absolute silence to contemplate the music of the spheres.<\/p>\n<p>This is not a course, but a <strong>elementary practice<\/strong> opening at the school. It&#039;s free for anyone, so you can attend even if you&#039;re not enrolled.<\/p>\n\t\t\t\tHumanity \/ Values\n\t\t\t\t<p>Every course and class in Legatto takes place in a field of humanity and values.<\/p>\n<p>The guides and the community keep their attention that this is the fuel of the school.<\/p>\n<p>This is not a course or a class, but a frequency set in the environment.<\/p>\n\t\t\t\t1. Proportion\n\t\t\t\t<p>The Pillar of Proportion reminds us of our deep relationship with the universe and beauty through perception.<\/p>\n<p>Beauty is studied from an intuitive, mathematical and simple perspective, which profoundly impacts the understanding of music.<\/p>\n<p>The two main topics are <strong>Structure<\/strong> focused on music and <strong>Musical Ear <\/strong>(Ear Training), which will help to recognize and replicate beauty both visually and audibly.<\/p>\n<p>Specializations in this course involve <strong>Geometry<\/strong>, <strong>Cymatics<\/strong> and <strong>Soun Healing<\/strong>.<\/p>\n\t\t\t\t2. Appreciation\n\t\t\t\t<p>The pillar of Appreciation gives us the power to contemplate our surroundings and recognize beauty and chaos at all times.<\/p>\n<p>Here you learn about music from around the world and its cultural history, all in a hands-on and interactive way.<\/p>\n<p>The two main topics are <strong>Musical Ear<\/strong> (Auditory Training) and <strong>Emotional Language<\/strong>, which serve to sensitize to music.<\/p>\n<p>Specializations in this course involve <strong>Geometry<\/strong>, <strong>Voices<\/strong> (and their conduction) and <strong>Sound Healing<\/strong>.<\/p>\n\t\t\t\t3. Harmony\n\t\t\t\t<p>The Harmony pillar focuses us on expanding the resources of the perception of music and allows us to classify these resources to be used in awareness.<\/p>\n<p>The student learns to communicate in the language of music, as well as to understand its impact on the human emotional sphere.<\/p>\n<p>The two main topics are <strong>Musical language<\/strong> and <strong>Emotional Language<\/strong>, which serve to communicate at a deep level in the universal language of music.<\/p>\n<p>The specializations in this course are the <strong>Sound Healing<\/strong>, <strong>Voices\u00a0<\/strong>(and their conduction) and <strong>Chromatism<\/strong>.<\/p>\n\t\t\t\t4. Instrument\n\t\t\t\t<p>The Instrument pillar focuses on musical expression through different instruments.<\/p>\n<p>The student explores the different sounds produced by musical instruments in an interactive and fun way. Likewise, you can opt for individual sessions to improve your technique in a specific instrument.<\/p>\n<p>The two main topics are <strong>Musical language <\/strong>and\u00a0<strong>Acoustics<\/strong>, which serve to naturally reproduce music.<\/p>\n<p>The specializations in this course are the <strong>Voices <\/strong>(and their conduction), <strong>Chromatism<\/strong> and <strong>Microphones<\/strong>.<\/p>\n\t\t\t\t5. Technology\n\t\t\t\t<p>The Technology pillar expands the boundaries to produce and reproduce music in harmony.<\/p>\n<p>The student learns to use the mechanical and digital tools available to develop as a musician. Tools are shared for writing and reading, composing, recording, producing, reproducing and distributing music.<\/p>\n<p>The two main topics are <strong>Acoustics<\/strong>\u00a0and <strong>Digital Tools<\/strong>, which are used to record and produce music.<\/p>\n<p>Specializations in this course involve <strong>Chromatism<\/strong>, <strong>Cymatics<\/strong> and <strong>Microphones<\/strong>.<\/p>\n\t\t\t\t6. Composition\n\t\t\t\t<p>The Composition pillar focuses on creativity through intuitive exploration and use of musical theory tools.<\/p>\n<p>The student learns to use the tools of other pillars to create works that fulfill specific harmonic and emotional functions.<\/p>\n<p>The two main topics are <strong>Structure<\/strong> focused on music and <strong>Digital Tools<\/strong>, which are used to produce music.<\/p>\n<p>Specializations in this course involve <strong>Geometry<\/strong>, <strong>Cymatics<\/strong> and <strong>Microphones<\/strong>.<\/p>\n\t\t\t\t\t\t\t\t\t<img decoding=\"async\" src=\"http:\/\/legatto.space\/wp-content\/uploads\/2021\/08\/Legatto-Educacio\u0301n-Blanco-1024x1024.png\" alt=\"Legatto Educacio\u0301n Blanco\" itemprop=\"image\" srcset=\"https:\/\/legatto.space\/wp-content\/uploads\/2021\/08\/Legatto-Educacio\u0301n-Blanco.png 1921w, https:\/\/legatto.space\/wp-content\/uploads\/2021\/08\/Legatto-Educacio\u0301n-Blanco-300x300.png 300w, https:\/\/legatto.space\/wp-content\/uploads\/2021\/08\/Legatto-Educacio\u0301n-Blanco-100x100.png 100w, https:\/\/legatto.space\/wp-content\/uploads\/2021\/08\/Legatto-Educacio\u0301n-Blanco-600x600.png 600w, https:\/\/legatto.space\/wp-content\/uploads\/2021\/08\/Legatto-Educacio\u0301n-Blanco-1024x1024.png 1024w, https:\/\/legatto.space\/wp-content\/uploads\/2021\/08\/Legatto-Educacio\u0301n-Blanco-150x150.png 150w, https:\/\/legatto.space\/wp-content\/uploads\/2021\/08\/Legatto-Educacio\u0301n-Blanco-768x768.png 768w, https:\/\/legatto.space\/wp-content\/uploads\/2021\/08\/Legatto-Educacio\u0301n-Blanco-1536x1536.png 1536w\" sizes=\"(max-width: 1921px) 100vw, 1921px\" title=\"Legatto Education White\" onerror=\"this.style.display='none'\"  \/>","protected":false},"excerpt":{"rendered":"<p>Cursos Alquimia Musical IMMERSI\u00d3N MUSICAL &#8211; ENERO 20 M\u00e1s informaci\u00f3n GEOMETR\u00cdA SAGRADA CURSO ONLINE M\u00e1s informaci\u00f3n Instrumentos Voz Percusiones Guitarras Handpan Vientos Del Mundo Sound Healing Arpas Entrenamiento Auditivo Teor\u00eda &#038; Composici\u00f3n Teclados Cuerdas Frotadas Nuestros cursos&#8230; Son espacios de aprendizaje recreativo en los que se estudian los pilares fundamentales de la m\u00fasica. Dichos pilares&hellip;<\/p>","protected":false},"author":1,"featured_media":970,"parent":0,"menu_order":0,"comment_status":"closed","ping_status":"closed","template":"","meta":{"footnotes":""},"class_list":["post-38","page","type-page","status-publish","has-post-thumbnail","hentry"],"yoast_head":"<!-- This site is optimized with the Yoast SEO plugin v27.5 - https:\/\/yoast.com\/product\/yoast-seo-wordpress\/ -->\n<title>Cursos - Legatto<\/title>\n<meta name=\"robots\" content=\"index, follow, max-snippet:-1, max-image-preview:large, max-video-preview:-1\" \/>\n<link rel=\"canonical\" href=\"https:\/\/legatto.space\/en\/cursos\/\" \/>\n<meta property=\"og:locale\" content=\"en_US\" \/>\n<meta property=\"og:type\" content=\"article\" \/>\n<meta property=\"og:title\" content=\"Cursos - Legatto\" \/>\n<meta property=\"og:description\" content=\"Cursos Alquimia Musical IMMERSI\u00d3N MUSICAL &#8211; ENERO 20 M\u00e1s informaci\u00f3n GEOMETR\u00cdA SAGRADA CURSO ONLINE M\u00e1s informaci\u00f3n Instrumentos Voz Percusiones Guitarras Handpan Vientos Del Mundo Sound Healing Arpas Entrenamiento Auditivo Teor\u00eda &#038; Composici\u00f3n Teclados Cuerdas Frotadas Nuestros cursos&#8230; Son espacios de aprendizaje recreativo en los que se estudian los pilares fundamentales de la m\u00fasica. Dichos pilares&hellip;\" \/>\n<meta property=\"og:url\" content=\"https:\/\/legatto.space\/en\/cursos\/\" \/>\n<meta property=\"og:site_name\" content=\"Legatto\" \/>\n<meta property=\"article:modified_time\" content=\"2026-04-29T17:28:11+00:00\" \/>\n<meta property=\"og:image\" content=\"https:\/\/legatto.space\/wp-content\/uploads\/2022\/08\/A87V0652.jpg\" \/>\n\t<meta property=\"og:image:width\" content=\"1920\" \/>\n\t<meta property=\"og:image:height\" content=\"1280\" \/>\n\t<meta property=\"og:image:type\" content=\"image\/jpeg\" \/>\n<meta name=\"twitter:card\" content=\"summary_large_image\" \/>\n<meta name=\"twitter:label1\" content=\"Est. reading time\" \/>\n\t<meta name=\"twitter:data1\" content=\"5 minutes\" \/>\n<script type=\"application\/ld+json\" class=\"yoast-schema-graph\">{\"@context\":\"https:\\\/\\\/schema.org\",\"@graph\":[{\"@type\":\"WebPage\",\"@id\":\"https:\\\/\\\/legatto.space\\\/cursos\\\/\",\"url\":\"https:\\\/\\\/legatto.space\\\/cursos\\\/\",\"name\":\"Cursos - Legatto\",\"isPartOf\":{\"@id\":\"https:\\\/\\\/legatto.space\\\/#website\"},\"primaryImageOfPage\":{\"@id\":\"https:\\\/\\\/legatto.space\\\/cursos\\\/#primaryimage\"},\"image\":{\"@id\":\"https:\\\/\\\/legatto.space\\\/cursos\\\/#primaryimage\"},\"thumbnailUrl\":\"https:\\\/\\\/legatto.space\\\/wp-content\\\/uploads\\\/2022\\\/08\\\/A87V0652.jpg\",\"datePublished\":\"2021-07-03T20:58:56+00:00\",\"dateModified\":\"2026-04-29T17:28:11+00:00\",\"breadcrumb\":{\"@id\":\"https:\\\/\\\/legatto.space\\\/cursos\\\/#breadcrumb\"},\"inLanguage\":\"en-US\",\"potentialAction\":[{\"@type\":\"ReadAction\",\"target\":[\"https:\\\/\\\/legatto.space\\\/cursos\\\/\"]}]},{\"@type\":\"ImageObject\",\"inLanguage\":\"en-US\",\"@id\":\"https:\\\/\\\/legatto.space\\\/cursos\\\/#primaryimage\",\"url\":\"https:\\\/\\\/legatto.space\\\/wp-content\\\/uploads\\\/2022\\\/08\\\/A87V0652.jpg\",\"contentUrl\":\"https:\\\/\\\/legatto.space\\\/wp-content\\\/uploads\\\/2022\\\/08\\\/A87V0652.jpg\",\"width\":1920,\"height\":1280},{\"@type\":\"BreadcrumbList\",\"@id\":\"https:\\\/\\\/legatto.space\\\/cursos\\\/#breadcrumb\",\"itemListElement\":[{\"@type\":\"ListItem\",\"position\":1,\"name\":\"Portada\",\"item\":\"https:\\\/\\\/legatto.space\\\/\"},{\"@type\":\"ListItem\",\"position\":2,\"name\":\"Cursos\"}]},{\"@type\":\"WebSite\",\"@id\":\"https:\\\/\\\/legatto.space\\\/#website\",\"url\":\"https:\\\/\\\/legatto.space\\\/\",\"name\":\"Legatto\",\"description\":\"Consciencia Musical\",\"publisher\":{\"@id\":\"https:\\\/\\\/legatto.space\\\/#organization\"},\"potentialAction\":[{\"@type\":\"SearchAction\",\"target\":{\"@type\":\"EntryPoint\",\"urlTemplate\":\"https:\\\/\\\/legatto.space\\\/?s={search_term_string}\"},\"query-input\":{\"@type\":\"PropertyValueSpecification\",\"valueRequired\":true,\"valueName\":\"search_term_string\"}}],\"inLanguage\":\"en-US\"},{\"@type\":\"Organization\",\"@id\":\"https:\\\/\\\/legatto.space\\\/#organization\",\"name\":\"Legatto Institute\",\"url\":\"https:\\\/\\\/legatto.space\\\/\",\"logo\":{\"@type\":\"ImageObject\",\"inLanguage\":\"en-US\",\"@id\":\"https:\\\/\\\/legatto.space\\\/#\\\/schema\\\/logo\\\/image\\\/\",\"url\":\"https:\\\/\\\/legatto.space\\\/wp-content\\\/uploads\\\/2021\\\/07\\\/Legatto-Logo-Final.png\",\"contentUrl\":\"https:\\\/\\\/legatto.space\\\/wp-content\\\/uploads\\\/2021\\\/07\\\/Legatto-Logo-Final.png\",\"width\":1424,\"height\":508,\"caption\":\"Legatto Institute\"},\"image\":{\"@id\":\"https:\\\/\\\/legatto.space\\\/#\\\/schema\\\/logo\\\/image\\\/\"}}]}<\/script>\n<!-- \/ Yoast SEO plugin. -->","yoast_head_json":{"title":"Courses - Legatto","robots":{"index":"index","follow":"follow","max-snippet":"max-snippet:-1","max-image-preview":"max-image-preview:large","max-video-preview":"max-video-preview:-1"},"canonical":"https:\/\/legatto.space\/en\/cursos\/","og_locale":"en_US","og_type":"article","og_title":"Cursos - Legatto","og_description":"Cursos Alquimia Musical IMMERSI\u00d3N MUSICAL &#8211; ENERO 20 M\u00e1s informaci\u00f3n GEOMETR\u00cdA SAGRADA CURSO ONLINE M\u00e1s informaci\u00f3n Instrumentos Voz Percusiones Guitarras Handpan Vientos Del Mundo Sound Healing Arpas Entrenamiento Auditivo Teor\u00eda &#038; Composici\u00f3n Teclados Cuerdas Frotadas Nuestros cursos&#8230; Son espacios de aprendizaje recreativo en los que se estudian los pilares fundamentales de la m\u00fasica. Dichos pilares&hellip;","og_url":"https:\/\/legatto.space\/en\/cursos\/","og_site_name":"Legatto","article_modified_time":"2026-04-29T17:28:11+00:00","og_image":[{"width":1920,"height":1280,"url":"https:\/\/legatto.space\/wp-content\/uploads\/2022\/08\/A87V0652.jpg","type":"image\/jpeg"}],"twitter_card":"summary_large_image","twitter_misc":{"Est. reading time":"5 minutes"},"schema":{"@context":"https:\/\/schema.org","@graph":[{"@type":"WebPage","@id":"https:\/\/legatto.space\/cursos\/","url":"https:\/\/legatto.space\/cursos\/","name":"Courses - Legatto","isPartOf":{"@id":"https:\/\/legatto.space\/#website"},"primaryImageOfPage":{"@id":"https:\/\/legatto.space\/cursos\/#primaryimage"},"image":{"@id":"https:\/\/legatto.space\/cursos\/#primaryimage"},"thumbnailUrl":"https:\/\/legatto.space\/wp-content\/uploads\/2022\/08\/A87V0652.jpg","datePublished":"2021-07-03T20:58:56+00:00","dateModified":"2026-04-29T17:28:11+00:00","breadcrumb":{"@id":"https:\/\/legatto.space\/cursos\/#breadcrumb"},"inLanguage":"en-US","potentialAction":[{"@type":"ReadAction","target":["https:\/\/legatto.space\/cursos\/"]}]},{"@type":"ImageObject","inLanguage":"en-US","@id":"https:\/\/legatto.space\/cursos\/#primaryimage","url":"https:\/\/legatto.space\/wp-content\/uploads\/2022\/08\/A87V0652.jpg","contentUrl":"https:\/\/legatto.space\/wp-content\/uploads\/2022\/08\/A87V0652.jpg","width":1920,"height":1280},{"@type":"BreadcrumbList","@id":"https:\/\/legatto.space\/cursos\/#breadcrumb","itemListElement":[{"@type":"ListItem","position":1,"name":"Portada","item":"https:\/\/legatto.space\/"},{"@type":"ListItem","position":2,"name":"Cursos"}]},{"@type":"WebSite","@id":"https:\/\/legatto.space\/#website","url":"https:\/\/legatto.space\/","name":"Legatto","description":"Musical Consciousness","publisher":{"@id":"https:\/\/legatto.space\/#organization"},"potentialAction":[{"@type":"SearchAction","target":{"@type":"EntryPoint","urlTemplate":"https:\/\/legatto.space\/?s={search_term_string}"},"query-input":{"@type":"PropertyValueSpecification","valueRequired":true,"valueName":"search_term_string"}}],"inLanguage":"en-US"},{"@type":"Organization","@id":"https:\/\/legatto.space\/#organization","name":"Legatto Institute","url":"https:\/\/legatto.space\/","logo":{"@type":"ImageObject","inLanguage":"en-US","@id":"https:\/\/legatto.space\/#\/schema\/logo\/image\/","url":"https:\/\/legatto.space\/wp-content\/uploads\/2021\/07\/Legatto-Logo-Final.png","contentUrl":"https:\/\/legatto.space\/wp-content\/uploads\/2021\/07\/Legatto-Logo-Final.png","width":1424,"height":508,"caption":"Legatto Institute"},"image":{"@id":"https:\/\/legatto.space\/#\/schema\/logo\/image\/"}}]}},"jetpack_sharing_enabled":true,"_links":{"self":[{"href":"https:\/\/legatto.space\/en\/wp-json\/wp\/v2\/pages\/38","targetHints":{"allow":["GET"]}}],"collection":[{"href":"https:\/\/legatto.space\/en\/wp-json\/wp\/v2\/pages"}],"about":[{"href":"https:\/\/legatto.space\/en\/wp-json\/wp\/v2\/types\/page"}],"author":[{"embeddable":true,"href":"https:\/\/legatto.space\/en\/wp-json\/wp\/v2\/users\/1"}],"replies":[{"embeddable":true,"href":"https:\/\/legatto.space\/en\/wp-json\/wp\/v2\/comments?post=38"}],"version-history":[{"count":11,"href":"https:\/\/legatto.space\/en\/wp-json\/wp\/v2\/pages\/38\/revisions"}],"predecessor-version":[{"id":1913,"href":"https:\/\/legatto.space\/en\/wp-json\/wp\/v2\/pages\/38\/revisions\/1913"}],"wp:featuredmedia":[{"embeddable":true,"href":"https:\/\/legatto.space\/en\/wp-json\/wp\/v2\/media\/970"}],"wp:attachment":[{"href":"https:\/\/legatto.space\/en\/wp-json\/wp\/v2\/media?parent=38"}],"curies":[{"name":"wp","href":"https:\/\/api.w.org\/{rel}","templated":true}]}}