{"id":390,"date":"2021-09-08T21:14:01","date_gmt":"2021-09-08T21:14:01","guid":{"rendered":"https:\/\/legatto.space\/?page_id=390"},"modified":"2025-08-05T17:45:04","modified_gmt":"2025-08-05T17:45:04","slug":"investigacion","status":"publish","type":"page","link":"https:\/\/legatto.space\/en\/investigacion\/","title":{"rendered":"Research"},"content":{"rendered":"<h3>\n\t\t\tLet&#039;s explore\n\t\t<\/h3>\n\t\t\t<p>the mysteries of music and geometry to create <strong>HARMONY<\/strong>.<\/p>\t\t\n\t\t<h2>\n\t\t\t\u201cEverything in the Universe has a rhythm, everything dances\u201d\n\t\t<\/h2>\n\t\t\t<p>\u2013 Maya Angelou.<\/p>\t\t\n\t\t\t\t\t\t\t\t\t<img loading=\"lazy\" decoding=\"async\" src=\"https:\/\/legatto.space\/wp-content\/uploads\/2021\/09\/IMG_1279.jpg\" alt=\"Legatto Quadrivium Cosmology\" itemprop=\"image\" height=\"986\" width=\"750\" srcset=\"https:\/\/legatto.space\/wp-content\/uploads\/2021\/09\/IMG_1279.jpg 750w, https:\/\/legatto.space\/wp-content\/uploads\/2021\/09\/IMG_1279-600x789.jpg 600w, https:\/\/legatto.space\/wp-content\/uploads\/2021\/09\/IMG_1279-228x300.jpg 228w, https:\/\/legatto.space\/wp-content\/uploads\/2021\/09\/IMG_1279-9x12.jpg 9w\" sizes=\"auto, (max-width: 750px) 100vw, 750px\" title=\"IMG_1279\" onerror=\"this.style.display='none'\"  \/>\n\t\t<h2>\n\t\t\tWe investigate\u2026\n\t\t<\/h2>\n\t\t\t<p>topics that we are passionate about and that could benefit the understanding of the world around us. At Legatto we dedicate spaces to the investigation of the relationship between the liberal arts and their potential applications for technologies, health and expression. Studying with us is also an opportunity to participate in the various areas of research. We currently do research in:<\/p><ul><li><strong>The codes of music<\/strong> (What the Rhythms, Intervals and Scales communicate).<\/li><li><strong>Music-Geometry Relationship<\/strong>.<\/li><li><strong>Influence of Harmonics on Matter<\/strong>.<\/li><li><strong>Application of Phi \u03c6 (1.618..) in sound<\/strong>.<\/li><li><strong>Gravitational harmony for planetary systems<\/strong>.<\/li><li><strong>Ervin Wilson: Tuning Systems and Patterns.<\/strong><\/li><\/ul>\t\t\n\t<p><a href=\"https:\/\/legatto.space\/en\/quadrivium\/\"><strong>LEARN MORE ABOUT THE QUADRIVIUM BY CLICKING HERE<\/strong><\/a><\/p>\n\t\t\t\t<a\n\t\t\thref=\"https:\/\/legatto.space\/wp-content\/uploads\/2021\/09\/IMG_1266.jpg\"\n\t\t\t\t\t\tdata-fancybox=\"images\" \n\t\t\ttitle=\"IMG_1266\" \n\t\t\t\t\t\tdata-caption=\"\"\n\t\t\t\t\t\tdata-description=\"\" \n\t\t\titemprop=\"contentUrl\">\n\t\t\t<img loading=\"lazy\" decoding=\"async\" src=\"https:\/\/legatto.space\/wp-content\/uploads\/2021\/09\/IMG_1266.jpg\" alt=\"Legatto Quadrivium Phi\" data-no-lazy=\"1\" itemprop=\"thumbnail\" width=\"750\" height=\"921\" \/>\n\t\t\t<!-- Overlay Wrapper -->\n\t\t\t <!-- Overlay Wrapper Closed -->\n\t\t\t\t<\/a>\n\t\t\t\t\t\t\t<meta itemprop=\"width\" content=\"750\" \/>\n\t\t\t<meta itemprop=\"height\" content=\"921\" \/>\n\t\t\t\t<a\n\t\t\thref=\"https:\/\/legatto.space\/wp-content\/uploads\/2021\/09\/IMG_1280.jpg\"\n\t\t\t\t\t\tdata-fancybox=\"images\" \n\t\t\ttitle=\"IMG_1280\" \n\t\t\t\t\t\tdata-caption=\"\"\n\t\t\t\t\t\tdata-description=\"\" \n\t\t\titemprop=\"contentUrl\">\n\t\t\t<img loading=\"lazy\" decoding=\"async\" src=\"https:\/\/legatto.space\/wp-content\/uploads\/2021\/09\/IMG_1280.jpg\" alt=\"Legatto Quadrivium Galaxy\" data-no-lazy=\"1\" itemprop=\"thumbnail\" width=\"750\" height=\"953\" \/>\n\t\t\t<!-- Overlay Wrapper -->\n\t\t\t <!-- Overlay Wrapper Closed -->\n\t\t\t\t<\/a>\n\t\t\t\t\t\t\t<meta itemprop=\"width\" content=\"750\" \/>\n\t\t\t<meta itemprop=\"height\" content=\"953\" \/>\n\t\t\t\t<a\n\t\t\thref=\"https:\/\/legatto.space\/wp-content\/uploads\/2021\/09\/IMG_1276.jpg\"\n\t\t\t\t\t\tdata-fancybox=\"images\" \n\t\t\ttitle=\"IMG_1276\" \n\t\t\t\t\t\tdata-caption=\"\"\n\t\t\t\t\t\tdata-description=\"\" \n\t\t\titemprop=\"contentUrl\">\n\t\t\t<img loading=\"lazy\" decoding=\"async\" src=\"https:\/\/legatto.space\/wp-content\/uploads\/2021\/09\/IMG_1276.jpg\" alt=\"Legatto Quadrivium Proportions\" data-no-lazy=\"1\" itemprop=\"thumbnail\" width=\"750\" height=\"798\" \/>\n\t\t\t<!-- Overlay Wrapper -->\n\t\t\t <!-- Overlay Wrapper Closed -->\n\t\t\t\t<\/a>\n\t\t\t\t\t\t\t<meta itemprop=\"width\" content=\"750\" \/>\n\t\t\t<meta itemprop=\"height\" content=\"798\" \/>\n\t\t\t\t<a\n\t\t\thref=\"https:\/\/legatto.space\/wp-content\/uploads\/2021\/09\/IMG_1272-748x1024.jpg\"\n\t\t\t\t\t\tdata-fancybox=\"images\" \n\t\t\ttitle=\"IMG_1272\" \n\t\t\t\t\t\tdata-caption=\"\"\n\t\t\t\t\t\tdata-description=\"\" \n\t\t\titemprop=\"contentUrl\">\n\t\t\t<img loading=\"lazy\" decoding=\"async\" src=\"https:\/\/legatto.space\/wp-content\/uploads\/2021\/09\/IMG_1272-748x1024.jpg\" alt=\"Legatto Quadrivium Comma\" data-no-lazy=\"1\" itemprop=\"thumbnail\" width=\"748\" height=\"1024\" \/>\n\t\t\t<!-- Overlay Wrapper -->\n\t\t\t <!-- Overlay Wrapper Closed -->\n\t\t\t\t<\/a>\n\t\t\t\t\t\t\t<meta itemprop=\"width\" content=\"748\" \/>\n\t\t\t<meta itemprop=\"height\" content=\"1024\" \/>\n\t\t\t\t<a\n\t\t\thref=\"https:\/\/legatto.space\/wp-content\/uploads\/2021\/09\/IMG_1279.jpg\"\n\t\t\t\t\t\tdata-fancybox=\"images\" \n\t\t\ttitle=\"IMG_1279\" \n\t\t\t\t\t\tdata-caption=\"\"\n\t\t\t\t\t\tdata-description=\"\" \n\t\t\titemprop=\"contentUrl\">\n\t\t\t<img loading=\"lazy\" decoding=\"async\" src=\"https:\/\/legatto.space\/wp-content\/uploads\/2021\/09\/IMG_1279.jpg\" alt=\"Legatto Quadrivium Cosmology\" data-no-lazy=\"1\" itemprop=\"thumbnail\" width=\"750\" height=\"986\" \/>\n\t\t\t<!-- Overlay Wrapper -->\n\t\t\t <!-- Overlay Wrapper Closed -->\n\t\t\t\t<\/a>\n\t\t\t\t\t\t\t<meta itemprop=\"width\" content=\"750\" \/>\n\t\t\t<meta itemprop=\"height\" content=\"986\" \/>\n\t\t\t\t<a\n\t\t\thref=\"https:\/\/legatto.space\/wp-content\/uploads\/2021\/09\/IMG_1275-670x1024.jpg\"\n\t\t\t\t\t\tdata-fancybox=\"images\" \n\t\t\ttitle=\"IMG_1275\" \n\t\t\t\t\t\tdata-caption=\"\"\n\t\t\t\t\t\tdata-description=\"\" \n\t\t\titemprop=\"contentUrl\">\n\t\t\t<img loading=\"lazy\" decoding=\"async\" src=\"https:\/\/legatto.space\/wp-content\/uploads\/2021\/09\/IMG_1275-670x1024.jpg\" alt=\"Legatto Quadrivium Chladni\" data-no-lazy=\"1\" itemprop=\"thumbnail\" width=\"670\" height=\"1024\" \/>\n\t\t\t<!-- Overlay Wrapper -->\n\t\t\t <!-- Overlay Wrapper Closed -->\n\t\t\t\t<\/a>\n\t\t\t\t\t\t\t<meta itemprop=\"width\" content=\"670\" \/>\n\t\t\t<meta itemprop=\"height\" content=\"1024\" \/>\n\t\t\t\t<a\n\t\t\thref=\"https:\/\/legatto.space\/wp-content\/uploads\/2021\/09\/IMG_1268-695x1024.jpg\"\n\t\t\t\t\t\tdata-fancybox=\"images\" \n\t\t\ttitle=\"IMG_1268\" \n\t\t\t\t\t\tdata-caption=\"\"\n\t\t\t\t\t\tdata-description=\"\" \n\t\t\titemprop=\"contentUrl\">\n\t\t\t<img loading=\"lazy\" decoding=\"async\" src=\"https:\/\/legatto.space\/wp-content\/uploads\/2021\/09\/IMG_1268-695x1024.jpg\" alt=\"Legatto Quadrivium Sound\" data-no-lazy=\"1\" itemprop=\"thumbnail\" width=\"695\" height=\"1024\" \/>\n\t\t\t<!-- Overlay Wrapper -->\n\t\t\t <!-- Overlay Wrapper Closed -->\n\t\t\t\t<\/a>\n\t\t\t\t\t\t\t<meta itemprop=\"width\" content=\"695\" \/>\n\t\t\t<meta itemprop=\"height\" content=\"1024\" \/>\n\t\t\t\t<a\n\t\t\thref=\"https:\/\/legatto.space\/wp-content\/uploads\/2021\/09\/IMG_1277-1024x590.jpg\"\n\t\t\t\t\t\tdata-fancybox=\"images\" \n\t\t\ttitle=\"IMG_1277\" \n\t\t\t\t\t\tdata-caption=\"\"\n\t\t\t\t\t\tdata-description=\"\" \n\t\t\titemprop=\"contentUrl\">\n\t\t\t<img loading=\"lazy\" decoding=\"async\" src=\"https:\/\/legatto.space\/wp-content\/uploads\/2021\/09\/IMG_1277-1024x590.jpg\" alt=\"Legatto Quadrivium Visual\" data-no-lazy=\"1\" itemprop=\"thumbnail\" width=\"1024\" height=\"590\" \/>\n\t\t\t<!-- Overlay Wrapper -->\n\t\t\t <!-- Overlay Wrapper Closed -->\n\t\t\t\t<\/a>\n\t\t\t\t\t\t\t<meta itemprop=\"width\" content=\"1024\" \/>\n\t\t\t<meta itemprop=\"height\" content=\"590\" \/>\n\t\t\t\t<a\n\t\t\thref=\"https:\/\/legatto.space\/wp-content\/uploads\/2021\/09\/IMG_1270.jpg\"\n\t\t\t\t\t\tdata-fancybox=\"images\" \n\t\t\ttitle=\"IMG_1270\" \n\t\t\t\t\t\tdata-caption=\"\"\n\t\t\t\t\t\tdata-description=\"\" \n\t\t\titemprop=\"contentUrl\">\n\t\t\t<img loading=\"lazy\" decoding=\"async\" src=\"https:\/\/legatto.space\/wp-content\/uploads\/2021\/09\/IMG_1270.jpg\" alt=\"Legatto Quadrivium Sound\" data-no-lazy=\"1\" itemprop=\"thumbnail\" width=\"750\" height=\"1010\" \/>\n\t\t\t<!-- Overlay Wrapper -->\n\t\t\t <!-- Overlay Wrapper Closed -->\n\t\t\t\t<\/a>\n\t\t\t\t\t\t\t<meta itemprop=\"width\" content=\"750\" \/>\n\t\t\t<meta itemprop=\"height\" content=\"1010\" \/>\n\t\t\t\t<a\n\t\t\thref=\"https:\/\/legatto.space\/wp-content\/uploads\/2021\/09\/IMG_1269-702x1024.jpg\"\n\t\t\t\t\t\tdata-fancybox=\"images\" \n\t\t\ttitle=\"IMG_1269\" \n\t\t\t\t\t\tdata-caption=\"\"\n\t\t\t\t\t\tdata-description=\"\" \n\t\t\titemprop=\"contentUrl\">\n\t\t\t<img loading=\"lazy\" decoding=\"async\" src=\"https:\/\/legatto.space\/wp-content\/uploads\/2021\/09\/IMG_1269-702x1024.jpg\" alt=\"Legatto Quadrivium Monochord\" data-no-lazy=\"1\" itemprop=\"thumbnail\" width=\"702\" height=\"1024\" \/>\n\t\t\t<!-- Overlay Wrapper -->\n\t\t\t <!-- Overlay Wrapper Closed -->\n\t\t\t\t<\/a>\n\t\t\t\t\t\t\t<meta itemprop=\"width\" content=\"702\" \/>\n\t\t\t<meta itemprop=\"height\" content=\"1024\" \/>\n\t\t\t\t<a\n\t\t\thref=\"https:\/\/legatto.space\/wp-content\/uploads\/2021\/09\/IMG_1273-620x1024.jpg\"\n\t\t\t\t\t\tdata-fancybox=\"images\" \n\t\t\ttitle=\"IMG_1273\" \n\t\t\t\t\t\tdata-caption=\"\"\n\t\t\t\t\t\tdata-description=\"\" \n\t\t\titemprop=\"contentUrl\">\n\t\t\t<img loading=\"lazy\" decoding=\"async\" src=\"https:\/\/legatto.space\/wp-content\/uploads\/2021\/09\/IMG_1273-620x1024.jpg\" alt=\"Legatto Quadrivium Waves\" data-no-lazy=\"1\" itemprop=\"thumbnail\" width=\"620\" height=\"1024\" \/>\n\t\t\t<!-- Overlay Wrapper -->\n\t\t\t <!-- Overlay Wrapper Closed -->\n\t\t\t\t<\/a>\n\t\t\t\t\t\t\t<meta itemprop=\"width\" content=\"620\" \/>\n\t\t\t<meta itemprop=\"height\" content=\"1024\" \/>\n\t\t\t\t<a\n\t\t\thref=\"https:\/\/legatto.space\/wp-content\/uploads\/2021\/09\/IMG_1274.jpg\"\n\t\t\t\t\t\tdata-fancybox=\"images\" \n\t\t\ttitle=\"IMG_1274\" \n\t\t\t\t\t\tdata-caption=\"\"\n\t\t\t\t\t\tdata-description=\"\" \n\t\t\titemprop=\"contentUrl\">\n\t\t\t<img loading=\"lazy\" decoding=\"async\" src=\"https:\/\/legatto.space\/wp-content\/uploads\/2021\/09\/IMG_1274.jpg\" alt=\"Legatto Quadrivium Harmonograph\" data-no-lazy=\"1\" itemprop=\"thumbnail\" width=\"750\" height=\"904\" \/>\n\t\t\t<!-- Overlay Wrapper -->\n\t\t\t <!-- Overlay Wrapper Closed -->\n\t\t\t\t<\/a>\n\t\t\t\t\t\t\t<meta itemprop=\"width\" content=\"750\" \/>\n\t\t\t<meta itemprop=\"height\" content=\"904\" \/>\n\t\t\t\t<a\n\t\t\thref=\"https:\/\/legatto.space\/wp-content\/uploads\/2021\/09\/IMG_1271.jpg\"\n\t\t\t\t\t\tdata-fancybox=\"images\" \n\t\t\ttitle=\"IMG_1271\" \n\t\t\t\t\t\tdata-caption=\"\"\n\t\t\t\t\t\tdata-description=\"\" \n\t\t\titemprop=\"contentUrl\">\n\t\t\t<img loading=\"lazy\" decoding=\"async\" src=\"https:\/\/legatto.space\/wp-content\/uploads\/2021\/09\/IMG_1271.jpg\" alt=\"Legatto Quadrivium Intervals\" data-no-lazy=\"1\" itemprop=\"thumbnail\" width=\"750\" height=\"769\" \/>\n\t\t\t<!-- Overlay Wrapper -->\n\t\t\t <!-- Overlay Wrapper Closed -->\n\t\t\t\t<\/a>\n\t\t\t\t\t\t\t<meta itemprop=\"width\" content=\"750\" \/>\n\t\t\t<meta itemprop=\"height\" content=\"769\" \/>\n\t\t\t\t<a\n\t\t\thref=\"https:\/\/legatto.space\/wp-content\/uploads\/2021\/09\/IMG_1267.jpg\"\n\t\t\t\t\t\tdata-fancybox=\"images\" \n\t\t\ttitle=\"IMG_1267\" \n\t\t\t\t\t\tdata-caption=\"\"\n\t\t\t\t\t\tdata-description=\"\" \n\t\t\titemprop=\"contentUrl\">\n\t\t\t<img loading=\"lazy\" decoding=\"async\" src=\"https:\/\/legatto.space\/wp-content\/uploads\/2021\/09\/IMG_1267.jpg\" alt=\"Legatto Quadrivium Human\" data-no-lazy=\"1\" itemprop=\"thumbnail\" width=\"750\" height=\"894\" \/>\n\t\t\t<!-- Overlay Wrapper -->\n\t\t\t <!-- Overlay Wrapper Closed -->\n\t\t\t\t<\/a>\n\t\t\t\t\t\t\t<meta itemprop=\"width\" content=\"750\" \/>\n\t\t\t<meta itemprop=\"height\" content=\"894\" \/>\n\t\t\t\t<a\n\t\t\thref=\"https:\/\/legatto.space\/wp-content\/uploads\/2021\/09\/IMG_1265.jpg\"\n\t\t\t\t\t\tdata-fancybox=\"images\" \n\t\t\ttitle=\"IMG_1265\" \n\t\t\t\t\t\tdata-caption=\"\"\n\t\t\t\t\t\tdata-description=\"\" \n\t\t\titemprop=\"contentUrl\">\n\t\t\t<img loading=\"lazy\" decoding=\"async\" src=\"https:\/\/legatto.space\/wp-content\/uploads\/2021\/09\/IMG_1265.jpg\" alt=\"Legatto Quadrivium\" data-no-lazy=\"1\" itemprop=\"thumbnail\" width=\"750\" height=\"977\" \/>\n\t\t\t<!-- Overlay Wrapper -->\n\t\t\t <!-- Overlay Wrapper Closed -->\n\t\t\t\t<\/a>\n\t\t\t\t\t\t\t<meta itemprop=\"width\" content=\"750\" \/>\n\t\t\t<meta itemprop=\"height\" content=\"977\" \/>\n\t<a href=\"https:\/\/www.amazon.com\/Quadrivium-Classical-Liberal-Geometry-Cosmology\/dp\/0802778135\" target=\"_blank\" role=\"button\" rel=\"noopener\" aria-label=\"Click here to purchase the Quadrivium\">\n\t\t\t\t\t\tClick here to purchase the Quadrivium\n\t\t\t<\/a>","protected":false},"excerpt":{"rendered":"<p>Let&#039;s explore the mysteries of music and geometry to create HARMONY. &quot;Everything in the Universe has a rhythm, everything dances&quot; \u2013 Maya Angelou. Let&#039;s investigate... topics that we are passionate about and that could benefit our understanding of the world around us. At Legatto, we dedicate spaces to exploring the relationship between the liberal arts...<\/p>","protected":false},"author":1,"featured_media":380,"parent":0,"menu_order":0,"comment_status":"closed","ping_status":"closed","template":"","meta":{"footnotes":""},"class_list":["post-390","page","type-page","status-publish","has-post-thumbnail","hentry"],"yoast_head":"<!-- This site is optimized with the Yoast SEO plugin v27.5 - https:\/\/yoast.com\/product\/yoast-seo-wordpress\/ -->\n<title>Investigaci\u00f3n - Legatto<\/title>\n<meta name=\"robots\" content=\"index, follow, max-snippet:-1, max-image-preview:large, max-video-preview:-1\" \/>\n<link rel=\"canonical\" href=\"https:\/\/legatto.space\/en\/investigacion\/\" \/>\n<meta property=\"og:locale\" content=\"en_US\" \/>\n<meta property=\"og:type\" content=\"article\" \/>\n<meta property=\"og:title\" content=\"Investigaci\u00f3n - Legatto\" \/>\n<meta property=\"og:description\" content=\"Exploremos los misterios de la m\u00fasica y la geometr\u00eda para crear ARMON\u00cdA. &#8220;Todo en el Universo tiene un ritmo, todo baila&#8221; &#8211; Maya Angelou. Investigamos&#8230; temas que nos apasionan y que podr\u00edan beneficiar a la comprensi\u00f3n del mundo que nos rodea. En Legatto dedicamos espacios a la investigaci\u00f3n de la relaci\u00f3n entre las artes liberales&hellip;\" \/>\n<meta property=\"og:url\" content=\"https:\/\/legatto.space\/en\/investigacion\/\" \/>\n<meta property=\"og:site_name\" content=\"Legatto\" \/>\n<meta property=\"article:modified_time\" content=\"2025-08-05T17:45:04+00:00\" \/>\n<meta property=\"og:image\" content=\"https:\/\/legatto.space\/wp-content\/uploads\/2021\/09\/Legatto-PP.jpg\" \/>\n\t<meta property=\"og:image:width\" content=\"625\" \/>\n\t<meta property=\"og:image:height\" content=\"389\" \/>\n\t<meta property=\"og:image:type\" content=\"image\/jpeg\" \/>\n<meta name=\"twitter:card\" content=\"summary_large_image\" \/>\n<script type=\"application\/ld+json\" class=\"yoast-schema-graph\">{\"@context\":\"https:\\\/\\\/schema.org\",\"@graph\":[{\"@type\":\"WebPage\",\"@id\":\"https:\\\/\\\/legatto.space\\\/investigacion\\\/\",\"url\":\"https:\\\/\\\/legatto.space\\\/investigacion\\\/\",\"name\":\"Investigaci\u00f3n - Legatto\",\"isPartOf\":{\"@id\":\"https:\\\/\\\/legatto.space\\\/#website\"},\"primaryImageOfPage\":{\"@id\":\"https:\\\/\\\/legatto.space\\\/investigacion\\\/#primaryimage\"},\"image\":{\"@id\":\"https:\\\/\\\/legatto.space\\\/investigacion\\\/#primaryimage\"},\"thumbnailUrl\":\"https:\\\/\\\/legatto.space\\\/wp-content\\\/uploads\\\/2021\\\/09\\\/Legatto-PP.jpg\",\"datePublished\":\"2021-09-08T21:14:01+00:00\",\"dateModified\":\"2025-08-05T17:45:04+00:00\",\"breadcrumb\":{\"@id\":\"https:\\\/\\\/legatto.space\\\/investigacion\\\/#breadcrumb\"},\"inLanguage\":\"en-US\",\"potentialAction\":[{\"@type\":\"ReadAction\",\"target\":[\"https:\\\/\\\/legatto.space\\\/investigacion\\\/\"]}]},{\"@type\":\"ImageObject\",\"inLanguage\":\"en-US\",\"@id\":\"https:\\\/\\\/legatto.space\\\/investigacion\\\/#primaryimage\",\"url\":\"https:\\\/\\\/legatto.space\\\/wp-content\\\/uploads\\\/2021\\\/09\\\/Legatto-PP.jpg\",\"contentUrl\":\"https:\\\/\\\/legatto.space\\\/wp-content\\\/uploads\\\/2021\\\/09\\\/Legatto-PP.jpg\",\"width\":625,\"height\":389,\"caption\":\"Legatto Institute\"},{\"@type\":\"BreadcrumbList\",\"@id\":\"https:\\\/\\\/legatto.space\\\/investigacion\\\/#breadcrumb\",\"itemListElement\":[{\"@type\":\"ListItem\",\"position\":1,\"name\":\"Portada\",\"item\":\"https:\\\/\\\/legatto.space\\\/\"},{\"@type\":\"ListItem\",\"position\":2,\"name\":\"Investigaci\u00f3n\"}]},{\"@type\":\"WebSite\",\"@id\":\"https:\\\/\\\/legatto.space\\\/#website\",\"url\":\"https:\\\/\\\/legatto.space\\\/\",\"name\":\"Legatto\",\"description\":\"Consciencia Musical\",\"publisher\":{\"@id\":\"https:\\\/\\\/legatto.space\\\/#organization\"},\"potentialAction\":[{\"@type\":\"SearchAction\",\"target\":{\"@type\":\"EntryPoint\",\"urlTemplate\":\"https:\\\/\\\/legatto.space\\\/?s={search_term_string}\"},\"query-input\":{\"@type\":\"PropertyValueSpecification\",\"valueRequired\":true,\"valueName\":\"search_term_string\"}}],\"inLanguage\":\"en-US\"},{\"@type\":\"Organization\",\"@id\":\"https:\\\/\\\/legatto.space\\\/#organization\",\"name\":\"Legatto Institute\",\"url\":\"https:\\\/\\\/legatto.space\\\/\",\"logo\":{\"@type\":\"ImageObject\",\"inLanguage\":\"en-US\",\"@id\":\"https:\\\/\\\/legatto.space\\\/#\\\/schema\\\/logo\\\/image\\\/\",\"url\":\"https:\\\/\\\/legatto.space\\\/wp-content\\\/uploads\\\/2021\\\/07\\\/Legatto-Logo-Final.png\",\"contentUrl\":\"https:\\\/\\\/legatto.space\\\/wp-content\\\/uploads\\\/2021\\\/07\\\/Legatto-Logo-Final.png\",\"width\":1424,\"height\":508,\"caption\":\"Legatto Institute\"},\"image\":{\"@id\":\"https:\\\/\\\/legatto.space\\\/#\\\/schema\\\/logo\\\/image\\\/\"}}]}<\/script>\n<!-- \/ Yoast SEO plugin. -->","yoast_head_json":{"title":"Research - Legatto","robots":{"index":"index","follow":"follow","max-snippet":"max-snippet:-1","max-image-preview":"max-image-preview:large","max-video-preview":"max-video-preview:-1"},"canonical":"https:\/\/legatto.space\/en\/investigacion\/","og_locale":"en_US","og_type":"article","og_title":"Investigaci\u00f3n - Legatto","og_description":"Exploremos los misterios de la m\u00fasica y la geometr\u00eda para crear ARMON\u00cdA. &#8220;Todo en el Universo tiene un ritmo, todo baila&#8221; &#8211; Maya Angelou. Investigamos&#8230; temas que nos apasionan y que podr\u00edan beneficiar a la comprensi\u00f3n del mundo que nos rodea. En Legatto dedicamos espacios a la investigaci\u00f3n de la relaci\u00f3n entre las artes liberales&hellip;","og_url":"https:\/\/legatto.space\/en\/investigacion\/","og_site_name":"Legatto","article_modified_time":"2025-08-05T17:45:04+00:00","og_image":[{"width":625,"height":389,"url":"https:\/\/legatto.space\/wp-content\/uploads\/2021\/09\/Legatto-PP.jpg","type":"image\/jpeg"}],"twitter_card":"summary_large_image","schema":{"@context":"https:\/\/schema.org","@graph":[{"@type":"WebPage","@id":"https:\/\/legatto.space\/investigacion\/","url":"https:\/\/legatto.space\/investigacion\/","name":"Research - Legatto","isPartOf":{"@id":"https:\/\/legatto.space\/#website"},"primaryImageOfPage":{"@id":"https:\/\/legatto.space\/investigacion\/#primaryimage"},"image":{"@id":"https:\/\/legatto.space\/investigacion\/#primaryimage"},"thumbnailUrl":"https:\/\/legatto.space\/wp-content\/uploads\/2021\/09\/Legatto-PP.jpg","datePublished":"2021-09-08T21:14:01+00:00","dateModified":"2025-08-05T17:45:04+00:00","breadcrumb":{"@id":"https:\/\/legatto.space\/investigacion\/#breadcrumb"},"inLanguage":"en-US","potentialAction":[{"@type":"ReadAction","target":["https:\/\/legatto.space\/investigacion\/"]}]},{"@type":"ImageObject","inLanguage":"en-US","@id":"https:\/\/legatto.space\/investigacion\/#primaryimage","url":"https:\/\/legatto.space\/wp-content\/uploads\/2021\/09\/Legatto-PP.jpg","contentUrl":"https:\/\/legatto.space\/wp-content\/uploads\/2021\/09\/Legatto-PP.jpg","width":625,"height":389,"caption":"Legatto Institute"},{"@type":"BreadcrumbList","@id":"https:\/\/legatto.space\/investigacion\/#breadcrumb","itemListElement":[{"@type":"ListItem","position":1,"name":"Portada","item":"https:\/\/legatto.space\/"},{"@type":"ListItem","position":2,"name":"Investigaci\u00f3n"}]},{"@type":"WebSite","@id":"https:\/\/legatto.space\/#website","url":"https:\/\/legatto.space\/","name":"Legatto","description":"Musical Consciousness","publisher":{"@id":"https:\/\/legatto.space\/#organization"},"potentialAction":[{"@type":"SearchAction","target":{"@type":"EntryPoint","urlTemplate":"https:\/\/legatto.space\/?s={search_term_string}"},"query-input":{"@type":"PropertyValueSpecification","valueRequired":true,"valueName":"search_term_string"}}],"inLanguage":"en-US"},{"@type":"Organization","@id":"https:\/\/legatto.space\/#organization","name":"Legatto Institute","url":"https:\/\/legatto.space\/","logo":{"@type":"ImageObject","inLanguage":"en-US","@id":"https:\/\/legatto.space\/#\/schema\/logo\/image\/","url":"https:\/\/legatto.space\/wp-content\/uploads\/2021\/07\/Legatto-Logo-Final.png","contentUrl":"https:\/\/legatto.space\/wp-content\/uploads\/2021\/07\/Legatto-Logo-Final.png","width":1424,"height":508,"caption":"Legatto Institute"},"image":{"@id":"https:\/\/legatto.space\/#\/schema\/logo\/image\/"}}]}},"jetpack_sharing_enabled":true,"_links":{"self":[{"href":"https:\/\/legatto.space\/en\/wp-json\/wp\/v2\/pages\/390","targetHints":{"allow":["GET"]}}],"collection":[{"href":"https:\/\/legatto.space\/en\/wp-json\/wp\/v2\/pages"}],"about":[{"href":"https:\/\/legatto.space\/en\/wp-json\/wp\/v2\/types\/page"}],"author":[{"embeddable":true,"href":"https:\/\/legatto.space\/en\/wp-json\/wp\/v2\/users\/1"}],"replies":[{"embeddable":true,"href":"https:\/\/legatto.space\/en\/wp-json\/wp\/v2\/comments?post=390"}],"version-history":[{"count":21,"href":"https:\/\/legatto.space\/en\/wp-json\/wp\/v2\/pages\/390\/revisions"}],"predecessor-version":[{"id":1668,"href":"https:\/\/legatto.space\/en\/wp-json\/wp\/v2\/pages\/390\/revisions\/1668"}],"wp:featuredmedia":[{"embeddable":true,"href":"https:\/\/legatto.space\/en\/wp-json\/wp\/v2\/media\/380"}],"wp:attachment":[{"href":"https:\/\/legatto.space\/en\/wp-json\/wp\/v2\/media?parent=390"}],"curies":[{"name":"wp","href":"https:\/\/api.w.org\/{rel}","templated":true}]}}