{"id":40,"date":"2021-07-03T21:02:35","date_gmt":"2021-07-03T21:02:35","guid":{"rendered":"https:\/\/legatto.space\/?page_id=40"},"modified":"2026-01-27T23:40:35","modified_gmt":"2026-01-27T23:40:35","slug":"clases","status":"publish","type":"page","link":"https:\/\/legatto.space\/en\/clases\/","title":{"rendered":"Classes"},"content":{"rendered":"<h2>\n\t\t\tMusic Labs\n\t\t<\/h2>\n\t\t\tLIVING TRANSFORMATION THROUGH MUSIC\t\t\n\t\t<h3>\n\t\t\tLaboratories of <a href=\"https:\/\/legatto.space\/en\/alquimia-musical\/\">Music Alchemy<\/a>\n\t\t<\/h3>\n\t\t\t<em><strong>\u201cMusical Alchemy\u201d<\/strong> <\/em>It is a fusion of intuition, technique, and ancestral wisdom. Each lab invites you to:<ul><li><ul dir=\"auto\"><li><strong>Feel the music<\/strong> from the body, emotion and deep listening.<\/li><li><strong>Explore musical forms<\/strong>, ancestral and contemporary, in a playful way.<\/li><li><strong>Integrate theory, practice and geometry<\/strong> to understand music as a living language.<\/li><li><strong>Creating and sharing from the heart in community<\/strong>.<\/li><\/ul><\/li><\/ul>\t\t\n\t\t\t\t\t\t\t\t\t<img loading=\"lazy\" decoding=\"async\" src=\"https:\/\/legatto.space\/wp-content\/uploads\/2025\/07\/MuciAlchemy043.jpg\" alt=\"MuciAlchemy043\" itemprop=\"image\" height=\"2000\" width=\"1333\" srcset=\"https:\/\/legatto.space\/wp-content\/uploads\/2025\/07\/MuciAlchemy043.jpg 1333w, https:\/\/legatto.space\/wp-content\/uploads\/2025\/07\/MuciAlchemy043-200x300.jpg 200w, https:\/\/legatto.space\/wp-content\/uploads\/2025\/07\/MuciAlchemy043-682x1024.jpg 682w, https:\/\/legatto.space\/wp-content\/uploads\/2025\/07\/MuciAlchemy043-768x1152.jpg 768w, https:\/\/legatto.space\/wp-content\/uploads\/2025\/07\/MuciAlchemy043-1024x1536.jpg 1024w, https:\/\/legatto.space\/wp-content\/uploads\/2025\/07\/MuciAlchemy043-8x12.jpg 8w, https:\/\/legatto.space\/wp-content\/uploads\/2025\/07\/MuciAlchemy043-600x900.jpg 600w\" sizes=\"auto, (max-width: 1333px) 100vw, 1333px\" title=\"MuciAlchemy043\" onerror=\"this.style.display='none'\"  \/>\n\t\t<h2>\n\t\t\tInstruments\n\t\t<\/h2>\n<h4>\n\t\t\tVoice\t<\/h4>\n<h4>\n\t\t\tPercussions\t<\/h4>\n<h4>\n\t\t\tGuitars\t<\/h4>\n<h4>\n\t\t\tHandpan\t<\/h4>\n<h4>\n\t\t\tWinds\t<\/h4>\n<h4>\n\t\t\tWorld Instruments\t<\/h4>\n<h4>\n\t\t\tSound Healing\t<\/h4>\n<h4>\n\t\t\tHarps\t<\/h4>\n<h4>\n\t\t\tEar Training\t<\/h4>\n<h4>\n\t\t\tTheory &amp; Composition\t<\/h4>\n<h4>\n\t\t\tKeyboards\t<\/h4>\n<h4>\n\t\t\tStrings\t<\/h4>\n\t\t\t\t\t\t\t\t\t<img loading=\"lazy\" decoding=\"async\" src=\"https:\/\/legatto.space\/wp-content\/uploads\/bb-plugin\/cache\/A87V0756-1024x683-landscape.jpg\" alt=\"A87V0756\" itemprop=\"image\" height=\"683\" width=\"1024\" title=\"A87V0756\" onerror=\"this.style.display='none'\"  \/>\n\t\t<h3>\n\t\t\tALCHEMY<br \/>MUSICAL<br \/>\n\t\t<\/h3>\n\t\t\t<strong>Musical Alchemy is a deep dive into the essence of sound and rhythm<\/strong>We will explore the vital pulse, the structure of the 12 musical notes, and the freedom to improvise from the heart.<strong>This space is designed for musicians, seekers, and creators to connect with the root of musical language in an organic, living, and transformative way.<\/strong><h4 data-start=\"674\" data-end=\"704\">What are you going to experience?<\/h4><ul data-start=\"705\" data-end=\"1035\"><li data-start=\"705\" data-end=\"764\">Activation of body rhythm as the basis of all sound.<\/li><li data-start=\"765\" data-end=\"855\">Discovering the nature of the 12 notes: their color, their tension, and their resonance.<\/li><li data-start=\"765\" data-end=\"855\">Nature of musical harmony and its practical application.<\/li><li data-start=\"856\" data-end=\"944\">Free and guided improvisation: creating melodies, phrases or textures.<\/li><li data-start=\"945\" data-end=\"1035\">Collaborative work: listening to each other, responding, dialoguing with other voices and with silence.<\/li><\/ul><h4 data-start=\"1037\" data-end=\"1058\">Who is it for?<\/h4><ul data-start=\"1093\" data-end=\"1361\"><li data-start=\"1093\" data-end=\"1143\">Musicians who want to expand their sound palette.<\/li><li data-start=\"1144\" data-end=\"1208\">Facilitators or therapists who use sound as medicine.<\/li><li data-start=\"1209\" data-end=\"1283\">People who want to awaken their inner ear and creativity.<\/li><li data-start=\"1284\" data-end=\"1361\">Harmony students, composers, and seekers of musical self-expression.<\/li><\/ul><p><strong><em>Total Duration 4 hours.<\/em><\/strong><\/p>\t\t\n\t\t\t\t\t\t\t\t\t<img loading=\"lazy\" decoding=\"async\" src=\"https:\/\/legatto.space\/wp-content\/uploads\/bb-plugin\/cache\/A87V9624-landscape.jpg\" alt=\"A87V9624\" itemprop=\"image\" height=\"800\" width=\"1200\" title=\"A87V9624\" onerror=\"this.style.display='none'\"  \/>\n\t\t<h3>\n\t\t\tALCHEMY<br \/>VOCAL<br \/>\n\t\t<\/h3>\n\t\t\t<strong>The Vocal Alchemy masterclass is a vocal immersion designed to awaken a freer, more stable, and honest voice.<\/strong> Un viaje que une cuerpo, emoci\u00f3n y sonido para revelar la expresi\u00f3n aut\u00e9ntica que vive en cada persona.Esta masterclass combina direcci\u00f3n coral, herramientas de entonaci\u00f3n, canto ritual y trabajo emocional suave, guiando a cada participante hacia una conexi\u00f3n m\u00e1s profunda con su voz como instrumento vivo.<h4 data-start=\"1103\" data-end=\"1124\">What will you experience?<\/h4><ul data-start=\"1125\" data-end=\"1472\"><li data-start=\"1125\" data-end=\"1169\">Deep body and vocal warm-up.<\/li><li data-start=\"1170\" data-end=\"1243\">Somatic practices to ease tension and open the expressive channel.<\/li><li data-start=\"1244\" data-end=\"1320\">Tools for exploring natural resonances and breaks.<\/li><li data-start=\"1321\" data-end=\"1369\">Intuitive circle singing (Ecstatic Chant).<\/li><li data-start=\"1370\" data-end=\"1426\">The Wheel of the Elementals: a live vocal ensemble.<\/li><li data-start=\"1427\" data-end=\"1472\">Ritual closing with OMs and integrated silence.<\/li><\/ul><h4 data-start=\"1474\" data-end=\"1495\">Who is it for?<\/h4><ul><li data-start=\"1496\" data-end=\"1686\">People who want to free their voice.<\/li><li data-start=\"1496\" data-end=\"1686\">Singers and musicians seeking greater visibility.<\/li><li data-start=\"1496\" data-end=\"1686\">Facilitators, sound therapists.<\/li><li data-start=\"1496\" data-end=\"1686\">Searchers who work with emotion, movement, or sound medicine.<\/li><\/ul><strong><em>Total Duration 4 hours.<\/em><\/strong>\t\t\n\t<strong>Both sessions are open to all levels.<br \/>\n<\/strong>It&#039;s not about &quot;knowing how to play&quot;, but about <em data-start=\"2774\" data-end=\"2811\">dare to feel, resonate and play<\/em> in community.\n\t<a href=\"https:\/\/wa.me\/528115080464\" target=\"_blank\" role=\"button\" rel=\"noopener\" aria-label=\" Reserve your place\">\n\t\t\t\t\t\t<img decoding=\"async\" role=\"img\" draggable=\"false\" src=\"https:\/\/s.w.org\/images\/core\/emoji\/15.0.3\/svg\/1f449-1f3fc.svg\" alt=\"\ud83d\udc49\ud83c\udffc\" \/> Reserve your place\n\t\t\t<\/a>\n\t\t\t\t\t\t\t\t\t<img loading=\"lazy\" decoding=\"async\" src=\"https:\/\/legatto.space\/wp-content\/uploads\/bb-plugin\/cache\/Hunab-Shruti-e1673111439143-1024x642-circle.jpg\" alt=\"Hunab Shruti\" itemprop=\"image\" height=\"642\" width=\"1024\" title=\"Hunab Shruti\" onerror=\"this.style.display='none'\"  \/>\n\t\t<h2>\n\t\t\t\u2728 Amaya Hunab \u2013 <i>Founder<\/i> \u2728\n\t\t<\/h2>\n\t\t\tFrom the age of 10, music was my refuge and medicine. After my mother passed away, I found in my guitar a portal to resilience and transformation. <strong>Through countless hours of practice, I discovered that music is not just heard... it is felt, it is inhabited, it becomes a path<\/strong>I founded Legatto Institute in 2014 with the desire to offer contemporary musical training with soul. But it was in 2019, after an initiation trip to India, that I realized something essential:<em><strong>\u201cMusic is consciousness in vibration; order and beauty; expression and programming.\u201d<\/strong>.<\/em>Today, I share music as a living language of liberation and consciousness. I believe art is a bridge between science and spirit, between the personal and the collective. A sacred act of remembering who we are.\t\t\n\t\t\t\t<h2>TESTIMONIALS<\/h2>\n\t\t\t<img decoding=\"async\" src=\"https:\/\/legatto.space\/wp-content\/uploads\/2022\/07\/Screen-Shot-2022-07-26-at-15.48.35-150x150.png\" alt=\"Screen Shot 2022-07-26 at 15.48.35\" \/>\n\t\t\t\t\t\t\t\t\t\t<p>\u201cThe music class with Hunab was extraordinary. First of all, you can feel your own connection to the music. From there, you get inspired and excited, which comes with a wealth of well-structured insights. The perfect combination of joy and wisdom. Thank you for being a symphony of music that shares its magic in a human form.&quot;<\/p>\n\t\t\t\t\t\t\t\t\t<h3>Dejan (NATURRITU)<\/h3>\n\t\t\t<img decoding=\"async\" src=\"https:\/\/legatto.space\/wp-content\/uploads\/2022\/07\/Screen-Shot-2022-07-26-at-15.46.04-150x150.png\" alt=\"Screen Shot 2022-07-26 at 15.46.04\" \/>\n\t\t\t\t\t\t\t\t\t\t<p>\u201cIn addition to his limitless knowledge of music theory, Hunab is a wonderful teacher. He is so kind and patient and always happy to share anything related to harmony, sacred geometry in music or anything else. I always have a wonderful time and leave the class more motivated to practice again and again. If you are interested in improving in practice, but also in learning theory, which helps a lot to understand what you are playing, Hunab is the best teacher!\u201d<\/p>\n\t\t\t\t\t\t\t\t\t<h3>Lise<\/h3>\n\t\t\t<img decoding=\"async\" src=\"https:\/\/legatto.space\/wp-content\/uploads\/2022\/07\/Screen-Shot-2022-07-27-at-10.42.51-274x300.png\" alt=\"Screen Shot 2022-07-27 at 10.42.51\" \/>\n\t\t\t\t\t\t\t\t\t\t<p>\u201cMusic class with Hunab was a very powerful experience for me. All my life I felt like I had no access to music, I couldn&#039;t play or sing even though I loved it. The music was a mystery that I did not understand and they did not give me the key, and Hunab gave me this key. It helped me unlock my singing and percussion and introduced me to sacred geometry. He is profoundly wise and knowledgeable and I look forward to learning more from him in the future. He is very present, attentive and warm. Pure love and pure music\u201d<\/p>\n\t\t\t\t\t\t\t\t\t<h3>Cora<\/h3>\n\t<!-- \/.pp-testimonials -->\n\t\t<h2>\n\t\t\tCURRENT LOCATION\n\t\t<\/h2>\n\tOur sessions take place in a <b data-path-to-node=\"4,1\" data-index-in-node=\"37\">Private Hall<\/b> located in the heart of <b data-path-to-node=\"4,1\" data-index-in-node=\"75\">La Veleta, Tulum<\/b>We have selected an intimate and contained acoustic environment, designed to facilitate deep immersion and vibrational work without distractions.\n<strong><i data-path-to-node=\"4,2\" data-index-in-node=\"0\">To preserve the privacy and energy of the group, you will receive the exact location and access coordinates upon completing your registration.<\/i><\/strong>\n\t\t<h2>\n\t\t\t\u201cIN MUSIC THERE ARE NO RULES, <br \/>\u201cTOOLS ONLY\u201d\n\t\t<\/h2>\n\t\t\t<p>PAT PATTISON<\/p>","protected":false},"excerpt":{"rendered":"<p>Labs Musicales TRANSFOMRACI\u00d3N VIVA A TRAV\u00c9S DE LA M\u00daSICA Laboratorios de Alquimia Musical &#8220;Alquimia Musical&#8221; es fusi\u00f3n de intuici\u00f3n, t\u00e9cnica y sabidur\u00eda ancestral. Cada lab invita a: Sentir la m\u00fasica desde el cuerpo, emoci\u00f3n y escucha profunda. Explorar formas musicales, ancestrales y contempor\u00e1neas, de manera l\u00fadica. Integrar teor\u00eda, pr\u00e1ctica y geometr\u00eda para entender la m\u00fasica&hellip;<\/p>","protected":false},"author":1,"featured_media":1016,"parent":0,"menu_order":0,"comment_status":"closed","ping_status":"closed","template":"","meta":{"footnotes":""},"class_list":["post-40","page","type-page","status-publish","has-post-thumbnail","hentry"],"yoast_head":"<!-- This site is optimized with the Yoast SEO plugin v27.5 - https:\/\/yoast.com\/product\/yoast-seo-wordpress\/ -->\n<title>Clases - Legatto Institute<\/title>\n<meta name=\"description\" content=\"Explora clases presenciales y en l\u00ednea que fusionan m\u00fasica, geometr\u00eda sagrada y conciencia. Vive la Alquimia Musical en Legatto.\" \/>\n<meta name=\"robots\" content=\"index, follow, max-snippet:-1, max-image-preview:large, max-video-preview:-1\" \/>\n<link rel=\"canonical\" href=\"https:\/\/legatto.space\/en\/clases\/\" \/>\n<meta property=\"og:locale\" content=\"en_US\" \/>\n<meta property=\"og:type\" content=\"article\" \/>\n<meta property=\"og:title\" content=\"Clases - Legatto Institute\" \/>\n<meta property=\"og:description\" content=\"Explora clases presenciales y en l\u00ednea que fusionan m\u00fasica, geometr\u00eda sagrada y conciencia. Vive la Alquimia Musical en Legatto.\" \/>\n<meta property=\"og:url\" content=\"https:\/\/legatto.space\/en\/clases\/\" \/>\n<meta property=\"og:site_name\" content=\"Legatto\" \/>\n<meta property=\"article:modified_time\" content=\"2026-01-27T23:40:35+00:00\" \/>\n<meta property=\"og:image\" content=\"https:\/\/legatto.space\/wp-content\/uploads\/2022\/08\/A87V0735-copy-e1660783776584.jpg\" \/>\n\t<meta property=\"og:image:width\" content=\"1920\" \/>\n\t<meta property=\"og:image:height\" content=\"1112\" \/>\n\t<meta property=\"og:image:type\" content=\"image\/jpeg\" \/>\n<meta name=\"twitter:card\" content=\"summary_large_image\" \/>\n<meta name=\"twitter:label1\" content=\"Est. reading time\" \/>\n\t<meta name=\"twitter:data1\" content=\"9 minutes\" \/>\n<script type=\"application\/ld+json\" class=\"yoast-schema-graph\">{\"@context\":\"https:\\\/\\\/schema.org\",\"@graph\":[{\"@type\":\"WebPage\",\"@id\":\"https:\\\/\\\/legatto.space\\\/clases\\\/\",\"url\":\"https:\\\/\\\/legatto.space\\\/clases\\\/\",\"name\":\"Clases - Legatto Institute\",\"isPartOf\":{\"@id\":\"https:\\\/\\\/legatto.space\\\/#website\"},\"primaryImageOfPage\":{\"@id\":\"https:\\\/\\\/legatto.space\\\/clases\\\/#primaryimage\"},\"image\":{\"@id\":\"https:\\\/\\\/legatto.space\\\/clases\\\/#primaryimage\"},\"thumbnailUrl\":\"https:\\\/\\\/legatto.space\\\/wp-content\\\/uploads\\\/2022\\\/08\\\/A87V0735-copy-e1660783776584.jpg\",\"datePublished\":\"2021-07-03T21:02:35+00:00\",\"dateModified\":\"2026-01-27T23:40:35+00:00\",\"description\":\"Explora clases presenciales y en l\u00ednea que fusionan m\u00fasica, geometr\u00eda sagrada y conciencia. Vive la Alquimia Musical en Legatto.\",\"breadcrumb\":{\"@id\":\"https:\\\/\\\/legatto.space\\\/clases\\\/#breadcrumb\"},\"inLanguage\":\"en-US\",\"potentialAction\":[{\"@type\":\"ReadAction\",\"target\":[\"https:\\\/\\\/legatto.space\\\/clases\\\/\"]}]},{\"@type\":\"ImageObject\",\"inLanguage\":\"en-US\",\"@id\":\"https:\\\/\\\/legatto.space\\\/clases\\\/#primaryimage\",\"url\":\"https:\\\/\\\/legatto.space\\\/wp-content\\\/uploads\\\/2022\\\/08\\\/A87V0735-copy-e1660783776584.jpg\",\"contentUrl\":\"https:\\\/\\\/legatto.space\\\/wp-content\\\/uploads\\\/2022\\\/08\\\/A87V0735-copy-e1660783776584.jpg\",\"width\":1920,\"height\":1112},{\"@type\":\"BreadcrumbList\",\"@id\":\"https:\\\/\\\/legatto.space\\\/clases\\\/#breadcrumb\",\"itemListElement\":[{\"@type\":\"ListItem\",\"position\":1,\"name\":\"Portada\",\"item\":\"https:\\\/\\\/legatto.space\\\/\"},{\"@type\":\"ListItem\",\"position\":2,\"name\":\"Clases\"}]},{\"@type\":\"WebSite\",\"@id\":\"https:\\\/\\\/legatto.space\\\/#website\",\"url\":\"https:\\\/\\\/legatto.space\\\/\",\"name\":\"Legatto\",\"description\":\"Consciencia Musical\",\"publisher\":{\"@id\":\"https:\\\/\\\/legatto.space\\\/#organization\"},\"potentialAction\":[{\"@type\":\"SearchAction\",\"target\":{\"@type\":\"EntryPoint\",\"urlTemplate\":\"https:\\\/\\\/legatto.space\\\/?s={search_term_string}\"},\"query-input\":{\"@type\":\"PropertyValueSpecification\",\"valueRequired\":true,\"valueName\":\"search_term_string\"}}],\"inLanguage\":\"en-US\"},{\"@type\":\"Organization\",\"@id\":\"https:\\\/\\\/legatto.space\\\/#organization\",\"name\":\"Legatto Institute\",\"url\":\"https:\\\/\\\/legatto.space\\\/\",\"logo\":{\"@type\":\"ImageObject\",\"inLanguage\":\"en-US\",\"@id\":\"https:\\\/\\\/legatto.space\\\/#\\\/schema\\\/logo\\\/image\\\/\",\"url\":\"https:\\\/\\\/legatto.space\\\/wp-content\\\/uploads\\\/2021\\\/07\\\/Legatto-Logo-Final.png\",\"contentUrl\":\"https:\\\/\\\/legatto.space\\\/wp-content\\\/uploads\\\/2021\\\/07\\\/Legatto-Logo-Final.png\",\"width\":1424,\"height\":508,\"caption\":\"Legatto Institute\"},\"image\":{\"@id\":\"https:\\\/\\\/legatto.space\\\/#\\\/schema\\\/logo\\\/image\\\/\"}}]}<\/script>\n<!-- \/ Yoast SEO plugin. -->","yoast_head_json":{"title":"Classes - Legatto Institute","description":"Explore in-person and online classes that fuse music, sacred geometry, and consciousness. Experience Musical Alchemy at Legatto.","robots":{"index":"index","follow":"follow","max-snippet":"max-snippet:-1","max-image-preview":"max-image-preview:large","max-video-preview":"max-video-preview:-1"},"canonical":"https:\/\/legatto.space\/en\/clases\/","og_locale":"en_US","og_type":"article","og_title":"Clases - Legatto Institute","og_description":"Explora clases presenciales y en l\u00ednea que fusionan m\u00fasica, geometr\u00eda sagrada y conciencia. Vive la Alquimia Musical en Legatto.","og_url":"https:\/\/legatto.space\/en\/clases\/","og_site_name":"Legatto","article_modified_time":"2026-01-27T23:40:35+00:00","og_image":[{"width":1920,"height":1112,"url":"https:\/\/legatto.space\/wp-content\/uploads\/2022\/08\/A87V0735-copy-e1660783776584.jpg","type":"image\/jpeg"}],"twitter_card":"summary_large_image","twitter_misc":{"Est. reading time":"9 minutes"},"schema":{"@context":"https:\/\/schema.org","@graph":[{"@type":"WebPage","@id":"https:\/\/legatto.space\/clases\/","url":"https:\/\/legatto.space\/clases\/","name":"Classes - Legatto Institute","isPartOf":{"@id":"https:\/\/legatto.space\/#website"},"primaryImageOfPage":{"@id":"https:\/\/legatto.space\/clases\/#primaryimage"},"image":{"@id":"https:\/\/legatto.space\/clases\/#primaryimage"},"thumbnailUrl":"https:\/\/legatto.space\/wp-content\/uploads\/2022\/08\/A87V0735-copy-e1660783776584.jpg","datePublished":"2021-07-03T21:02:35+00:00","dateModified":"2026-01-27T23:40:35+00:00","description":"Explore in-person and online classes that fuse music, sacred geometry, and consciousness. Experience Musical Alchemy at Legatto.","breadcrumb":{"@id":"https:\/\/legatto.space\/clases\/#breadcrumb"},"inLanguage":"en-US","potentialAction":[{"@type":"ReadAction","target":["https:\/\/legatto.space\/clases\/"]}]},{"@type":"ImageObject","inLanguage":"en-US","@id":"https:\/\/legatto.space\/clases\/#primaryimage","url":"https:\/\/legatto.space\/wp-content\/uploads\/2022\/08\/A87V0735-copy-e1660783776584.jpg","contentUrl":"https:\/\/legatto.space\/wp-content\/uploads\/2022\/08\/A87V0735-copy-e1660783776584.jpg","width":1920,"height":1112},{"@type":"BreadcrumbList","@id":"https:\/\/legatto.space\/clases\/#breadcrumb","itemListElement":[{"@type":"ListItem","position":1,"name":"Portada","item":"https:\/\/legatto.space\/"},{"@type":"ListItem","position":2,"name":"Clases"}]},{"@type":"WebSite","@id":"https:\/\/legatto.space\/#website","url":"https:\/\/legatto.space\/","name":"Legatto","description":"Musical Consciousness","publisher":{"@id":"https:\/\/legatto.space\/#organization"},"potentialAction":[{"@type":"SearchAction","target":{"@type":"EntryPoint","urlTemplate":"https:\/\/legatto.space\/?s={search_term_string}"},"query-input":{"@type":"PropertyValueSpecification","valueRequired":true,"valueName":"search_term_string"}}],"inLanguage":"en-US"},{"@type":"Organization","@id":"https:\/\/legatto.space\/#organization","name":"Legatto Institute","url":"https:\/\/legatto.space\/","logo":{"@type":"ImageObject","inLanguage":"en-US","@id":"https:\/\/legatto.space\/#\/schema\/logo\/image\/","url":"https:\/\/legatto.space\/wp-content\/uploads\/2021\/07\/Legatto-Logo-Final.png","contentUrl":"https:\/\/legatto.space\/wp-content\/uploads\/2021\/07\/Legatto-Logo-Final.png","width":1424,"height":508,"caption":"Legatto Institute"},"image":{"@id":"https:\/\/legatto.space\/#\/schema\/logo\/image\/"}}]}},"jetpack_sharing_enabled":true,"_links":{"self":[{"href":"https:\/\/legatto.space\/en\/wp-json\/wp\/v2\/pages\/40","targetHints":{"allow":["GET"]}}],"collection":[{"href":"https:\/\/legatto.space\/en\/wp-json\/wp\/v2\/pages"}],"about":[{"href":"https:\/\/legatto.space\/en\/wp-json\/wp\/v2\/types\/page"}],"author":[{"embeddable":true,"href":"https:\/\/legatto.space\/en\/wp-json\/wp\/v2\/users\/1"}],"replies":[{"embeddable":true,"href":"https:\/\/legatto.space\/en\/wp-json\/wp\/v2\/comments?post=40"}],"version-history":[{"count":11,"href":"https:\/\/legatto.space\/en\/wp-json\/wp\/v2\/pages\/40\/revisions"}],"predecessor-version":[{"id":1814,"href":"https:\/\/legatto.space\/en\/wp-json\/wp\/v2\/pages\/40\/revisions\/1814"}],"wp:featuredmedia":[{"embeddable":true,"href":"https:\/\/legatto.space\/en\/wp-json\/wp\/v2\/media\/1016"}],"wp:attachment":[{"href":"https:\/\/legatto.space\/en\/wp-json\/wp\/v2\/media?parent=40"}],"curies":[{"name":"wp","href":"https:\/\/api.w.org\/{rel}","templated":true}]}}