{"id":42,"date":"2021-07-03T21:03:00","date_gmt":"2021-07-03T21:03:00","guid":{"rendered":"https:\/\/legatto.space\/?page_id=42"},"modified":"2022-08-25T17:26:50","modified_gmt":"2022-08-25T17:26:50","slug":"contacto","status":"publish","type":"page","link":"https:\/\/legatto.space\/en\/contacto\/","title":{"rendered":"Contact"},"content":{"rendered":"\n\n\t<h3>\n\tContacto\t<\/h3>\n\t\n\tHay 3 maneras de participar en Legatto, siendo anfitri\u00f3n, estudiando en l\u00ednea y hacer voluntariado para educaci\u00f3n en l\u00ednea.\nPor favor selecciona el asunto de tu mensaje y llena este formulario y dici\u00e9ndonos c\u00f3mo deseas participar. Muchas gracias por tu inter\u00e9s. Para cualquier duda general, por favor env\u00eda un WhatsApp directamente.\t\n    <form id=\"wpforms-form-87\" data-formid=\"87\" method=\"post\" enctype=\"multipart\/form-data\" action=\"\/?page_id=42&#038;fl_builder\" data-token=\"13a30f5f8332bb4e78a20329024b3dbe\">Cont\u00e1ctanosPor favor, activa JavaScript en tu navegador para completar este formulario.<label for=\"wpforms-87-field_3\">Asunto<\/label><select id=\"wpforms-87-field_3\" name=\"wpforms[fields][3]\"><option value=\"\" disabled  selected='selected'>Asunto<\/option><option value=\"Deseo ser anfitri\u00f3n de una experiencia musical educativa.\">Deseo ser anfitri\u00f3n de una experiencia musical educativa.<\/option><option value=\"Deseo estudiar y s\u00ed puedo invertir en mi educaci\u00f3n.\">Deseo estudiar y s\u00ed puedo invertir en mi educaci\u00f3n.<\/option><option value=\"Deseo hacer voluntariado.\">Deseo hacer voluntariado.<\/option><\/select><label for=\"wpforms-87-field_0\">Nombre *<\/label><input type=\"text\" id=\"wpforms-87-field_0\" name=\"wpforms[fields][0]\" placeholder=\"Nombre\" required\/><label for=\"wpforms-87-field_1\">Correo electr\u00f3nico *<\/label><input type=\"email\" id=\"wpforms-87-field_1\" name=\"wpforms[fields][1]\" placeholder=\"Correo electr\u00f3nico\" required\/><label for=\"wpforms-87-field_2\">Comentario o mensaje *<\/label><textarea id=\"wpforms-87-field_2\" name=\"wpforms[fields][2]\" placeholder=\"Comentario o mensaje\" required><\/textarea><input type=\"hidden\" name=\"wpforms[id]\" value=\"87\"\/>\t\t\t<input type=\"hidden\"\n\t\t\t\tname=\"wpforms[nonce]\"\n\t\t\t\tvalue=\"b30680aa3e\"\n\t\t\t\/>\n\t\t\t<input type=\"hidden\" name=\"wpforms[author]\" value=\"0\"\/><input type=\"hidden\" name=\"wpforms[post_id]\" value=\"42\"\/><button type=\"submit\" name=\"wpforms[submit]\" id=\"wpforms-submit-87\" data-alt-text=\"Enviando...\" data-submit-text=\"Enviar\" aria-live=\"assertive\" value=\"wpforms-submit\">Enviar<\/button><\/form>  <!-- .wpforms-container -->\n\n","protected":false},"excerpt":{"rendered":"<p>Contact There are 3 ways to get involved with Legatto, hosting, studying online, and volunteering for online education. Please select the subject of your message and fill out this form and tell us how you want to participate. Thank you very much for your interest. For any general questions, please send a WhatsApp directly. Contact usPlease activate\u2026<\/p>","protected":false},"author":1,"featured_media":380,"parent":0,"menu_order":0,"comment_status":"closed","ping_status":"closed","template":"","meta":{"footnotes":""},"class_list":["post-42","page","type-page","status-publish","has-post-thumbnail","hentry"],"yoast_head":"<!-- This site is optimized with the Yoast SEO plugin v27.5 - https:\/\/yoast.com\/product\/yoast-seo-wordpress\/ -->\n<title>Contacto - Legatto<\/title>\n<meta name=\"robots\" content=\"index, follow, max-snippet:-1, max-image-preview:large, max-video-preview:-1\" \/>\n<link rel=\"canonical\" href=\"https:\/\/legatto.space\/en\/contacto\/\" \/>\n<meta property=\"og:locale\" content=\"en_US\" \/>\n<meta property=\"og:type\" content=\"article\" \/>\n<meta property=\"og:title\" content=\"Contacto - Legatto\" \/>\n<meta property=\"og:description\" content=\"Contacto Hay 3 maneras de participar en Legatto, siendo anfitri\u00f3n, estudiando en l\u00ednea y hacer voluntariado para educaci\u00f3n en l\u00ednea. Por favor selecciona el asunto de tu mensaje y llena este formulario y dici\u00e9ndonos c\u00f3mo deseas participar. Muchas gracias por tu inter\u00e9s. Para cualquier duda general, por favor env\u00eda un WhatsApp directamente. Cont\u00e1ctanosPor favor, activa&hellip;\" \/>\n<meta property=\"og:url\" content=\"https:\/\/legatto.space\/en\/contacto\/\" \/>\n<meta property=\"og:site_name\" content=\"Legatto\" \/>\n<meta property=\"article:modified_time\" content=\"2022-08-25T17:26:50+00:00\" \/>\n<meta property=\"og:image\" content=\"https:\/\/legatto.space\/wp-content\/uploads\/2021\/09\/Legatto-PP.jpg\" \/>\n\t<meta property=\"og:image:width\" content=\"625\" \/>\n\t<meta property=\"og:image:height\" content=\"389\" \/>\n\t<meta property=\"og:image:type\" content=\"image\/jpeg\" \/>\n<meta name=\"twitter:card\" content=\"summary_large_image\" \/>\n<meta name=\"twitter:label1\" content=\"Est. reading time\" \/>\n\t<meta name=\"twitter:data1\" content=\"1 minute\" \/>\n<script type=\"application\/ld+json\" class=\"yoast-schema-graph\">{\"@context\":\"https:\\\/\\\/schema.org\",\"@graph\":[{\"@type\":\"WebPage\",\"@id\":\"https:\\\/\\\/legatto.space\\\/contacto\\\/\",\"url\":\"https:\\\/\\\/legatto.space\\\/contacto\\\/\",\"name\":\"Contacto - Legatto\",\"isPartOf\":{\"@id\":\"https:\\\/\\\/legatto.space\\\/#website\"},\"primaryImageOfPage\":{\"@id\":\"https:\\\/\\\/legatto.space\\\/contacto\\\/#primaryimage\"},\"image\":{\"@id\":\"https:\\\/\\\/legatto.space\\\/contacto\\\/#primaryimage\"},\"thumbnailUrl\":\"https:\\\/\\\/legatto.space\\\/wp-content\\\/uploads\\\/2021\\\/09\\\/Legatto-PP.jpg\",\"datePublished\":\"2021-07-03T21:03:00+00:00\",\"dateModified\":\"2022-08-25T17:26:50+00:00\",\"breadcrumb\":{\"@id\":\"https:\\\/\\\/legatto.space\\\/contacto\\\/#breadcrumb\"},\"inLanguage\":\"en-US\",\"potentialAction\":[{\"@type\":\"ReadAction\",\"target\":[\"https:\\\/\\\/legatto.space\\\/contacto\\\/\"]}]},{\"@type\":\"ImageObject\",\"inLanguage\":\"en-US\",\"@id\":\"https:\\\/\\\/legatto.space\\\/contacto\\\/#primaryimage\",\"url\":\"https:\\\/\\\/legatto.space\\\/wp-content\\\/uploads\\\/2021\\\/09\\\/Legatto-PP.jpg\",\"contentUrl\":\"https:\\\/\\\/legatto.space\\\/wp-content\\\/uploads\\\/2021\\\/09\\\/Legatto-PP.jpg\",\"width\":625,\"height\":389,\"caption\":\"Legatto Institute\"},{\"@type\":\"BreadcrumbList\",\"@id\":\"https:\\\/\\\/legatto.space\\\/contacto\\\/#breadcrumb\",\"itemListElement\":[{\"@type\":\"ListItem\",\"position\":1,\"name\":\"Portada\",\"item\":\"https:\\\/\\\/legatto.space\\\/\"},{\"@type\":\"ListItem\",\"position\":2,\"name\":\"Contacto\"}]},{\"@type\":\"WebSite\",\"@id\":\"https:\\\/\\\/legatto.space\\\/#website\",\"url\":\"https:\\\/\\\/legatto.space\\\/\",\"name\":\"Legatto\",\"description\":\"Consciencia Musical\",\"publisher\":{\"@id\":\"https:\\\/\\\/legatto.space\\\/#organization\"},\"potentialAction\":[{\"@type\":\"SearchAction\",\"target\":{\"@type\":\"EntryPoint\",\"urlTemplate\":\"https:\\\/\\\/legatto.space\\\/?s={search_term_string}\"},\"query-input\":{\"@type\":\"PropertyValueSpecification\",\"valueRequired\":true,\"valueName\":\"search_term_string\"}}],\"inLanguage\":\"en-US\"},{\"@type\":\"Organization\",\"@id\":\"https:\\\/\\\/legatto.space\\\/#organization\",\"name\":\"Legatto Institute\",\"url\":\"https:\\\/\\\/legatto.space\\\/\",\"logo\":{\"@type\":\"ImageObject\",\"inLanguage\":\"en-US\",\"@id\":\"https:\\\/\\\/legatto.space\\\/#\\\/schema\\\/logo\\\/image\\\/\",\"url\":\"https:\\\/\\\/legatto.space\\\/wp-content\\\/uploads\\\/2021\\\/07\\\/Legatto-Logo-Final.png\",\"contentUrl\":\"https:\\\/\\\/legatto.space\\\/wp-content\\\/uploads\\\/2021\\\/07\\\/Legatto-Logo-Final.png\",\"width\":1424,\"height\":508,\"caption\":\"Legatto Institute\"},\"image\":{\"@id\":\"https:\\\/\\\/legatto.space\\\/#\\\/schema\\\/logo\\\/image\\\/\"}}]}<\/script>\n<!-- \/ Yoast SEO plugin. -->","yoast_head_json":{"title":"Contacto - Legatto","robots":{"index":"index","follow":"follow","max-snippet":"max-snippet:-1","max-image-preview":"max-image-preview:large","max-video-preview":"max-video-preview:-1"},"canonical":"https:\/\/legatto.space\/en\/contacto\/","og_locale":"en_US","og_type":"article","og_title":"Contacto - Legatto","og_description":"Contacto Hay 3 maneras de participar en Legatto, siendo anfitri\u00f3n, estudiando en l\u00ednea y hacer voluntariado para educaci\u00f3n en l\u00ednea. Por favor selecciona el asunto de tu mensaje y llena este formulario y dici\u00e9ndonos c\u00f3mo deseas participar. Muchas gracias por tu inter\u00e9s. Para cualquier duda general, por favor env\u00eda un WhatsApp directamente. Cont\u00e1ctanosPor favor, activa&hellip;","og_url":"https:\/\/legatto.space\/en\/contacto\/","og_site_name":"Legatto","article_modified_time":"2022-08-25T17:26:50+00:00","og_image":[{"width":625,"height":389,"url":"https:\/\/legatto.space\/wp-content\/uploads\/2021\/09\/Legatto-PP.jpg","type":"image\/jpeg"}],"twitter_card":"summary_large_image","twitter_misc":{"Est. reading time":"1 minute"},"schema":{"@context":"https:\/\/schema.org","@graph":[{"@type":"WebPage","@id":"https:\/\/legatto.space\/contacto\/","url":"https:\/\/legatto.space\/contacto\/","name":"Contacto - Legatto","isPartOf":{"@id":"https:\/\/legatto.space\/#website"},"primaryImageOfPage":{"@id":"https:\/\/legatto.space\/contacto\/#primaryimage"},"image":{"@id":"https:\/\/legatto.space\/contacto\/#primaryimage"},"thumbnailUrl":"https:\/\/legatto.space\/wp-content\/uploads\/2021\/09\/Legatto-PP.jpg","datePublished":"2021-07-03T21:03:00+00:00","dateModified":"2022-08-25T17:26:50+00:00","breadcrumb":{"@id":"https:\/\/legatto.space\/contacto\/#breadcrumb"},"inLanguage":"en-US","potentialAction":[{"@type":"ReadAction","target":["https:\/\/legatto.space\/contacto\/"]}]},{"@type":"ImageObject","inLanguage":"en-US","@id":"https:\/\/legatto.space\/contacto\/#primaryimage","url":"https:\/\/legatto.space\/wp-content\/uploads\/2021\/09\/Legatto-PP.jpg","contentUrl":"https:\/\/legatto.space\/wp-content\/uploads\/2021\/09\/Legatto-PP.jpg","width":625,"height":389,"caption":"Legatto Institute"},{"@type":"BreadcrumbList","@id":"https:\/\/legatto.space\/contacto\/#breadcrumb","itemListElement":[{"@type":"ListItem","position":1,"name":"Portada","item":"https:\/\/legatto.space\/"},{"@type":"ListItem","position":2,"name":"Contacto"}]},{"@type":"WebSite","@id":"https:\/\/legatto.space\/#website","url":"https:\/\/legatto.space\/","name":"Legatto","description":"Musical Consciousness","publisher":{"@id":"https:\/\/legatto.space\/#organization"},"potentialAction":[{"@type":"SearchAction","target":{"@type":"EntryPoint","urlTemplate":"https:\/\/legatto.space\/?s={search_term_string}"},"query-input":{"@type":"PropertyValueSpecification","valueRequired":true,"valueName":"search_term_string"}}],"inLanguage":"en-US"},{"@type":"Organization","@id":"https:\/\/legatto.space\/#organization","name":"Legatto Institute","url":"https:\/\/legatto.space\/","logo":{"@type":"ImageObject","inLanguage":"en-US","@id":"https:\/\/legatto.space\/#\/schema\/logo\/image\/","url":"https:\/\/legatto.space\/wp-content\/uploads\/2021\/07\/Legatto-Logo-Final.png","contentUrl":"https:\/\/legatto.space\/wp-content\/uploads\/2021\/07\/Legatto-Logo-Final.png","width":1424,"height":508,"caption":"Legatto Institute"},"image":{"@id":"https:\/\/legatto.space\/#\/schema\/logo\/image\/"}}]}},"jetpack_sharing_enabled":true,"_links":{"self":[{"href":"https:\/\/legatto.space\/en\/wp-json\/wp\/v2\/pages\/42","targetHints":{"allow":["GET"]}}],"collection":[{"href":"https:\/\/legatto.space\/en\/wp-json\/wp\/v2\/pages"}],"about":[{"href":"https:\/\/legatto.space\/en\/wp-json\/wp\/v2\/types\/page"}],"author":[{"embeddable":true,"href":"https:\/\/legatto.space\/en\/wp-json\/wp\/v2\/users\/1"}],"replies":[{"embeddable":true,"href":"https:\/\/legatto.space\/en\/wp-json\/wp\/v2\/comments?post=42"}],"version-history":[{"count":12,"href":"https:\/\/legatto.space\/en\/wp-json\/wp\/v2\/pages\/42\/revisions"}],"predecessor-version":[{"id":1057,"href":"https:\/\/legatto.space\/en\/wp-json\/wp\/v2\/pages\/42\/revisions\/1057"}],"wp:featuredmedia":[{"embeddable":true,"href":"https:\/\/legatto.space\/en\/wp-json\/wp\/v2\/media\/380"}],"wp:attachment":[{"href":"https:\/\/legatto.space\/en\/wp-json\/wp\/v2\/media?parent=42"}],"curies":[{"name":"wp","href":"https:\/\/api.w.org\/{rel}","templated":true}]}}