{"id":609,"date":"2021-11-30T23:55:27","date_gmt":"2021-11-30T23:55:27","guid":{"rendered":"https:\/\/legatto.space\/?page_id=609"},"modified":"2025-04-06T16:35:30","modified_gmt":"2025-04-06T16:35:30","slug":"sgc","status":"publish","type":"page","link":"https:\/\/legatto.space\/en\/sgc\/","title":{"rendered":"Sacred Geometry Course"},"content":{"rendered":"<h2>\n\t\t\tSACRED GEOMETRY\n\t\t<\/h2>\n\t\t\t<p>ONLINE PRACTICAL COURSE<\/p>\t\t\n\t\t<h2>\n\t\t\tSACRED GEOMETRY\n\t\t<\/h2>\n\t\t\t<p>THE LANGUAGE OF THE UNIVERSE<\/p>\t\t\n\t<p>Be part of a wonderful journey of 9 days (over 5 weeks) to integrate the messages and beauty of sacred geometry in your daily life and your designs. Become an initiate in the art and magic of speaking the language of the Universe.<\/p>\n\t\t\t\t\t\t\t\t\t<img loading=\"lazy\" decoding=\"async\" src=\"https:\/\/legatto.space\/wp-content\/uploads\/2021\/11\/Img-1.jpeg\" alt=\"Img 1\" itemprop=\"image\" height=\"798\" width=\"564\" srcset=\"https:\/\/legatto.space\/wp-content\/uploads\/2021\/11\/Img-1.jpeg 564w, https:\/\/legatto.space\/wp-content\/uploads\/2021\/11\/Img-1-212x300.jpeg 212w, https:\/\/legatto.space\/wp-content\/uploads\/2021\/11\/Img-1-8x12.jpeg 8w\" sizes=\"auto, (max-width: 564px) 100vw, 564px\" title=\"Image 1\" onerror=\"this.style.display='none'\"  \/>\n\t\t<h2>\n\t\t\tSACRED GEOMETRY?\n\t\t<\/h2>\n\t\t\t<p>WHAT IS IT ABOUT?<\/p>\t\t\n\t<p>Sacred Geometry is the way the human understands and perceives harmony in reality. We call Sacred Geometry to all those abstract basic blocks that are part of creation. This forms manifest visually through specific proportions that define harmonic resonance.<\/p>\n<p>When we understand the power of these proportions and the code written in them, we can move our consciousness towards expansion and deep connection with the Universe. Then we are capable of recreating beauty as the Universe and Divine energy have already done.<\/p>\n<p>Much of the magic of sacred geometry is in its exclusive use of a drawing compass and ruler... concepts instead of formulas, proportions instead of measurements.<\/p>\n\t\t<h2>\n\t\t\tFOR WHOM IT IS?\n\t\t<\/h2>\n\t\t\t<p>THIS COURSE DOES NOT REQUIRE MATHS KNOWLEDGE<\/p>\t\t\n\t\t<ul>\n\t\t\t\t\t<li>\n\t\t\t\t<h3>Artists and Designers<\/h3>\n\t\t<p>To enhance your current artistic development and creative process.<\/p>\t\t\t\n\t\t\t<\/li>\n\t\t\t\t\t<li>\n\t\t\t\t<h3>Architects<\/h3>\n\t\t<p>To nourish current work and design in building and landscaping.<\/p>\t\t\t\n\t\t\t<\/li>\n\t\t\t\t\t<li>\n\t\t\t\t<h3>Curious People<\/h3>\n\t\t<p>To understand and apply the deep nature of beauty and harmony in the Universe.<\/p>\t\t\t\n\t\t\t<\/li>\n\t\t\t\t<\/ul>\n\t\t<h2>\n\t\t\t&#8220;TODOS NACEMOS GENIOS, PERO EL PROCESO DE VIVIR LOS DES-ENGENIA&#8221;\n\t\t<\/h2>\n\t\t\t<p>R. BUCKMINSTER FULLER<\/p>\t\t\n\t\t<h2>\n\t\t\tCOURSE CONTENT\n\t\t<\/h2>\n\t\t\t<p>5 MODULES<\/p>\t\t\n\t\t<h4>1. Essentials<\/h4>\n\t\t\t<ul><li>Bisecting Lines<\/li><li>Circles and Triangles<\/li><li>Seed of Life I<\/li><li>Vesica Piscis<\/li><\/ul>\t\t\n\t\t<h4>II: Polygons<\/h4>\n\t\t\t<ul><li>Triangles and squares<\/li><li>Pentagram<\/li><li>Hexagon<\/li><li>Heptagon<\/li><li>enneagon<\/li><\/ul>\t\t\n\t\t<h4>III. ancient tools<\/h4>\n\t\t\t<ul><li>Squaring the Circle<\/li><li>Starcut<\/li><li>Seed of Life II<\/li><li>Nesting Polygons<\/li><\/ul>\t\t\n\t\t<h4>IV. Proportion<\/h4>\n\t\t\t<ul><li>Golden Ratio: various applications<\/li><li>Classic Sacred Geometry<\/li><li>Platonic Solids<\/li><\/ul>\t\t\n\t\t<h4>V. Harmony in Nature<\/h4>\n\t\t\t<ul><li>Musical Proportions<\/li><li>Planetary Proportions<\/li><\/ul>\t\t\n\t\t<h2>\n\t\t\tHUNAB AMAYA\n\t\t<\/h2>\n\t\t\t<p>COURSE TEACHER<\/p>\t\t\n\t<p>Starting as a musician, Hunab Amaya dabbled in the relationship between beauty and mathematics together with more world artists. He has been designing with Sacred Geometry for corporations, hotels and spiritual institutions around the world during the last 5 years, applying the principles of Pythagorean harmony.<\/p>\n<p>He founded <a draggable=\"false\" href=\"http:\/\/www.mayansolutions.com\/en\" target=\"_blank\" rel=\"noopener\">Mayan Solutions<\/a>, <a draggable=\"false\" href=\"http:\/\/www.soulsync.com.mx\/en\" target=\"_blank\" rel=\"noopener\">Soul sync<\/a>, <a draggable=\"false\" href=\"http:\/\/www.nahuayoga.com\/en\" target=\"_blank\" rel=\"noopener\">Nahua Yoga<\/a> and <a draggable=\"false\" href=\"https:\/\/www.facebook.com\/LegattoAcademyOficial\" target=\"_blank\" rel=\"noopener\">Legatto Harmony Institute<\/a> (click on the to see more).<\/p>\n\t\t\t\t\t\t\t\t\t<img loading=\"lazy\" decoding=\"async\" src=\"https:\/\/legatto.space\/wp-content\/uploads\/2021\/12\/Hunab-2020-e1638482878850.jpg\" alt=\"Hunab 2020\" itemprop=\"image\" height=\"1055\" width=\"798\" srcset=\"https:\/\/legatto.space\/wp-content\/uploads\/2021\/12\/Hunab-2020-e1638482878850.jpg 798w, https:\/\/legatto.space\/wp-content\/uploads\/2021\/12\/Hunab-2020-e1638482878850-227x300.jpg 227w, https:\/\/legatto.space\/wp-content\/uploads\/2021\/12\/Hunab-2020-e1638482878850-775x1024.jpg 775w, https:\/\/legatto.space\/wp-content\/uploads\/2021\/12\/Hunab-2020-e1638482878850-768x1015.jpg 768w, https:\/\/legatto.space\/wp-content\/uploads\/2021\/12\/Hunab-2020-e1638482878850-9x12.jpg 9w, https:\/\/legatto.space\/wp-content\/uploads\/2021\/12\/Hunab-2020-e1638482878850-600x793.jpg 600w\" sizes=\"auto, (max-width: 798px) 100vw, 798px\" title=\"Hunab 2020\" onerror=\"this.style.display='none'\"  \/>\n\t\t<h2>\n\t\t\tSTART: COMING SOON\n\t\t<\/h2>\n\t\t\t<p>ONLINE SESSIONS:<br \/><strong>MONDAY &amp; WEDNESDAY 6:30 PM (CT)<br \/><\/strong>FECHAS PR\u00d3XIMAS A ANUNCIARIDIOMA DEL CURSO:<br \/><strong>ENGLISH<\/strong><\/p>\t\t\n\t\t<h2>\n\t\t\tYOU'LL NEED\n\t\t<\/h2>\n\t\t\t<p>\u2013 DRAWING COMPASS<br \/>\u2013 PENCIL AND RULE<br \/>\u2013 COLOR MARKERS<br \/>- WHITE SHEETS<br \/>\u2013 TABLET WITH APP \u201cSKETCHES\u201d AND \u201cEUCLIDEA\u201d (OPTIONAL)<\/p>\t\t\n\t\t\t\t\tOur best price!\n\t\t\t\t\t\t\t\t\t\t\t<h4>ONLINE SACRED GEOMETRY COURSE<\/h4>\n\t\t\t\t\t\t$99 USD\n\t\t\t\t<ul role=\"list\"><li role=\"listitem\">INCLUDES:<\/li><li role=\"listitem\">\u00b7 10 Live Practical Sessions of 60 minutes<\/li><li role=\"listitem\">\u00b7 Digital Tools<\/li><li role=\"listitem\">\u00b7 Access to virtual community of Sacred Geometry<\/li><li role=\"listitem\">\u00b7 Permissions for content recording<\/li><li role=\"listitem\"><\/li><\/ul>\t\t\t\t\n\t\t\t<a href=\"https:\/\/legatto.space\/en\/product\/sgc\/\" target=\"_self\" role=\"button\" rel=\"noopener\">\n\t\t\t\t\t\tSAVE MY SPOT\n\t\t\t\t\t<\/a>\n\t<p>Pressing the button &quot;<a href=\"https:\/\/wa.link\/pnmrde\" target=\"_blank\" rel=\"noopener\"><strong>SAVE MY SPOT<\/strong><\/a>\u201d will open a window with payment options <strong>PayPal<\/strong> or <strong>Credit and Debit Card<\/strong>. Once the payment has been made, you will receive a confirmation message from Hunab Amaya in less than 24 hours, providing you with the access codes to the online sessions. You will also receive a link to the group where you can contact the community and links to the sessions will be provided via <strong>Zoom<\/strong>. It is important that when making the payment you include your complete information such as <strong>name<\/strong>, <strong>phone number<\/strong>\u00a0and <strong>e-mail<\/strong>.<\/p>\n\t\t\t\t<img loading=\"lazy\" decoding=\"async\" src=\"https:\/\/legatto.space\/wp-content\/uploads\/2021\/08\/PSS-Logo-Horizontal-White-300x78.png\" alt=\"PSS Logo Horizontal White\" itemprop=\"image\" height=\"78\" width=\"300\" title=\"PSS Logo Horizontal White\" onerror=\"this.style.display='none'\"  \/>\n\t\t\t\t<img loading=\"lazy\" decoding=\"async\" src=\"https:\/\/legatto.space\/wp-content\/uploads\/2021\/08\/Legatto-Logo-Final-Amarillo-Letras-Blancas-300x107.png\" alt=\"Legatto Logo Final Amarillo Letras Blancas\" itemprop=\"image\" height=\"107\" width=\"300\" title=\"Legatto Logo Final Yellow White Letters\" onerror=\"this.style.display='none'\"  \/>\n\t\t\t\t<img loading=\"lazy\" decoding=\"async\" src=\"https:\/\/legatto.space\/wp-content\/uploads\/2021\/12\/Letras-Transparencia-300x84.png\" alt=\"Letras Transparencia\" itemprop=\"image\" height=\"84\" width=\"300\" title=\"Letters Transparency\" onerror=\"this.style.display='none'\"  \/>","protected":false},"excerpt":{"rendered":"<p>SACRED GEOMETRY ONLINE PRACTICAL COURSE SACRED GEOMETRY THE LANGUAGE OF THE UNIVERSE Be part of a wonderful journey of 9 days (over 5 weeks) to integrate the messages and beauty of sacred geometry into your daily life and your designs. Become an initiate in the art and magic of speaking\u2026<\/p>","protected":false},"author":1,"featured_media":0,"parent":0,"menu_order":0,"comment_status":"closed","ping_status":"closed","template":"","meta":{"footnotes":""},"class_list":["post-609","page","type-page","status-publish","hentry"],"yoast_head":"<!-- This site is optimized with the Yoast SEO plugin v27.5 - https:\/\/yoast.com\/product\/yoast-seo-wordpress\/ -->\n<title>Geometr\u00eda Sagrada Curso - Legatto<\/title>\n<meta name=\"robots\" content=\"index, follow, max-snippet:-1, max-image-preview:large, max-video-preview:-1\" \/>\n<link rel=\"canonical\" href=\"https:\/\/legatto.space\/en\/sgc\/\" \/>\n<meta property=\"og:locale\" content=\"en_US\" \/>\n<meta property=\"og:type\" content=\"article\" \/>\n<meta property=\"og:title\" content=\"Geometr\u00eda Sagrada Curso - Legatto\" \/>\n<meta property=\"og:description\" content=\"GEOMETR\u00cdA SAGRADA CURSO PR\u00c1CTICO ONLINE GEOMETR\u00cdA SAGRADA EL LENGUAJE DEL UNIVERSO Se parte de un maravilloso viaje de 9 d\u00edas (a lo largo de 5 semanas) para integrar los mensajes y la belleza de la geometr\u00eda sagrada en tu vida diaria y tus dise\u00f1os. Convi\u00e9rtete en iniciado en el arte y la magia de hablar&hellip;\" \/>\n<meta property=\"og:url\" content=\"https:\/\/legatto.space\/en\/sgc\/\" \/>\n<meta property=\"og:site_name\" content=\"Legatto\" \/>\n<meta property=\"article:modified_time\" content=\"2025-04-06T16:35:30+00:00\" \/>\n<meta property=\"og:image\" content=\"https:\/\/legatto.space\/wp-content\/uploads\/2021\/11\/Img-1.jpeg\" \/>\n<meta name=\"twitter:card\" content=\"summary_large_image\" \/>\n<script type=\"application\/ld+json\" class=\"yoast-schema-graph\">{\"@context\":\"https:\\\/\\\/schema.org\",\"@graph\":[{\"@type\":\"WebPage\",\"@id\":\"https:\\\/\\\/legatto.space\\\/sgc\\\/\",\"url\":\"https:\\\/\\\/legatto.space\\\/sgc\\\/\",\"name\":\"Geometr\u00eda Sagrada Curso - Legatto\",\"isPartOf\":{\"@id\":\"https:\\\/\\\/legatto.space\\\/#website\"},\"primaryImageOfPage\":{\"@id\":\"https:\\\/\\\/legatto.space\\\/sgc\\\/#primaryimage\"},\"image\":{\"@id\":\"https:\\\/\\\/legatto.space\\\/sgc\\\/#primaryimage\"},\"thumbnailUrl\":\"https:\\\/\\\/legatto.space\\\/wp-content\\\/uploads\\\/2021\\\/11\\\/Img-1.jpeg\",\"datePublished\":\"2021-11-30T23:55:27+00:00\",\"dateModified\":\"2025-04-06T16:35:30+00:00\",\"breadcrumb\":{\"@id\":\"https:\\\/\\\/legatto.space\\\/sgc\\\/#breadcrumb\"},\"inLanguage\":\"en-US\",\"potentialAction\":[{\"@type\":\"ReadAction\",\"target\":[\"https:\\\/\\\/legatto.space\\\/sgc\\\/\"]}]},{\"@type\":\"ImageObject\",\"inLanguage\":\"en-US\",\"@id\":\"https:\\\/\\\/legatto.space\\\/sgc\\\/#primaryimage\",\"url\":\"https:\\\/\\\/legatto.space\\\/wp-content\\\/uploads\\\/2021\\\/11\\\/Img-1.jpeg\",\"contentUrl\":\"https:\\\/\\\/legatto.space\\\/wp-content\\\/uploads\\\/2021\\\/11\\\/Img-1.jpeg\"},{\"@type\":\"BreadcrumbList\",\"@id\":\"https:\\\/\\\/legatto.space\\\/sgc\\\/#breadcrumb\",\"itemListElement\":[{\"@type\":\"ListItem\",\"position\":1,\"name\":\"Portada\",\"item\":\"https:\\\/\\\/legatto.space\\\/\"},{\"@type\":\"ListItem\",\"position\":2,\"name\":\"Geometr\u00eda Sagrada Curso\"}]},{\"@type\":\"WebSite\",\"@id\":\"https:\\\/\\\/legatto.space\\\/#website\",\"url\":\"https:\\\/\\\/legatto.space\\\/\",\"name\":\"Legatto\",\"description\":\"Consciencia Musical\",\"publisher\":{\"@id\":\"https:\\\/\\\/legatto.space\\\/#organization\"},\"potentialAction\":[{\"@type\":\"SearchAction\",\"target\":{\"@type\":\"EntryPoint\",\"urlTemplate\":\"https:\\\/\\\/legatto.space\\\/?s={search_term_string}\"},\"query-input\":{\"@type\":\"PropertyValueSpecification\",\"valueRequired\":true,\"valueName\":\"search_term_string\"}}],\"inLanguage\":\"en-US\"},{\"@type\":\"Organization\",\"@id\":\"https:\\\/\\\/legatto.space\\\/#organization\",\"name\":\"Legatto Institute\",\"url\":\"https:\\\/\\\/legatto.space\\\/\",\"logo\":{\"@type\":\"ImageObject\",\"inLanguage\":\"en-US\",\"@id\":\"https:\\\/\\\/legatto.space\\\/#\\\/schema\\\/logo\\\/image\\\/\",\"url\":\"https:\\\/\\\/legatto.space\\\/wp-content\\\/uploads\\\/2021\\\/07\\\/Legatto-Logo-Final.png\",\"contentUrl\":\"https:\\\/\\\/legatto.space\\\/wp-content\\\/uploads\\\/2021\\\/07\\\/Legatto-Logo-Final.png\",\"width\":1424,\"height\":508,\"caption\":\"Legatto Institute\"},\"image\":{\"@id\":\"https:\\\/\\\/legatto.space\\\/#\\\/schema\\\/logo\\\/image\\\/\"}}]}<\/script>\n<!-- \/ Yoast SEO plugin. -->","yoast_head_json":{"title":"Geometr\u00eda Sagrada Curso - Legatto","robots":{"index":"index","follow":"follow","max-snippet":"max-snippet:-1","max-image-preview":"max-image-preview:large","max-video-preview":"max-video-preview:-1"},"canonical":"https:\/\/legatto.space\/en\/sgc\/","og_locale":"en_US","og_type":"article","og_title":"Geometr\u00eda Sagrada Curso - Legatto","og_description":"GEOMETR\u00cdA SAGRADA CURSO PR\u00c1CTICO ONLINE GEOMETR\u00cdA SAGRADA EL LENGUAJE DEL UNIVERSO Se parte de un maravilloso viaje de 9 d\u00edas (a lo largo de 5 semanas) para integrar los mensajes y la belleza de la geometr\u00eda sagrada en tu vida diaria y tus dise\u00f1os. Convi\u00e9rtete en iniciado en el arte y la magia de hablar&hellip;","og_url":"https:\/\/legatto.space\/en\/sgc\/","og_site_name":"Legatto","article_modified_time":"2025-04-06T16:35:30+00:00","og_image":[{"url":"https:\/\/legatto.space\/wp-content\/uploads\/2021\/11\/Img-1.jpeg","type":"","width":"","height":""}],"twitter_card":"summary_large_image","schema":{"@context":"https:\/\/schema.org","@graph":[{"@type":"WebPage","@id":"https:\/\/legatto.space\/sgc\/","url":"https:\/\/legatto.space\/sgc\/","name":"Geometr\u00eda Sagrada Curso - Legatto","isPartOf":{"@id":"https:\/\/legatto.space\/#website"},"primaryImageOfPage":{"@id":"https:\/\/legatto.space\/sgc\/#primaryimage"},"image":{"@id":"https:\/\/legatto.space\/sgc\/#primaryimage"},"thumbnailUrl":"https:\/\/legatto.space\/wp-content\/uploads\/2021\/11\/Img-1.jpeg","datePublished":"2021-11-30T23:55:27+00:00","dateModified":"2025-04-06T16:35:30+00:00","breadcrumb":{"@id":"https:\/\/legatto.space\/sgc\/#breadcrumb"},"inLanguage":"en-US","potentialAction":[{"@type":"ReadAction","target":["https:\/\/legatto.space\/sgc\/"]}]},{"@type":"ImageObject","inLanguage":"en-US","@id":"https:\/\/legatto.space\/sgc\/#primaryimage","url":"https:\/\/legatto.space\/wp-content\/uploads\/2021\/11\/Img-1.jpeg","contentUrl":"https:\/\/legatto.space\/wp-content\/uploads\/2021\/11\/Img-1.jpeg"},{"@type":"BreadcrumbList","@id":"https:\/\/legatto.space\/sgc\/#breadcrumb","itemListElement":[{"@type":"ListItem","position":1,"name":"Portada","item":"https:\/\/legatto.space\/"},{"@type":"ListItem","position":2,"name":"Geometr\u00eda Sagrada Curso"}]},{"@type":"WebSite","@id":"https:\/\/legatto.space\/#website","url":"https:\/\/legatto.space\/","name":"Legatto","description":"Musical Consciousness","publisher":{"@id":"https:\/\/legatto.space\/#organization"},"potentialAction":[{"@type":"SearchAction","target":{"@type":"EntryPoint","urlTemplate":"https:\/\/legatto.space\/?s={search_term_string}"},"query-input":{"@type":"PropertyValueSpecification","valueRequired":true,"valueName":"search_term_string"}}],"inLanguage":"en-US"},{"@type":"Organization","@id":"https:\/\/legatto.space\/#organization","name":"Legatto Institute","url":"https:\/\/legatto.space\/","logo":{"@type":"ImageObject","inLanguage":"en-US","@id":"https:\/\/legatto.space\/#\/schema\/logo\/image\/","url":"https:\/\/legatto.space\/wp-content\/uploads\/2021\/07\/Legatto-Logo-Final.png","contentUrl":"https:\/\/legatto.space\/wp-content\/uploads\/2021\/07\/Legatto-Logo-Final.png","width":1424,"height":508,"caption":"Legatto Institute"},"image":{"@id":"https:\/\/legatto.space\/#\/schema\/logo\/image\/"}}]}},"jetpack_sharing_enabled":true,"_links":{"self":[{"href":"https:\/\/legatto.space\/en\/wp-json\/wp\/v2\/pages\/609","targetHints":{"allow":["GET"]}}],"collection":[{"href":"https:\/\/legatto.space\/en\/wp-json\/wp\/v2\/pages"}],"about":[{"href":"https:\/\/legatto.space\/en\/wp-json\/wp\/v2\/types\/page"}],"author":[{"embeddable":true,"href":"https:\/\/legatto.space\/en\/wp-json\/wp\/v2\/users\/1"}],"replies":[{"embeddable":true,"href":"https:\/\/legatto.space\/en\/wp-json\/wp\/v2\/comments?post=609"}],"version-history":[{"count":40,"href":"https:\/\/legatto.space\/en\/wp-json\/wp\/v2\/pages\/609\/revisions"}],"predecessor-version":[{"id":1310,"href":"https:\/\/legatto.space\/en\/wp-json\/wp\/v2\/pages\/609\/revisions\/1310"}],"wp:attachment":[{"href":"https:\/\/legatto.space\/en\/wp-json\/wp\/v2\/media?parent=609"}],"curies":[{"name":"wp","href":"https:\/\/api.w.org\/{rel}","templated":true}]}}