{"id":683,"date":"2021-12-24T18:42:44","date_gmt":"2021-12-24T18:42:44","guid":{"rendered":"https:\/\/legatto.space\/?post_type=product&#038;p=683"},"modified":"2022-01-16T00:10:12","modified_gmt":"2022-01-16T00:10:12","slug":"sgc","status":"publish","type":"product","link":"https:\/\/legatto.space\/en\/product\/sgc\/","title":{"rendered":"Sacred Geometry Online Course"},"content":{"rendered":"<h3>START: JANUARY 24, 2022<\/h3>\r\n<p>ONLINE SESSIONS:<br \/>MONDAY &amp; WEDNESDAY 4:30 PM (CT) COURSE LANGUAGE:<br \/><strong>ENGLISH<\/strong><\/p>\r\n<h3>YOU'LL NEED<\/h3>\r\n<ul>\r\n<li>DRAWING COMPASS<\/li>\r\n<li>PENCIL AND RULE<\/li>\r\n<li>COLOR MARKERS<\/li>\r\n<li>WHITE SHEETS<\/li>\r\n<li>TABLET WITH APP &quot;SKETCHES&quot; AND &quot;EUCLIDEA&quot; (OPTIONAL)<\/li>\r\n<\/ul>\r\n<h3>INCLUDES:<\/h3>\r\n<ul>\r\n<li>6 live online practical sessions of 60 minutes<\/li>\r\n<li>3 online Q&amp;A sessions of 40 minutes<\/li>\r\n<li>Digital Tools<\/li>\r\n<li>Access to the Sacred Geometry virtual community<\/li>\r\n<li>Permission to record the sessions<\/li>\r\n<\/ul>","protected":false},"excerpt":{"rendered":"<div class=\"pp-heading pp-left\">\n<div class=\"pp-heading pp-left\">\n<h3 class=\"heading-title\"><span class=\"title-text pp-primary-title\">START: JANUARY 24, 2022<\/span><\/h3>\n<\/div>\n<div class=\"pp-sub-heading\">ONLINE SESSIONS: MONDAY &amp; WEDNESDAY 4:30 PM (CT)<br \/>COURSE LANGUAGE: <strong>ENGLISH<\/strong><\/p>\n<div class=\"pp-heading pp-left\">\n<h3 class=\"heading-title\"><span class=\"title-text pp-primary-title\">YOU'LL NEED<\/span><\/h3>\n<\/div>\n<div class=\"pp-sub-heading\">\n<ul>\n<li>DRAWING COMPASS<\/li>\n<li>PENCIL AND RULE<\/li>\n<li>COLOR MARKERS<\/li>\n<li>WHITE SHEETS<\/li>\n<li>TABLET WITH APP &quot;SKETCHES&quot; AND &quot;EUCLIDEA&quot; (OPTIONAL)<\/li>\n<\/ul>\n<h3 class=\"pp-heading pp-left\"><span class=\"title-text pp-primary-title\">INCLUDES:<\/span><\/h3>\n<div class=\"pp-sub-heading\">\n<ul class=\"pp-pricing-table-features\">\n<li class=\"pp-pricing-table-item-1\">6 live online practical sessions of 60 minutes<\/li>\n<li class=\"pp-pricing-table-item-2\">3 online Q&amp;A sessions of 40 minutes<\/li>\n<li class=\"pp-pricing-table-item-3\">Digital Tools<\/li>\n<li class=\"pp-pricing-table-item-4\">Access to the Sacred Geometry virtual community<\/li>\n<li class=\"pp-pricing-table-item-5\">Permission to record the sessions<\/li>\n<\/ul>\n<p><strong>Please choose the option &quot;PayPal&quot; or &quot;Credit or Debit Card&quot; to make your payment<\/strong>. Once the payment is made, you will receive in less than 24 hours a confirmation message from Hunab Amaya providing you with the access codes to the online sessions.<\/p>\n<\/div>\n<\/div>\n<\/div>\n<\/div>","protected":false},"featured_media":684,"comment_status":"open","ping_status":"closed","template":"","meta":[],"product_brand":[],"product_cat":[24],"product_tag":[25,29,27,28,30,26],"class_list":{"0":"post-683","1":"product","2":"type-product","3":"status-publish","4":"has-post-thumbnail","6":"product_cat-curso-online","7":"product_tag-geometria","8":"product_tag-geometry","9":"product_tag-online","10":"product_tag-sacred","11":"product_tag-sacred-geometry","12":"product_tag-sagrada","14":"first","15":"instock","16":"virtual","17":"purchasable","18":"product-type-simple"},"yoast_head":"<!-- This site is optimized with the Yoast SEO plugin v27.5 - https:\/\/yoast.com\/product\/yoast-seo-wordpress\/ -->\n<title>Geometr\u00eda Sagrada Curso Online - Legatto<\/title>\n<meta name=\"description\" content=\"Curso online de geometr\u00eda sagrada en ingl\u00e9s. S\u00f3lo comp\u00e1s de dibujo y regla. 2 sesiones online a la semana durante 5 semanas.\" \/>\n<meta name=\"robots\" content=\"index, follow, max-snippet:-1, max-image-preview:large, max-video-preview:-1\" \/>\n<link rel=\"canonical\" href=\"https:\/\/legatto.space\/en\/product\/sgc\/\" \/>\n<meta property=\"og:locale\" content=\"en_US\" \/>\n<meta property=\"og:type\" content=\"article\" \/>\n<meta property=\"og:title\" content=\"Geometr\u00eda Sagrada Curso Online - Legatto\" \/>\n<meta property=\"og:description\" content=\"Curso online de geometr\u00eda sagrada en ingl\u00e9s. S\u00f3lo comp\u00e1s de dibujo y regla. 2 sesiones online a la semana durante 5 semanas.\" \/>\n<meta property=\"og:url\" content=\"https:\/\/legatto.space\/en\/product\/sgc\/\" \/>\n<meta property=\"og:site_name\" content=\"Legatto\" \/>\n<meta property=\"article:modified_time\" content=\"2022-01-16T00:10:12+00:00\" \/>\n<meta property=\"og:image\" content=\"https:\/\/legatto.space\/wp-content\/uploads\/2021\/12\/1-1.jpg\" \/>\n\t<meta property=\"og:image:width\" content=\"1080\" \/>\n\t<meta property=\"og:image:height\" content=\"1080\" \/>\n\t<meta property=\"og:image:type\" content=\"image\/jpeg\" \/>\n<meta name=\"twitter:card\" content=\"summary_large_image\" \/>\n<meta name=\"twitter:label1\" content=\"Est. reading time\" \/>\n\t<meta name=\"twitter:data1\" content=\"1 minute\" \/>\n<script type=\"application\/ld+json\" class=\"yoast-schema-graph\">{\"@context\":\"https:\\\/\\\/schema.org\",\"@graph\":[{\"@type\":\"WebPage\",\"@id\":\"https:\\\/\\\/legatto.space\\\/producto\\\/sgc\\\/\",\"url\":\"https:\\\/\\\/legatto.space\\\/producto\\\/sgc\\\/\",\"name\":\"Geometr\u00eda Sagrada Curso Online - Legatto\",\"isPartOf\":{\"@id\":\"https:\\\/\\\/legatto.space\\\/#website\"},\"primaryImageOfPage\":{\"@id\":\"https:\\\/\\\/legatto.space\\\/producto\\\/sgc\\\/#primaryimage\"},\"image\":{\"@id\":\"https:\\\/\\\/legatto.space\\\/producto\\\/sgc\\\/#primaryimage\"},\"thumbnailUrl\":\"https:\\\/\\\/legatto.space\\\/wp-content\\\/uploads\\\/2021\\\/12\\\/1-1.jpg\",\"datePublished\":\"2021-12-24T18:42:44+00:00\",\"dateModified\":\"2022-01-16T00:10:12+00:00\",\"description\":\"Curso online de geometr\u00eda sagrada en ingl\u00e9s. S\u00f3lo comp\u00e1s de dibujo y regla. 2 sesiones online a la semana durante 5 semanas.\",\"breadcrumb\":{\"@id\":\"https:\\\/\\\/legatto.space\\\/producto\\\/sgc\\\/#breadcrumb\"},\"inLanguage\":\"en-US\",\"potentialAction\":[{\"@type\":\"ReadAction\",\"target\":[\"https:\\\/\\\/legatto.space\\\/producto\\\/sgc\\\/\"]}]},{\"@type\":\"ImageObject\",\"inLanguage\":\"en-US\",\"@id\":\"https:\\\/\\\/legatto.space\\\/producto\\\/sgc\\\/#primaryimage\",\"url\":\"https:\\\/\\\/legatto.space\\\/wp-content\\\/uploads\\\/2021\\\/12\\\/1-1.jpg\",\"contentUrl\":\"https:\\\/\\\/legatto.space\\\/wp-content\\\/uploads\\\/2021\\\/12\\\/1-1.jpg\",\"width\":1080,\"height\":1080},{\"@type\":\"BreadcrumbList\",\"@id\":\"https:\\\/\\\/legatto.space\\\/producto\\\/sgc\\\/#breadcrumb\",\"itemListElement\":[{\"@type\":\"ListItem\",\"position\":1,\"name\":\"Portada\",\"item\":\"https:\\\/\\\/legatto.space\\\/\"},{\"@type\":\"ListItem\",\"position\":2,\"name\":\"Tienda\",\"item\":\"https:\\\/\\\/legatto.space\\\/tienda\\\/\"},{\"@type\":\"ListItem\",\"position\":3,\"name\":\"Geometr\u00eda Sagrada Curso Online\"}]},{\"@type\":\"WebSite\",\"@id\":\"https:\\\/\\\/legatto.space\\\/#website\",\"url\":\"https:\\\/\\\/legatto.space\\\/\",\"name\":\"Legatto\",\"description\":\"Consciencia Musical\",\"publisher\":{\"@id\":\"https:\\\/\\\/legatto.space\\\/#organization\"},\"potentialAction\":[{\"@type\":\"SearchAction\",\"target\":{\"@type\":\"EntryPoint\",\"urlTemplate\":\"https:\\\/\\\/legatto.space\\\/?s={search_term_string}\"},\"query-input\":{\"@type\":\"PropertyValueSpecification\",\"valueRequired\":true,\"valueName\":\"search_term_string\"}}],\"inLanguage\":\"en-US\"},{\"@type\":\"Organization\",\"@id\":\"https:\\\/\\\/legatto.space\\\/#organization\",\"name\":\"Legatto Institute\",\"url\":\"https:\\\/\\\/legatto.space\\\/\",\"logo\":{\"@type\":\"ImageObject\",\"inLanguage\":\"en-US\",\"@id\":\"https:\\\/\\\/legatto.space\\\/#\\\/schema\\\/logo\\\/image\\\/\",\"url\":\"https:\\\/\\\/legatto.space\\\/wp-content\\\/uploads\\\/2021\\\/07\\\/Legatto-Logo-Final.png\",\"contentUrl\":\"https:\\\/\\\/legatto.space\\\/wp-content\\\/uploads\\\/2021\\\/07\\\/Legatto-Logo-Final.png\",\"width\":1424,\"height\":508,\"caption\":\"Legatto Institute\"},\"image\":{\"@id\":\"https:\\\/\\\/legatto.space\\\/#\\\/schema\\\/logo\\\/image\\\/\"}}]}<\/script>\n<!-- \/ Yoast SEO plugin. -->","yoast_head_json":{"title":"Geometr\u00eda Sagrada Curso Online - Legatto","description":"Curso online de geometr\u00eda sagrada en ingl\u00e9s. S\u00f3lo comp\u00e1s de dibujo y regla. 2 sesiones online a la semana durante 5 semanas.","robots":{"index":"index","follow":"follow","max-snippet":"max-snippet:-1","max-image-preview":"max-image-preview:large","max-video-preview":"max-video-preview:-1"},"canonical":"https:\/\/legatto.space\/en\/product\/sgc\/","og_locale":"en_US","og_type":"article","og_title":"Geometr\u00eda Sagrada Curso Online - Legatto","og_description":"Curso online de geometr\u00eda sagrada en ingl\u00e9s. S\u00f3lo comp\u00e1s de dibujo y regla. 2 sesiones online a la semana durante 5 semanas.","og_url":"https:\/\/legatto.space\/en\/product\/sgc\/","og_site_name":"Legatto","article_modified_time":"2022-01-16T00:10:12+00:00","og_image":[{"width":1080,"height":1080,"url":"https:\/\/legatto.space\/wp-content\/uploads\/2021\/12\/1-1.jpg","type":"image\/jpeg"}],"twitter_card":"summary_large_image","twitter_misc":{"Est. reading time":"1 minute"},"schema":{"@context":"https:\/\/schema.org","@graph":[{"@type":"WebPage","@id":"https:\/\/legatto.space\/producto\/sgc\/","url":"https:\/\/legatto.space\/producto\/sgc\/","name":"Geometr\u00eda Sagrada Curso Online - Legatto","isPartOf":{"@id":"https:\/\/legatto.space\/#website"},"primaryImageOfPage":{"@id":"https:\/\/legatto.space\/producto\/sgc\/#primaryimage"},"image":{"@id":"https:\/\/legatto.space\/producto\/sgc\/#primaryimage"},"thumbnailUrl":"https:\/\/legatto.space\/wp-content\/uploads\/2021\/12\/1-1.jpg","datePublished":"2021-12-24T18:42:44+00:00","dateModified":"2022-01-16T00:10:12+00:00","description":"Curso online de geometr\u00eda sagrada en ingl\u00e9s. S\u00f3lo comp\u00e1s de dibujo y regla. 2 sesiones online a la semana durante 5 semanas.","breadcrumb":{"@id":"https:\/\/legatto.space\/producto\/sgc\/#breadcrumb"},"inLanguage":"en-US","potentialAction":[{"@type":"ReadAction","target":["https:\/\/legatto.space\/producto\/sgc\/"]}]},{"@type":"ImageObject","inLanguage":"en-US","@id":"https:\/\/legatto.space\/producto\/sgc\/#primaryimage","url":"https:\/\/legatto.space\/wp-content\/uploads\/2021\/12\/1-1.jpg","contentUrl":"https:\/\/legatto.space\/wp-content\/uploads\/2021\/12\/1-1.jpg","width":1080,"height":1080},{"@type":"BreadcrumbList","@id":"https:\/\/legatto.space\/producto\/sgc\/#breadcrumb","itemListElement":[{"@type":"ListItem","position":1,"name":"Portada","item":"https:\/\/legatto.space\/"},{"@type":"ListItem","position":2,"name":"Tienda","item":"https:\/\/legatto.space\/tienda\/"},{"@type":"ListItem","position":3,"name":"Geometr\u00eda Sagrada Curso Online"}]},{"@type":"WebSite","@id":"https:\/\/legatto.space\/#website","url":"https:\/\/legatto.space\/","name":"Legatto","description":"Musical Consciousness","publisher":{"@id":"https:\/\/legatto.space\/#organization"},"potentialAction":[{"@type":"SearchAction","target":{"@type":"EntryPoint","urlTemplate":"https:\/\/legatto.space\/?s={search_term_string}"},"query-input":{"@type":"PropertyValueSpecification","valueRequired":true,"valueName":"search_term_string"}}],"inLanguage":"en-US"},{"@type":"Organization","@id":"https:\/\/legatto.space\/#organization","name":"Legatto Institute","url":"https:\/\/legatto.space\/","logo":{"@type":"ImageObject","inLanguage":"en-US","@id":"https:\/\/legatto.space\/#\/schema\/logo\/image\/","url":"https:\/\/legatto.space\/wp-content\/uploads\/2021\/07\/Legatto-Logo-Final.png","contentUrl":"https:\/\/legatto.space\/wp-content\/uploads\/2021\/07\/Legatto-Logo-Final.png","width":1424,"height":508,"caption":"Legatto Institute"},"image":{"@id":"https:\/\/legatto.space\/#\/schema\/logo\/image\/"}}]}},"jetpack_sharing_enabled":true,"_links":{"self":[{"href":"https:\/\/legatto.space\/en\/wp-json\/wp\/v2\/product\/683","targetHints":{"allow":["GET"]}}],"collection":[{"href":"https:\/\/legatto.space\/en\/wp-json\/wp\/v2\/product"}],"about":[{"href":"https:\/\/legatto.space\/en\/wp-json\/wp\/v2\/types\/product"}],"replies":[{"embeddable":true,"href":"https:\/\/legatto.space\/en\/wp-json\/wp\/v2\/comments?post=683"}],"wp:featuredmedia":[{"embeddable":true,"href":"https:\/\/legatto.space\/en\/wp-json\/wp\/v2\/media\/684"}],"wp:attachment":[{"href":"https:\/\/legatto.space\/en\/wp-json\/wp\/v2\/media?parent=683"}],"wp:term":[{"taxonomy":"product_brand","embeddable":true,"href":"https:\/\/legatto.space\/en\/wp-json\/wp\/v2\/product_brand?post=683"},{"taxonomy":"product_cat","embeddable":true,"href":"https:\/\/legatto.space\/en\/wp-json\/wp\/v2\/product_cat?post=683"},{"taxonomy":"product_tag","embeddable":true,"href":"https:\/\/legatto.space\/en\/wp-json\/wp\/v2\/product_tag?post=683"}],"curies":[{"name":"wp","href":"https:\/\/api.w.org\/{rel}","templated":true}]}}